{"id":20136,"date":"2025-04-29T10:22:37","date_gmt":"2025-04-29T10:22:37","guid":{"rendered":"https:\/\/www.yuyamobilya.com\/?post_type=product&#038;p=20136"},"modified":"2025-04-29T10:22:38","modified_gmt":"2025-04-29T10:22:38","slug":"brown-diamond-cift-kisilik-yatak","status":"publish","type":"product","link":"https:\/\/www.yuyamobilya.com\/it\/product\/brown-diamond-cift-kisilik-yatak\/","title":{"rendered":"Brown D\u0131amond \u00c7ift Ki\u015filik Yatak"},"content":{"rendered":"<h2 style=\"text-align: center;\"><strong>\u00dcr\u00fcn A\u00e7\u0131klamas\u0131:<\/strong><\/h2>\n<ul>\n<li>\n<p class=\"\" data-start=\"3747\" data-end=\"3845\">\u00c7ift ki\u015filik yatak, ergonomik tasar\u0131m\u0131 ve hava ge\u00e7irgen y\u00fczeyi ile gece boyu ferah bir uyku sunar.<\/p>\n<p class=\"\" data-start=\"3847\" data-end=\"3864\"><strong data-start=\"3847\" data-end=\"3862\">\u00d6zellikler:<\/strong><\/p>\n<ul data-start=\"3865\" data-end=\"3960\">\n<li class=\"\" data-start=\"3865\" data-end=\"3885\">\n<p class=\"\" data-start=\"3867\" data-end=\"3885\">Ergonomik destek<\/p>\n<\/li>\n<li class=\"\" data-start=\"3886\" data-end=\"3909\">\n<p class=\"\" data-start=\"3888\" data-end=\"3909\">Hava ge\u00e7irgen y\u00fczey<\/p>\n<\/li>\n<li class=\"\" data-start=\"3910\" data-end=\"3926\">\n<p class=\"\" data-start=\"3912\" data-end=\"3926\">Orta sertlik<\/p>\n<\/li>\n<li class=\"\" data-start=\"3927\" data-end=\"3943\">\n<p class=\"\" data-start=\"3929\" data-end=\"3943\">Is\u0131 kontrol\u00fc<\/p>\n<\/li>\n<li class=\"\" data-start=\"3944\" data-end=\"3960\">\n<p class=\"\" data-start=\"3946\" data-end=\"3960\">Sa\u011flam malzeme<\/p>\n<\/li>\n<\/ul>\n<\/li>\n<\/ul>","protected":false},"excerpt":{"rendered":"<p>\u00dcr\u00fcn A\u00e7\u0131klamas\u0131: \u00c7ift ki\u015filik yatak, ergonomik tasar\u0131m\u0131 ve hava ge\u00e7irgen y\u00fczeyi ile gece boyu ferah bir uyku sunar. \u00d6zellikler: Ergonomik destek Hava ge\u00e7irgen y\u00fczey Orta sertlik Is\u0131 kontrol\u00fc Sa\u011flam malzeme<\/p>","protected":false},"featured_media":20174,"comment_status":"open","ping_status":"closed","template":"","meta":[],"product_brand":[],"product_cat":[133],"product_tag":[],"class_list":{"0":"post-20136","1":"product","2":"type-product","3":"status-publish","4":"has-post-thumbnail","6":"product_cat-yataklar","8":"first","9":"instock","10":"sale","11":"shipping-taxable","12":"purchasable","13":"product-type-simple"},"_links":{"self":[{"href":"https:\/\/www.yuyamobilya.com\/it\/wp-json\/wp\/v2\/product\/20136","targetHints":{"allow":["GET"]}}],"collection":[{"href":"https:\/\/www.yuyamobilya.com\/it\/wp-json\/wp\/v2\/product"}],"about":[{"href":"https:\/\/www.yuyamobilya.com\/it\/wp-json\/wp\/v2\/types\/product"}],"replies":[{"embeddable":true,"href":"https:\/\/www.yuyamobilya.com\/it\/wp-json\/wp\/v2\/comments?post=20136"}],"wp:featuredmedia":[{"embeddable":true,"href":"https:\/\/www.yuyamobilya.com\/it\/wp-json\/wp\/v2\/media\/20174"}],"wp:attachment":[{"href":"https:\/\/www.yuyamobilya.com\/it\/wp-json\/wp\/v2\/media?parent=20136"}],"wp:term":[{"taxonomy":"product_brand","embeddable":true,"href":"https:\/\/www.yuyamobilya.com\/it\/wp-json\/wp\/v2\/product_brand?post=20136"},{"taxonomy":"product_cat","embeddable":true,"href":"https:\/\/www.yuyamobilya.com\/it\/wp-json\/wp\/v2\/product_cat?post=20136"},{"taxonomy":"product_tag","embeddable":true,"href":"https:\/\/www.yuyamobilya.com\/it\/wp-json\/wp\/v2\/product_tag?post=20136"}],"curies":[{"name":"wp","href":"https:\/\/api.w.org\/{rel}","templated":true}]}}