{"id":20128,"date":"2025-04-29T10:25:07","date_gmt":"2025-04-29T10:25:07","guid":{"rendered":"https:\/\/www.yuyamobilya.com\/?post_type=product&#038;p=20128"},"modified":"2025-04-29T10:25:07","modified_gmt":"2025-04-29T10:25:07","slug":"fluffy-cift-kisilik-yatak","status":"publish","type":"product","link":"https:\/\/www.yuyamobilya.com\/it\/product\/fluffy-cift-kisilik-yatak\/","title":{"rendered":"Fluffy \u00c7ift Ki\u015filik Yatak"},"content":{"rendered":"<h2 style=\"text-align: center;\"><strong>\u00dcr\u00fcn A\u00e7\u0131klamas\u0131:<\/strong><\/h2>\n<ul>\n<li>\n<p class=\"\" data-start=\"5120\" data-end=\"5223\">Orta sert tasar\u0131m\u0131 ile s\u0131rt\u0131 destekleyen \u00e7ift ki\u015filik yatak, gece boyunca ferah bir uyku ortam\u0131 sa\u011flar.<\/p>\n<p class=\"\" data-start=\"5225\" data-end=\"5242\"><strong data-start=\"5225\" data-end=\"5240\">\u00d6zellikler:<\/strong><\/p>\n<ul data-start=\"5243\" data-end=\"5343\">\n<li class=\"\" data-start=\"5243\" data-end=\"5263\">\n<p class=\"\" data-start=\"5245\" data-end=\"5263\">Orta sert destek<\/p>\n<\/li>\n<li class=\"\" data-start=\"5264\" data-end=\"5288\">\n<p class=\"\" data-start=\"5266\" data-end=\"5288\">Nefes alabilen y\u00fczey<\/p>\n<\/li>\n<li class=\"\" data-start=\"5289\" data-end=\"5304\">\n<p class=\"\" data-start=\"5291\" data-end=\"5304\">Is\u0131 dengesi<\/p>\n<\/li>\n<li class=\"\" data-start=\"5305\" data-end=\"5320\">\n<p class=\"\" data-start=\"5307\" data-end=\"5320\">Sa\u011flam yap\u0131<\/p>\n<\/li>\n<li class=\"\" data-start=\"5321\" data-end=\"5343\">\n<p class=\"\" data-start=\"5323\" data-end=\"5343\">Uzun s\u00fcreli rahatl\u0131k<\/p>\n<\/li>\n<\/ul>\n<\/li>\n<\/ul>","protected":false},"excerpt":{"rendered":"<p>\u00dcr\u00fcn A\u00e7\u0131klamas\u0131: Orta sert tasar\u0131m\u0131 ile s\u0131rt\u0131 destekleyen \u00e7ift ki\u015filik yatak, gece boyunca ferah bir uyku ortam\u0131 sa\u011flar. \u00d6zellikler: Orta sert destek Nefes alabilen y\u00fczey Is\u0131 dengesi Sa\u011flam yap\u0131 Uzun s\u00fcreli rahatl\u0131k<\/p>","protected":false},"featured_media":20186,"comment_status":"open","ping_status":"closed","template":"","meta":[],"product_brand":[],"product_cat":[133],"product_tag":[],"class_list":{"0":"post-20128","1":"product","2":"type-product","3":"status-publish","4":"has-post-thumbnail","6":"product_cat-yataklar","8":"first","9":"instock","10":"sale","11":"shipping-taxable","12":"purchasable","13":"product-type-simple"},"_links":{"self":[{"href":"https:\/\/www.yuyamobilya.com\/it\/wp-json\/wp\/v2\/product\/20128","targetHints":{"allow":["GET"]}}],"collection":[{"href":"https:\/\/www.yuyamobilya.com\/it\/wp-json\/wp\/v2\/product"}],"about":[{"href":"https:\/\/www.yuyamobilya.com\/it\/wp-json\/wp\/v2\/types\/product"}],"replies":[{"embeddable":true,"href":"https:\/\/www.yuyamobilya.com\/it\/wp-json\/wp\/v2\/comments?post=20128"}],"wp:featuredmedia":[{"embeddable":true,"href":"https:\/\/www.yuyamobilya.com\/it\/wp-json\/wp\/v2\/media\/20186"}],"wp:attachment":[{"href":"https:\/\/www.yuyamobilya.com\/it\/wp-json\/wp\/v2\/media?parent=20128"}],"wp:term":[{"taxonomy":"product_brand","embeddable":true,"href":"https:\/\/www.yuyamobilya.com\/it\/wp-json\/wp\/v2\/product_brand?post=20128"},{"taxonomy":"product_cat","embeddable":true,"href":"https:\/\/www.yuyamobilya.com\/it\/wp-json\/wp\/v2\/product_cat?post=20128"},{"taxonomy":"product_tag","embeddable":true,"href":"https:\/\/www.yuyamobilya.com\/it\/wp-json\/wp\/v2\/product_tag?post=20128"}],"curies":[{"name":"wp","href":"https:\/\/api.w.org\/{rel}","templated":true}]}}