{"id":20123,"date":"2025-04-29T10:27:04","date_gmt":"2025-04-29T10:27:04","guid":{"rendered":"https:\/\/www.yuyamobilya.com\/?post_type=product&#038;p=20123"},"modified":"2025-04-29T10:27:04","modified_gmt":"2025-04-29T10:27:04","slug":"immune-defense-cift-kisilik-yatak","status":"publish","type":"product","link":"https:\/\/www.yuyamobilya.com\/it\/product\/immune-defense-cift-kisilik-yatak\/","title":{"rendered":"immune Defense \u00c7ift Ki\u015filik Yatak"},"content":{"rendered":"<h2 style=\"text-align: center;\"><strong>\u00dcr\u00fcn A\u00e7\u0131klamas\u0131:<\/strong><\/h2>\n<ul>\n<li>\n<p class=\"\" data-start=\"6276\" data-end=\"6380\">\u00c7ift ki\u015filik yatak, dayan\u0131kl\u0131 malzemeleri ve nefes alabilen yap\u0131s\u0131yla uzun y\u0131llar rahat bir uyku sa\u011flar.<\/p>\n<p class=\"\" data-start=\"6382\" data-end=\"6399\"><strong data-start=\"6382\" data-end=\"6397\">\u00d6zellikler:<\/strong><\/p>\n<ul data-start=\"6400\" data-end=\"6498\">\n<li class=\"\" data-start=\"6400\" data-end=\"6421\">\n<p class=\"\" data-start=\"6402\" data-end=\"6421\">Dayan\u0131kl\u0131 malzeme<\/p>\n<\/li>\n<li class=\"\" data-start=\"6422\" data-end=\"6446\">\n<p class=\"\" data-start=\"6424\" data-end=\"6446\">Nefes alabilen kuma\u015f<\/p>\n<\/li>\n<li class=\"\" data-start=\"6447\" data-end=\"6463\">\n<p class=\"\" data-start=\"6449\" data-end=\"6463\">Orta sertlik<\/p>\n<\/li>\n<li class=\"\" data-start=\"6464\" data-end=\"6481\">\n<p class=\"\" data-start=\"6466\" data-end=\"6481\">Is\u0131 dengeleme<\/p>\n<\/li>\n<li class=\"\" data-start=\"6482\" data-end=\"6498\">\n<p class=\"\" data-start=\"6484\" data-end=\"6498\">Konforlu y\u00fczey<\/p>\n<\/li>\n<\/ul>\n<\/li>\n<\/ul>","protected":false},"excerpt":{"rendered":"<p>\u00dcr\u00fcn A\u00e7\u0131klamas\u0131: \u00c7ift ki\u015filik yatak, dayan\u0131kl\u0131 malzemeleri ve nefes alabilen yap\u0131s\u0131yla uzun y\u0131llar rahat bir uyku sa\u011flar. \u00d6zellikler: Dayan\u0131kl\u0131 malzeme Nefes alabilen kuma\u015f Orta sertlik Is\u0131 dengeleme Konforlu y\u00fczey<\/p>","protected":false},"featured_media":20196,"comment_status":"open","ping_status":"closed","template":"","meta":[],"product_brand":[],"product_cat":[133],"product_tag":[],"class_list":{"0":"post-20123","1":"product","2":"type-product","3":"status-publish","4":"has-post-thumbnail","6":"product_cat-yataklar","8":"first","9":"instock","10":"sale","11":"shipping-taxable","12":"purchasable","13":"product-type-simple"},"_links":{"self":[{"href":"https:\/\/www.yuyamobilya.com\/it\/wp-json\/wp\/v2\/product\/20123","targetHints":{"allow":["GET"]}}],"collection":[{"href":"https:\/\/www.yuyamobilya.com\/it\/wp-json\/wp\/v2\/product"}],"about":[{"href":"https:\/\/www.yuyamobilya.com\/it\/wp-json\/wp\/v2\/types\/product"}],"replies":[{"embeddable":true,"href":"https:\/\/www.yuyamobilya.com\/it\/wp-json\/wp\/v2\/comments?post=20123"}],"wp:featuredmedia":[{"embeddable":true,"href":"https:\/\/www.yuyamobilya.com\/it\/wp-json\/wp\/v2\/media\/20196"}],"wp:attachment":[{"href":"https:\/\/www.yuyamobilya.com\/it\/wp-json\/wp\/v2\/media?parent=20123"}],"wp:term":[{"taxonomy":"product_brand","embeddable":true,"href":"https:\/\/www.yuyamobilya.com\/it\/wp-json\/wp\/v2\/product_brand?post=20123"},{"taxonomy":"product_cat","embeddable":true,"href":"https:\/\/www.yuyamobilya.com\/it\/wp-json\/wp\/v2\/product_cat?post=20123"},{"taxonomy":"product_tag","embeddable":true,"href":"https:\/\/www.yuyamobilya.com\/it\/wp-json\/wp\/v2\/product_tag?post=20123"}],"curies":[{"name":"wp","href":"https:\/\/api.w.org\/{rel}","templated":true}]}}