{"id":20121,"date":"2025-04-29T10:15:46","date_gmt":"2025-04-29T10:15:46","guid":{"rendered":"https:\/\/www.yuyamobilya.com\/?post_type=product&#038;p=20121"},"modified":"2025-04-29T10:15:46","modified_gmt":"2025-04-29T10:15:46","slug":"santa-cift-kisilik-yatak","status":"publish","type":"product","link":"https:\/\/www.yuyamobilya.com\/it\/product\/santa-cift-kisilik-yatak\/","title":{"rendered":"Santa \u00c7ift Ki\u015filik Yatak"},"content":{"rendered":"<h2 style=\"text-align: center;\"><strong>\u00dcr\u00fcn A\u00e7\u0131klamas\u0131:<\/strong><\/h2>\n<ul>\n<li>\n<p class=\"\" data-start=\"597\" data-end=\"747\">Sa\u011flam yap\u0131s\u0131 ve rahat dokusu ile \u00f6ne \u00e7\u0131kan \u00e7ift ki\u015filik yatak, uzun s\u00fcreli kullan\u0131m i\u00e7in idealdir. Terletmeyen kuma\u015f\u0131yla d\u00f6rt mevsim kullan\u0131m sa\u011flar.<\/p>\n<p class=\"\" data-start=\"749\" data-end=\"766\"><strong data-start=\"749\" data-end=\"764\">\u00d6zellikler:<\/strong><\/p>\n<ul data-start=\"767\" data-end=\"854\">\n<li class=\"\" data-start=\"767\" data-end=\"782\">\n<p class=\"\" data-start=\"769\" data-end=\"782\">Sa\u011flam yap\u0131<\/p>\n<\/li>\n<li class=\"\" data-start=\"783\" data-end=\"799\">\n<p class=\"\" data-start=\"785\" data-end=\"799\">Orta sertlik<\/p>\n<\/li>\n<li class=\"\" data-start=\"800\" data-end=\"820\">\n<p class=\"\" data-start=\"802\" data-end=\"820\">Nefes alan kuma\u015f<\/p>\n<\/li>\n<li class=\"\" data-start=\"821\" data-end=\"836\">\n<p class=\"\" data-start=\"823\" data-end=\"836\">Is\u0131 dengesi<\/p>\n<\/li>\n<li class=\"\" data-start=\"837\" data-end=\"854\">\n<p class=\"\" data-start=\"839\" data-end=\"854\">Dayan\u0131kl\u0131 dolgu<\/p>\n<\/li>\n<\/ul>\n<\/li>\n<\/ul>","protected":false},"excerpt":{"rendered":"<p>\u00dcr\u00fcn A\u00e7\u0131klamas\u0131: Sa\u011flam yap\u0131s\u0131 ve rahat dokusu ile \u00f6ne \u00e7\u0131kan \u00e7ift ki\u015filik yatak, uzun s\u00fcreli kullan\u0131m i\u00e7in idealdir. Terletmeyen kuma\u015f\u0131yla d\u00f6rt mevsim kullan\u0131m sa\u011flar. \u00d6zellikler: Sa\u011flam yap\u0131 Orta sertlik Nefes alan kuma\u015f Is\u0131 dengesi Dayan\u0131kl\u0131 dolgu<\/p>","protected":false},"featured_media":20148,"comment_status":"open","ping_status":"closed","template":"","meta":[],"product_brand":[],"product_cat":[133],"product_tag":[],"class_list":{"0":"post-20121","1":"product","2":"type-product","3":"status-publish","4":"has-post-thumbnail","6":"product_cat-yataklar","8":"first","9":"instock","10":"sale","11":"shipping-taxable","12":"purchasable","13":"product-type-simple"},"_links":{"self":[{"href":"https:\/\/www.yuyamobilya.com\/it\/wp-json\/wp\/v2\/product\/20121","targetHints":{"allow":["GET"]}}],"collection":[{"href":"https:\/\/www.yuyamobilya.com\/it\/wp-json\/wp\/v2\/product"}],"about":[{"href":"https:\/\/www.yuyamobilya.com\/it\/wp-json\/wp\/v2\/types\/product"}],"replies":[{"embeddable":true,"href":"https:\/\/www.yuyamobilya.com\/it\/wp-json\/wp\/v2\/comments?post=20121"}],"wp:featuredmedia":[{"embeddable":true,"href":"https:\/\/www.yuyamobilya.com\/it\/wp-json\/wp\/v2\/media\/20148"}],"wp:attachment":[{"href":"https:\/\/www.yuyamobilya.com\/it\/wp-json\/wp\/v2\/media?parent=20121"}],"wp:term":[{"taxonomy":"product_brand","embeddable":true,"href":"https:\/\/www.yuyamobilya.com\/it\/wp-json\/wp\/v2\/product_brand?post=20121"},{"taxonomy":"product_cat","embeddable":true,"href":"https:\/\/www.yuyamobilya.com\/it\/wp-json\/wp\/v2\/product_cat?post=20121"},{"taxonomy":"product_tag","embeddable":true,"href":"https:\/\/www.yuyamobilya.com\/it\/wp-json\/wp\/v2\/product_tag?post=20121"}],"curies":[{"name":"wp","href":"https:\/\/api.w.org\/{rel}","templated":true}]}}