{"id":19644,"date":"2025-04-20T09:18:22","date_gmt":"2025-04-20T09:18:22","guid":{"rendered":"https:\/\/www.yuyamobilya.com\/?post_type=product&#038;p=19644"},"modified":"2025-04-20T09:49:33","modified_gmt":"2025-04-20T09:49:33","slug":"aytasi-dugun-paketi","status":"publish","type":"product","link":"https:\/\/www.yuyamobilya.com\/it\/product\/aytasi-dugun-paketi\/","title":{"rendered":"Pacchetto matrimonio Moonstone"},"content":{"rendered":"<h2 style=\"text-align: center;\"><strong>\u00dcr\u00fcnleri A\u00e7\u0131klamas\u0131<\/strong><\/h2>\n<ul>\n<li><strong>6 kap\u0131l\u0131 dolap\u00a0<\/strong><\/li>\n<li><strong>2 adet komodin\u00a0<\/strong><\/li>\n<li><strong>1 adet \u015fifonyer aynas\u0131<\/strong><\/li>\n<li><strong>yatak + baza + ba\u015fl\u0131k\u00a0<\/strong><\/li>\n<li><strong>1 adet yemek masas\u0131<\/strong><\/li>\n<li><strong>4 adet sandalye<\/strong><\/li>\n<li><strong>1 adet konsol<\/strong><\/li>\n<li><strong>2 adet kanepe<\/strong><\/li>\n<li><strong>2 adet berjer<\/strong><\/li>\n<\/ul>","protected":false},"excerpt":{"rendered":"<p>\u00dcr\u00fcnleri A\u00e7\u0131klamas\u0131 6 kap\u0131l\u0131 dolap\u00a0 2 adet komodin\u00a0 1 adet \u015fifonyer aynas\u0131 yatak + baza + ba\u015fl\u0131k\u00a0 1 adet yemek masas\u0131 4 adet sandalye 1 adet konsol 2 adet kanepe 2 adet berjer<\/p>","protected":false},"featured_media":19899,"comment_status":"open","ping_status":"closed","template":"","meta":[],"product_brand":[],"product_cat":[138],"product_tag":[],"class_list":{"0":"post-19644","1":"product","2":"type-product","3":"status-publish","4":"has-post-thumbnail","6":"product_cat-dugun-paketi","8":"first","9":"instock","10":"sale","11":"shipping-taxable","12":"purchasable","13":"product-type-simple"},"_links":{"self":[{"href":"https:\/\/www.yuyamobilya.com\/it\/wp-json\/wp\/v2\/product\/19644","targetHints":{"allow":["GET"]}}],"collection":[{"href":"https:\/\/www.yuyamobilya.com\/it\/wp-json\/wp\/v2\/product"}],"about":[{"href":"https:\/\/www.yuyamobilya.com\/it\/wp-json\/wp\/v2\/types\/product"}],"replies":[{"embeddable":true,"href":"https:\/\/www.yuyamobilya.com\/it\/wp-json\/wp\/v2\/comments?post=19644"}],"wp:featuredmedia":[{"embeddable":true,"href":"https:\/\/www.yuyamobilya.com\/it\/wp-json\/wp\/v2\/media\/19899"}],"wp:attachment":[{"href":"https:\/\/www.yuyamobilya.com\/it\/wp-json\/wp\/v2\/media?parent=19644"}],"wp:term":[{"taxonomy":"product_brand","embeddable":true,"href":"https:\/\/www.yuyamobilya.com\/it\/wp-json\/wp\/v2\/product_brand?post=19644"},{"taxonomy":"product_cat","embeddable":true,"href":"https:\/\/www.yuyamobilya.com\/it\/wp-json\/wp\/v2\/product_cat?post=19644"},{"taxonomy":"product_tag","embeddable":true,"href":"https:\/\/www.yuyamobilya.com\/it\/wp-json\/wp\/v2\/product_tag?post=19644"}],"curies":[{"name":"wp","href":"https:\/\/api.w.org\/{rel}","templated":true}]}}