{"id":19545,"date":"2025-04-20T09:08:27","date_gmt":"2025-04-20T09:08:27","guid":{"rendered":"https:\/\/www.yuyamobilya.com\/?post_type=product&#038;p=19545"},"modified":"2025-05-12T16:14:26","modified_gmt":"2025-05-12T16:14:26","slug":"aden-yatak-odasi","status":"publish","type":"product","link":"https:\/\/www.yuyamobilya.com\/it\/product\/aden-yatak-odasi\/","title":{"rendered":"CAMERA DA LETTO ADEN"},"content":{"rendered":"<div class=\"woocommerce-tabs wc-tabs-wrapper\">\n<div id=\"tab-description\" class=\"woocommerce-Tabs-panel woocommerce-Tabs-panel--description panel entry-content wc-tab\" role=\"tabpanel\" aria-labelledby=\"tab-title-description\">\n<div class=\"container\">\n<h2 style=\"text-align: center;\">Descrizione del prodotto<\/h2>\n<p>Armadio a 6 ante<\/p>\n<p>1 cassettiera e specchio<\/p>\n<p>\u00c8 composto da 2 comodini e una testiera.<\/p>\n<p>Vengono utilizzati materiali di qualit\u00e0 conformi agli standard E1.<\/p>\n<p>Puoi pulire i nostri prodotti con un panno umido.<\/p>\n<p>Ha un grande volume interno.<\/p>\n<p>Realizzato in materiale MDF.<\/p>\n<p>&nbsp;<\/p>\n<h2 style=\"text-align: center;\">DIMENSIONI DEL PRODOTTO<\/h2>\n<div>\n<hr \/>\n<table border=\"0\" cellspacing=\"10px\" cellpadding=\"10px\">\n<tbody>\n<tr>\n<td><strong>Prodotti<\/strong><\/td>\n<td><strong>Larghezza<\/strong><\/td>\n<td><strong>Profondit\u00e0<\/strong><\/td>\n<td><strong>Altezza<\/strong><\/td>\n<\/tr>\n<tr>\n<td>Armadio a 6 ante<\/td>\n<td>240 cm<\/td>\n<td>60 cm<\/td>\n<td>220 cm<\/td>\n<\/tr>\n<tr>\n<td>Com\u00f2 e specchio<\/td>\n<td>130 centimetri<\/td>\n<td>41 centimetri<\/td>\n<td>85 centimetri<\/td>\n<\/tr>\n<tr>\n<td>Com\u00f2<\/td>\n<td>55 centimetri<\/td>\n<td>41 centimetri<\/td>\n<td>48 cm<\/td>\n<\/tr>\n<tr>\n<td>Struttura del letto (con base)<\/td>\n<td>160 centimetri<\/td>\n<td>200 centimetri<\/td>\n<td>- cm<\/td>\n<\/tr>\n<tr>\n<td>Titolo<\/td>\n<td>165 cm<\/td>\n<td>- cm<\/td>\n<td>140 cm<\/td>\n<\/tr>\n<\/tbody>\n<\/table>\n<\/div>\n<\/div>\n<\/div>\n<\/div>\n<section class=\"related products\">\n<h2><\/h2>\n<\/section>","protected":false},"excerpt":{"rendered":"<p>\u00dcr\u00fcn A\u00e7\u0131klamas\u0131 6 kap\u0131l\u0131 gard\u0131rop 1 adet \u015fifonyer ve aynas\u0131 2 adet komodin ve ba\u015fl\u0131ktan olu\u015fmaktad\u0131r. E1 standartlar\u0131na uygun kaliteli malzeme kullan\u0131lm\u0131\u015ft\u0131r. \u00dcr\u00fcnlerimizi nemli bir bez ile temizleyebilirsiniz. Geni\u015f i\u00e7 hacmine sahiptir. MDF malzemeden \u00fcretilmi\u015ftir. &nbsp; \u00dcR\u00dcN \u00d6L\u00c7\u00dcLER\u0130 \u00dcr\u00fcnler Geni\u015flik Derinlik Y\u00fckseklik 6 Kap\u0131l\u0131 Dolap 240 cm 60 cm 220 cm \u015eifonyer &amp; Ayna 130 [&hellip;]<\/p>","protected":false},"featured_media":19658,"comment_status":"open","ping_status":"closed","template":"","meta":[],"product_brand":[],"product_cat":[134],"product_tag":[],"class_list":{"0":"post-19545","1":"product","2":"type-product","3":"status-publish","4":"has-post-thumbnail","6":"product_cat-yatak-odasi","8":"first","9":"instock","10":"sale","11":"shipping-taxable","12":"purchasable","13":"product-type-simple"},"_links":{"self":[{"href":"https:\/\/www.yuyamobilya.com\/it\/wp-json\/wp\/v2\/product\/19545","targetHints":{"allow":["GET"]}}],"collection":[{"href":"https:\/\/www.yuyamobilya.com\/it\/wp-json\/wp\/v2\/product"}],"about":[{"href":"https:\/\/www.yuyamobilya.com\/it\/wp-json\/wp\/v2\/types\/product"}],"replies":[{"embeddable":true,"href":"https:\/\/www.yuyamobilya.com\/it\/wp-json\/wp\/v2\/comments?post=19545"}],"wp:featuredmedia":[{"embeddable":true,"href":"https:\/\/www.yuyamobilya.com\/it\/wp-json\/wp\/v2\/media\/19658"}],"wp:attachment":[{"href":"https:\/\/www.yuyamobilya.com\/it\/wp-json\/wp\/v2\/media?parent=19545"}],"wp:term":[{"taxonomy":"product_brand","embeddable":true,"href":"https:\/\/www.yuyamobilya.com\/it\/wp-json\/wp\/v2\/product_brand?post=19545"},{"taxonomy":"product_cat","embeddable":true,"href":"https:\/\/www.yuyamobilya.com\/it\/wp-json\/wp\/v2\/product_cat?post=19545"},{"taxonomy":"product_tag","embeddable":true,"href":"https:\/\/www.yuyamobilya.com\/it\/wp-json\/wp\/v2\/product_tag?post=19545"}],"curies":[{"name":"wp","href":"https:\/\/api.w.org\/{rel}","templated":true}]}}