{"id":19383,"date":"2025-04-20T08:49:32","date_gmt":"2025-04-20T08:49:32","guid":{"rendered":"https:\/\/www.yuyamobilya.com\/?post_type=product&#038;p=19383"},"modified":"2025-05-12T14:31:15","modified_gmt":"2025-05-12T14:31:15","slug":"varda-yatak-odasi","status":"publish","type":"product","link":"https:\/\/www.yuyamobilya.com\/it\/product\/varda-yatak-odasi\/","title":{"rendered":"Varda Yatak Odas\u0131"},"content":{"rendered":"<h2 style=\"text-align: center;\">Varda Yatak Odas\u0131<\/h2>\n<p>Armadio a 6 ante<\/p>\n<p>1 cassettiera e specchio<\/p>\n<p>\u00c8 composto da 2 comodini e una testiera.<\/p>\n<p>Vengono utilizzati materiali di qualit\u00e0 conformi agli standard E1.<\/p>\n<p>Puoi pulire i nostri prodotti con un panno umido.<\/p>\n<p>Ha un grande volume interno.<\/p>\n<p>Realizzato in materiale MDF.<\/p>\n<p>&nbsp;<\/p>\n<h2 style=\"text-align: center;\">DIMENSIONI DEL PRODOTTO<\/h2>\n<div>\n<hr \/>\n<table border=\"0\" cellspacing=\"10px\" cellpadding=\"10px\">\n<tbody>\n<tr>\n<td><strong>Prodotti<\/strong><\/td>\n<td><strong>Larghezza<\/strong><\/td>\n<td><strong>Profondit\u00e0<\/strong><\/td>\n<td><strong>Altezza<\/strong><\/td>\n<\/tr>\n<tr>\n<td>Armadio a 6 ante<\/td>\n<td>242 centimetri<\/td>\n<td>57 centimetri<\/td>\n<td>218 centimetri<\/td>\n<\/tr>\n<tr>\n<td>Com\u00f2 e specchio<\/td>\n<td>120 centimetri<\/td>\n<td>41 centimetri<\/td>\n<td>85 centimetri<\/td>\n<\/tr>\n<tr>\n<td>Com\u00f2<\/td>\n<td>58 centimetri<\/td>\n<td>43 centimetri<\/td>\n<td>53 cm<\/td>\n<\/tr>\n<tr>\n<td>Struttura del letto (con base)<\/td>\n<td>160 centimetri<\/td>\n<td>200 centimetri<\/td>\n<td>40 cm<\/td>\n<\/tr>\n<tr>\n<td>Titolo<\/td>\n<td>172 centimetri<\/td>\n<td>- cm<\/td>\n<td>130 centimetri<\/td>\n<\/tr>\n<\/tbody>\n<\/table>\n<\/div>","protected":false},"excerpt":{"rendered":"<p data-start=\"0\" data-end=\"276\">Yeni Akdeniz serimizden <strong data-start=\"24\" data-end=\"45\">Varda Yatak Odas\u0131<\/strong> ile modern ve \u015f\u0131k bir ya\u015fam alan\u0131 yarat\u0131n! Bu \u00f6zel tasar\u0131m, 100% MDF malzemeden \u00fcretilmi\u015f olup, estetik ve dayan\u0131kl\u0131l\u0131\u011f\u0131 bir arada sunuyor. Serinin her par\u00e7as\u0131, zamans\u0131z bir \u015f\u0131kl\u0131k ve fonksiyonellik i\u00e7in titizlikle tasarlanm\u0131\u015ft\u0131r.<\/p>\n<p data-start=\"278\" data-end=\"324\"><strong data-start=\"278\" data-end=\"306\">Varda Yatak Odas\u0131 Tak\u0131m\u0131<\/strong> \u015funlar\u0131 i\u00e7eriyor:<\/p>\n<ol data-start=\"326\" data-end=\"980\">\n<li data-start=\"326\" data-end=\"471\">\n<p data-start=\"329\" data-end=\"471\"><strong data-start=\"329\" data-end=\"353\">Yatak Baza ve Ba\u015fl\u0131k<\/strong>: Y\u00fcksek kaliteli malzemelerden \u00fcretilmi\u015f, zarif ba\u015fl\u0131k ve pratik baza ile konforu ve esteti\u011fi bir arada bulacaks\u0131n\u0131z.<\/p>\n<\/li>\n<li data-start=\"475\" data-end=\"696\">\n<p data-start=\"478\" data-end=\"696\"><strong data-start=\"478\" data-end=\"519\">6 Kapakl\u0131 \u00d6zel Membran Dokumal\u0131 Dolap<\/strong>: Bu dolap, geni\u015f depolama alan\u0131 sa\u011flamakla kalmaz, \u00f6zel membran dokusu sayesinde uzun \u00f6m\u00fcrl\u00fc ve estetik bir kullan\u0131m sunar. \u015e\u0131kl\u0131\u011f\u0131 ve fonksiyonelli\u011fiyle odan\u0131za de\u011fer katacak.<\/p>\n<\/li>\n<li data-start=\"698\" data-end=\"829\">\n<p data-start=\"701\" data-end=\"829\"><strong data-start=\"701\" data-end=\"719\">2 Adet Komodin<\/strong>: Yatak ba\u015fl\u0131\u011f\u0131yla uyumlu, kullan\u0131\u015fl\u0131 komodinler, ki\u015fisel e\u015fyalar\u0131n\u0131z\u0131 d\u00fczenli bir \u015fekilde saklaman\u0131z\u0131 sa\u011flar.<\/p>\n<\/li>\n<li data-start=\"831\" data-end=\"980\">\n<p data-start=\"834\" data-end=\"980\"><strong data-start=\"834\" data-end=\"856\">\u015eifonyer ve Aynas\u0131<\/strong>: Modern ve zarif bir \u015fifonyer, aynas\u0131yla odan\u0131za derinlik katarken, ayn\u0131 zamanda ihtiya\u00e7 duydu\u011funuz depolama alan\u0131n\u0131 sunar.<\/p>\n<\/li>\n<\/ol>\n<p data-start=\"982\" data-end=\"1236\" data-is-last-node=\"\" data-is-only-node=\"\">Her detay\u0131nda kaliteyi ve \u015f\u0131kl\u0131\u011f\u0131 hissedebilece\u011finiz <strong data-start=\"1035\" data-end=\"1056\">Varda Yatak Odas\u0131<\/strong> tak\u0131m\u0131, ya\u015fam alan\u0131n\u0131za zarif bir dokunu\u015f katacak ve rahatl\u0131\u011f\u0131n\u0131z\u0131 art\u0131racak. Hem g\u00f6rsel olarak g\u00f6z al\u0131c\u0131 hem de i\u015flevsel olan bu tak\u0131m, yatak odalar\u0131n\u0131za modern bir hava kat\u0131yor.<\/p>","protected":false},"featured_media":19495,"comment_status":"open","ping_status":"closed","template":"","meta":[],"product_brand":[],"product_cat":[150,134],"product_tag":[],"class_list":{"0":"post-19383","1":"product","2":"type-product","3":"status-publish","4":"has-post-thumbnail","6":"product_cat-genel","7":"product_cat-yatak-odasi","9":"first","10":"instock","11":"sale","12":"shipping-taxable","13":"purchasable","14":"product-type-simple"},"_links":{"self":[{"href":"https:\/\/www.yuyamobilya.com\/it\/wp-json\/wp\/v2\/product\/19383","targetHints":{"allow":["GET"]}}],"collection":[{"href":"https:\/\/www.yuyamobilya.com\/it\/wp-json\/wp\/v2\/product"}],"about":[{"href":"https:\/\/www.yuyamobilya.com\/it\/wp-json\/wp\/v2\/types\/product"}],"replies":[{"embeddable":true,"href":"https:\/\/www.yuyamobilya.com\/it\/wp-json\/wp\/v2\/comments?post=19383"}],"wp:featuredmedia":[{"embeddable":true,"href":"https:\/\/www.yuyamobilya.com\/it\/wp-json\/wp\/v2\/media\/19495"}],"wp:attachment":[{"href":"https:\/\/www.yuyamobilya.com\/it\/wp-json\/wp\/v2\/media?parent=19383"}],"wp:term":[{"taxonomy":"product_brand","embeddable":true,"href":"https:\/\/www.yuyamobilya.com\/it\/wp-json\/wp\/v2\/product_brand?post=19383"},{"taxonomy":"product_cat","embeddable":true,"href":"https:\/\/www.yuyamobilya.com\/it\/wp-json\/wp\/v2\/product_cat?post=19383"},{"taxonomy":"product_tag","embeddable":true,"href":"https:\/\/www.yuyamobilya.com\/it\/wp-json\/wp\/v2\/product_tag?post=19383"}],"curies":[{"name":"wp","href":"https:\/\/api.w.org\/{rel}","templated":true}]}}