{"id":19377,"date":"2025-04-20T08:49:32","date_gmt":"2025-04-20T08:49:32","guid":{"rendered":"https:\/\/www.yuyamobilya.com\/?post_type=product&#038;p=19377"},"modified":"2025-05-12T14:28:16","modified_gmt":"2025-05-12T14:28:16","slug":"mayra-yatak-odasi","status":"publish","type":"product","link":"https:\/\/www.yuyamobilya.com\/it\/product\/mayra-yatak-odasi\/","title":{"rendered":"Mayra Yatak Odas\u0131"},"content":{"rendered":"<h2 style=\"text-align: center;\">Mayra Yatak Odas\u0131<\/h2>\n<p>Armadio a 6 ante<\/p>\n<p>1 cassettiera e specchio<\/p>\n<p>\u00c8 composto da 2 comodini e una testiera.<\/p>\n<p>Vengono utilizzati materiali di qualit\u00e0 conformi agli standard E1.<\/p>\n<p>Puoi pulire i nostri prodotti con un panno umido.<\/p>\n<p>Ha un grande volume interno.<\/p>\n<p>Realizzato in materiale MDF.<\/p>\n<p>&nbsp;<\/p>\n<h2 style=\"text-align: center;\">DIMENSIONI DEL PRODOTTO<\/h2>\n<div>\n<hr \/>\n<table border=\"0\" cellspacing=\"10px\" cellpadding=\"10px\">\n<tbody>\n<tr>\n<td><strong>Prodotti<\/strong><\/td>\n<td><strong>Larghezza<\/strong><\/td>\n<td><strong>Profondit\u00e0<\/strong><\/td>\n<td><strong>Altezza<\/strong><\/td>\n<\/tr>\n<tr>\n<td>Armadio a 6 ante<\/td>\n<td>242 centimetri<\/td>\n<td>57 centimetri<\/td>\n<td>218 centimetri<\/td>\n<\/tr>\n<tr>\n<td>Com\u00f2 e specchio<\/td>\n<td>120 centimetri<\/td>\n<td>41 centimetri<\/td>\n<td>85 centimetri<\/td>\n<\/tr>\n<tr>\n<td>Com\u00f2<\/td>\n<td>58 centimetri<\/td>\n<td>43 centimetri<\/td>\n<td>53 cm<\/td>\n<\/tr>\n<tr>\n<td>Struttura del letto (con base)<\/td>\n<td>160 centimetri<\/td>\n<td>200 centimetri<\/td>\n<td>40 cm<\/td>\n<\/tr>\n<tr>\n<td>Titolo<\/td>\n<td>172 centimetri<\/td>\n<td>- cm<\/td>\n<td>130 centimetri<\/td>\n<\/tr>\n<\/tbody>\n<\/table>\n<\/div>","protected":false},"excerpt":{"rendered":"<p data-start=\"0\" data-end=\"292\">Mayra Yatak Odas\u0131, Yeni Akdeniz serimizin zarif ve fonksiyonel tasar\u0131mlar\u0131ndan biri olarak, modern ya\u015fam alanlar\u0131na \u015f\u0131kl\u0131k ve konfor kat\u0131yor. Bu \u00f6zel yatak odas\u0131 tak\u0131m\u0131, her detay\u0131yla g\u00f6z al\u0131c\u0131 bir uyum sunarak, kullan\u0131c\u0131lar\u0131n\u0131n ya\u015fam alanlar\u0131nda estetik ve rahatl\u0131k aray\u0131\u015flar\u0131n\u0131 kar\u015f\u0131l\u0131yor.<\/p>\n<p data-start=\"294\" data-end=\"315\"><strong data-start=\"294\" data-end=\"315\">\u00dcr\u00fcn \u00d6zellikleri:<\/strong><\/p>\n<ul data-start=\"317\" data-end=\"1515\">\n<li data-start=\"317\" data-end=\"528\">\n<p data-start=\"319\" data-end=\"528\"><strong data-start=\"319\" data-end=\"337\">100% MDF Yap\u0131:<\/strong> Mayra Yatak Odas\u0131, dayan\u0131kl\u0131 ve uzun \u00f6m\u00fcrl\u00fc kullan\u0131m i\u00e7in y\u00fcksek kaliteli %100 MDF malzeme ile \u00fcretilmi\u015ftir. Bu malzeme, hem estetik hem de sa\u011flaml\u0131k a\u00e7\u0131s\u0131ndan \u00fcst\u00fcn bir performans sergiler.<\/p>\n<\/li>\n<li data-start=\"532\" data-end=\"767\">\n<p data-start=\"534\" data-end=\"767\"><strong data-start=\"534\" data-end=\"565\">Yatak ve Baza Ba\u015fl\u0131k Dahil:<\/strong> Tak\u0131m, \u015f\u0131k bir yatak ba\u015fl\u0131\u011f\u0131 ve kullan\u0131\u015fl\u0131 bir baza ile tamamlanm\u0131\u015ft\u0131r. Yatak ba\u015fl\u0131\u011f\u0131, tasar\u0131m\u0131yla odan\u0131za zarif bir dokunu\u015f katar, baza ise depolama alan\u0131 sa\u011flayarak odan\u0131z\u0131 daha d\u00fczenli hale getirir.<\/p>\n<\/li>\n<li data-start=\"769\" data-end=\"1020\">\n<p data-start=\"771\" data-end=\"1020\"><strong data-start=\"771\" data-end=\"808\">6 Kapakl\u0131 Membran Dokumal\u0131 Dolap:<\/strong> \u00d6zel membran dokuma tekni\u011fiyle \u00fcretilmi\u015f olan 6 kapakl\u0131 dolap, hem estetik hem de fonksiyonel bir tasar\u0131m sunar. Geni\u015f i\u00e7 hacmi ile t\u00fcm e\u015fyalar\u0131n\u0131z\u0131 d\u00fczenli bir \u015fekilde saklayabilece\u011finiz pratik bir \u00e7\u00f6z\u00fcm sunar.<\/p>\n<\/li>\n<li data-start=\"1022\" data-end=\"1277\">\n<p data-start=\"1024\" data-end=\"1277\"><strong data-start=\"1024\" data-end=\"1040\">\u0130ki Komodin:<\/strong> Yatak ba\u015fl\u0131\u011f\u0131n\u0131n yanlar\u0131nda yer alan iki komodin, hem \u015f\u0131kl\u0131\u011f\u0131yla odan\u0131za uyum sa\u011flar hem de gerekli saklama alan\u0131n\u0131 sunar. Komodinler, \u00f6zellikle gece ihtiya\u00e7 duyabilece\u011finiz k\u00fc\u00e7\u00fck e\u015fyalar\u0131 d\u00fczenli bir \u015fekilde yerle\u015ftirmek i\u00e7in idealdir.<\/p>\n<\/li>\n<li data-start=\"1279\" data-end=\"1515\">\n<p data-start=\"1281\" data-end=\"1515\"><strong data-start=\"1281\" data-end=\"1302\">\u015eifonyer ve Ayna:<\/strong> \u015eifonyer, \u00e7ekmeceleriyle fazladan depolama alan\u0131 sa\u011flarken, \u015f\u0131kl\u0131\u011f\u0131yla odan\u0131n estetik b\u00fct\u00fcnl\u00fc\u011f\u00fcn\u00fc korur. \u015eifonyerin \u00fcst k\u0131sm\u0131ndaki ayna, hem i\u015flevsel hem de dekoratif bir \u00f6\u011fe olarak odaya zarif bir dokunu\u015f ekler.<\/p>\n<\/li>\n<\/ul>\n<p data-start=\"1517\" data-end=\"1751\" data-is-last-node=\"\" data-is-only-node=\"\">Mayra Yatak Odas\u0131, \u015f\u0131kl\u0131\u011f\u0131 ve fonksiyonelli\u011fi bir arada sunarak, modern ya\u015fam alanlar\u0131nda ihtiyac\u0131n\u0131z olan her \u015feyi d\u00fc\u015f\u00fcn\u00fcr. Zarif tasar\u0131m\u0131, kaliteli malzemeleri ve kullan\u0131\u015fl\u0131 detaylar\u0131yla odan\u0131za s\u0131cak ve \u015f\u0131k bir atmosfer katacakt\u0131r.<\/p>","protected":false},"featured_media":19453,"comment_status":"open","ping_status":"closed","template":"","meta":[],"product_brand":[],"product_cat":[150,134],"product_tag":[],"class_list":{"0":"post-19377","1":"product","2":"type-product","3":"status-publish","4":"has-post-thumbnail","6":"product_cat-genel","7":"product_cat-yatak-odasi","9":"first","10":"instock","11":"sale","12":"shipping-taxable","13":"purchasable","14":"product-type-simple"},"_links":{"self":[{"href":"https:\/\/www.yuyamobilya.com\/it\/wp-json\/wp\/v2\/product\/19377","targetHints":{"allow":["GET"]}}],"collection":[{"href":"https:\/\/www.yuyamobilya.com\/it\/wp-json\/wp\/v2\/product"}],"about":[{"href":"https:\/\/www.yuyamobilya.com\/it\/wp-json\/wp\/v2\/types\/product"}],"replies":[{"embeddable":true,"href":"https:\/\/www.yuyamobilya.com\/it\/wp-json\/wp\/v2\/comments?post=19377"}],"wp:featuredmedia":[{"embeddable":true,"href":"https:\/\/www.yuyamobilya.com\/it\/wp-json\/wp\/v2\/media\/19453"}],"wp:attachment":[{"href":"https:\/\/www.yuyamobilya.com\/it\/wp-json\/wp\/v2\/media?parent=19377"}],"wp:term":[{"taxonomy":"product_brand","embeddable":true,"href":"https:\/\/www.yuyamobilya.com\/it\/wp-json\/wp\/v2\/product_brand?post=19377"},{"taxonomy":"product_cat","embeddable":true,"href":"https:\/\/www.yuyamobilya.com\/it\/wp-json\/wp\/v2\/product_cat?post=19377"},{"taxonomy":"product_tag","embeddable":true,"href":"https:\/\/www.yuyamobilya.com\/it\/wp-json\/wp\/v2\/product_tag?post=19377"}],"curies":[{"name":"wp","href":"https:\/\/api.w.org\/{rel}","templated":true}]}}