{"id":19282,"date":"2025-04-18T03:21:08","date_gmt":"2025-04-18T03:21:08","guid":{"rendered":"https:\/\/www.yuyamobilya.com\/product\/kapitone-baza-basligi\/"},"modified":"2025-04-18T06:04:13","modified_gmt":"2025-04-18T06:04:13","slug":"kapitone-baza-basligi","status":"publish","type":"product","link":"https:\/\/www.yuyamobilya.com\/it\/product\/kapitone-baza-basligi\/","title":{"rendered":"Testiera con base trapuntata"},"content":{"rendered":"<p>Kapitone Baza Ba\u015fl\u0131\u011f\u0131 modeli, Yuya Mobilya kalitesiyle \u00fcretilmi\u015ftir. \u015e\u0131k tasar\u0131m\u0131 ve dayan\u0131kl\u0131 malzemesiyle uzun y\u0131llar kullan\u0131m sa\u011flar. Baza Ba\u015fl\u0131k kategorisinde \u00f6zel bir se\u00e7enektir.<\/p>","protected":false},"excerpt":{"rendered":"<p>Kapitone Baza Ba\u015fl\u0131\u011f\u0131 modeli, Yuya Mobilya kalitesiyle \u00fcretilmi\u015ftir. \u015e\u0131k tasar\u0131m\u0131 ve dayan\u0131kl\u0131 malzemesiyle uzun y\u0131llar kullan\u0131m sa\u011flar. Baza Ba\u015fl\u0131k kategorisinde \u00f6zel bir se\u00e7enektir.<\/p>","protected":false},"featured_media":19338,"comment_status":"open","ping_status":"closed","template":"","meta":[],"product_brand":[],"product_cat":[146],"product_tag":[],"class_list":{"0":"post-19282","1":"product","2":"type-product","3":"status-publish","4":"has-post-thumbnail","6":"product_cat-baza-baslik","8":"first","9":"instock","10":"shipping-taxable","11":"purchasable","12":"product-type-simple"},"_links":{"self":[{"href":"https:\/\/www.yuyamobilya.com\/it\/wp-json\/wp\/v2\/product\/19282","targetHints":{"allow":["GET"]}}],"collection":[{"href":"https:\/\/www.yuyamobilya.com\/it\/wp-json\/wp\/v2\/product"}],"about":[{"href":"https:\/\/www.yuyamobilya.com\/it\/wp-json\/wp\/v2\/types\/product"}],"replies":[{"embeddable":true,"href":"https:\/\/www.yuyamobilya.com\/it\/wp-json\/wp\/v2\/comments?post=19282"}],"wp:featuredmedia":[{"embeddable":true,"href":"https:\/\/www.yuyamobilya.com\/it\/wp-json\/wp\/v2\/media\/19338"}],"wp:attachment":[{"href":"https:\/\/www.yuyamobilya.com\/it\/wp-json\/wp\/v2\/media?parent=19282"}],"wp:term":[{"taxonomy":"product_brand","embeddable":true,"href":"https:\/\/www.yuyamobilya.com\/it\/wp-json\/wp\/v2\/product_brand?post=19282"},{"taxonomy":"product_cat","embeddable":true,"href":"https:\/\/www.yuyamobilya.com\/it\/wp-json\/wp\/v2\/product_cat?post=19282"},{"taxonomy":"product_tag","embeddable":true,"href":"https:\/\/www.yuyamobilya.com\/it\/wp-json\/wp\/v2\/product_tag?post=19282"}],"curies":[{"name":"wp","href":"https:\/\/api.w.org\/{rel}","templated":true}]}}