{"id":19962,"date":"2025-04-22T02:02:32","date_gmt":"2025-04-22T02:02:32","guid":{"rendered":"https:\/\/www.yuyamobilya.com\/?page_id=19962"},"modified":"2025-04-22T02:02:33","modified_gmt":"2025-04-22T02:02:33","slug":"teslimat-kosullari","status":"publish","type":"page","link":"https:\/\/www.yuyamobilya.com\/it\/teslimat-kosullari\/","title":{"rendered":"Condizioni di consegna"},"content":{"rendered":"<p>Noi di Yuya Furniture lavoriamo meticolosamente per garantire che i prodotti che acquisti ti arrivino nel modo pi\u00f9 rapido e sicuro possibile. Di seguito sono forniti per vostra informazione tutti i dettagli riguardanti i nostri processi di consegna.<\/p><h2 class=\"wp-block-heading\">Tempi di consegna<\/h2><ul class=\"wp-block-list\"><li>I tempi di consegna dei prodotti acquistati variano a seconda dello stato delle scorte e del processo di produzione.<\/li>\n\n<li>I tempi di consegna per i prodotti in magazzino sono compresi tra 3 e 7 giorni lavorativi a Istanbul e tra 7 e 15 giorni lavorativi al di fuori di Istanbul.<\/li>\n\n<li>Per la produzione personalizzata o i prodotti dal design personalizzato, i tempi di consegna possono variare tra 21 e 30 giorni lavorativi, a seconda delle caratteristiche del prodotto.<\/li><\/ul><h2 class=\"wp-block-heading\">Aree di consegna<\/h2><ul class=\"wp-block-list\"><li>Offriamo il servizio di consegna in tutta la Turchia.<\/li>\n\n<li>Le consegne a Istanbul vengono effettuate direttamente dal team Yuya Mobilya.<\/li>\n\n<li>Le consegne fuori Istanbul vengono effettuate tramite aziende di logistica incaricate.<\/li><\/ul><h2 class=\"wp-block-heading\">Spese di consegna<\/h2><ul class=\"wp-block-list\"><li>Le nostre consegne in alcune zone di Istanbul sono gratuite.<\/li>\n\n<li>Per le consegne al di fuori di Istanbul, il costo della spedizione pu\u00f2 variare a seconda del volume del prodotto e dell&#039;indirizzo di consegna.<\/li>\n\n<li>Per informazioni sui costi e sui dettagli della consegna, puoi rivolgerti al nostro rappresentante del servizio clienti prima di effettuare l&#039;ordine.<\/li><\/ul><h2 class=\"wp-block-heading\">Metodo di consegna<\/h2><ul class=\"wp-block-list\"><li>La consegna viene effettuata davanti all&#039;edificio.<\/li>\n\n<li>Per i nostri clienti che richiedono il servizio di installazione \u00e8 inoltre disponibile un team di installazione. Il servizio di installazione potrebbe essere addebitato separatamente.<\/li>\n\n<li>Potrebbero essere necessari servizi di trasporto aggiuntivi per le consegne in edifici privi di ascensori, con scale strette o grattacieli. In questo caso, eventuali costi aggiuntivi saranno a carico del cliente.<\/li><\/ul><h2 class=\"wp-block-heading\">Cose da considerare durante il parto<\/h2><ul class=\"wp-block-list\"><li>Al momento della ricezione del prodotto, l&#039;imballaggio deve essere controllato e, in caso di eventuali danni o mancanze, il corriere deve conservare un rapporto.<\/li>\n\n<li>Yuya Furniture non si assume alcuna responsabilit\u00e0 per eventuali danni che potrebbero verificarsi a causa del carico di prodotti ricevuti senza segnalazione.<\/li><\/ul><h2 class=\"wp-block-heading\">Condizioni di reso e cambio<\/h2><ul class=\"wp-block-list\"><li>Se dopo la consegna viene rilevato un difetto di fabbricazione nel prodotto, \u00e8 necessario segnalarcelo entro 7 giorni lavorativi.<\/li>\n\n<li>\u00c8 possibile avviare procedure di cambio o reso a condizione che i prodotti siano inutilizzati, non danneggiati e nella loro confezione originale.<\/li>\n\n<li>In caso di reso o cambio, le spese di spedizione potrebbero essere a carico del cliente. Per informazioni dettagliate si prega di <a class=\"\" href=\"#\">Condizioni di reso e cambio<\/a> Vi preghiamo di consultare la nostra pagina.<\/li><\/ul><hr class=\"wp-block-separator has-alpha-channel-opacity\"\/><p><strong>Per contatti:<\/strong><br>\ud83d\udcde +90 531 262 36 40<br>\ud83d\udce7 <a class=\"\">info@yuyamobilya.com<\/a><br>\ud83d\udccd Quartiere Guzelyurt, 2128. Via n. 6J, Esenyurt \/ Istanbul, T\u00fcrkiye<\/p>","protected":false},"excerpt":{"rendered":"<p>Yuya Mobilya olarak, sat\u0131n ald\u0131\u011f\u0131n\u0131z \u00fcr\u00fcnlerin en k\u0131sa s\u00fcrede ve en g\u00fcvenli \u015fekilde sizlere ula\u015fmas\u0131 i\u00e7in titizlikle \u00e7al\u0131\u015f\u0131yoruz. Teslimat s\u00fcre\u00e7lerimize dair t\u00fcm detaylar a\u015fa\u011f\u0131da bilgilerinize sunulmu\u015ftur. Teslimat S\u00fcresi Teslimat B\u00f6lgeleri Teslimat \u00dccretleri Teslimat \u015eekli Teslimat An\u0131nda Dikkat Edilmesi Gerekenler \u0130ade ve De\u011fi\u015fim Ko\u015fullar\u0131 \u0130leti\u015fim i\u00e7in:&#x1f4de; +90 531 262 36 40&#x1f4e7; info@yuyamobilya.com&#x1f4cd; G\u00fczelyurt Mahallesi, 2128. Sokak [&hellip;]<\/p>","protected":false},"author":1,"featured_media":0,"parent":0,"menu_order":0,"comment_status":"closed","ping_status":"closed","template":"","meta":{"footnotes":""},"class_list":["post-19962","page","type-page","status-publish","hentry"],"_links":{"self":[{"href":"https:\/\/www.yuyamobilya.com\/it\/wp-json\/wp\/v2\/pages\/19962","targetHints":{"allow":["GET"]}}],"collection":[{"href":"https:\/\/www.yuyamobilya.com\/it\/wp-json\/wp\/v2\/pages"}],"about":[{"href":"https:\/\/www.yuyamobilya.com\/it\/wp-json\/wp\/v2\/types\/page"}],"author":[{"embeddable":true,"href":"https:\/\/www.yuyamobilya.com\/it\/wp-json\/wp\/v2\/users\/1"}],"replies":[{"embeddable":true,"href":"https:\/\/www.yuyamobilya.com\/it\/wp-json\/wp\/v2\/comments?post=19962"}],"version-history":[{"count":1,"href":"https:\/\/www.yuyamobilya.com\/it\/wp-json\/wp\/v2\/pages\/19962\/revisions"}],"predecessor-version":[{"id":19964,"href":"https:\/\/www.yuyamobilya.com\/it\/wp-json\/wp\/v2\/pages\/19962\/revisions\/19964"}],"wp:attachment":[{"href":"https:\/\/www.yuyamobilya.com\/it\/wp-json\/wp\/v2\/media?parent=19962"}],"curies":[{"name":"wp","href":"https:\/\/api.w.org\/{rel}","templated":true}]}}