{"id":20258,"date":"2025-05-13T14:33:03","date_gmt":"2025-05-13T14:33:03","guid":{"rendered":"https:\/\/www.yuyamobilya.com\/?post_type=product&#038;p=20258"},"modified":"2025-07-04T15:02:09","modified_gmt":"2025-07-04T15:02:09","slug":"napoli-yatak-odasi","status":"publish","type":"product","link":"https:\/\/www.yuyamobilya.com\/fr\/product\/napoli-yatak-odasi\/","title":{"rendered":"Napoli yatak odas\u0131"},"content":{"rendered":"<h2 style=\"text-align: center;\">Description du produit<\/h2>\n<p>armoire 6 portes<\/p>\n<p>1 commode et miroir<\/p>\n<p>Il se compose de 2 tables de chevet et d&#039;une t\u00eate de lit.<\/p>\n<p>1 adet ba\u015fl\u0131k<\/p>\n<p>Des mat\u00e9riaux de qualit\u00e9 conformes aux normes E1 sont utilis\u00e9s.<\/p>\n<p>Vous pouvez nettoyer nos produits avec un chiffon humide.<\/p>\n<p>Il dispose d&#039;un grand volume interne.<\/p>\n<p>Fabriqu\u00e9 \u00e0 partir de mat\u00e9riau MDF.<\/p>\n<p>&nbsp;<\/p>\n<h2 style=\"text-align: center;\">DIMENSIONS DU PRODUIT<\/h2>\n<div>\n<hr \/>\n<table style=\"height: 395px;\" border=\"0\" width=\"1355\" cellspacing=\"10px\" cellpadding=\"10px\">\n<tbody>\n<tr>\n<td><strong>Produits<\/strong><\/td>\n<td><strong>Largeur<\/strong><\/td>\n<td><strong>Profondeur<\/strong><\/td>\n<td><strong>Hauteur<\/strong><\/td>\n<\/tr>\n<tr>\n<td>Armoire \u00e0 6 portes<\/td>\n<td>242 cm<\/td>\n<td>57 cm<\/td>\n<td>218 cm<\/td>\n<\/tr>\n<tr>\n<td>Commode et miroir<\/td>\n<td>130 cm<\/td>\n<td>43 cm<\/td>\n<td>173 cm<\/td>\n<\/tr>\n<tr>\n<td>Commode<\/td>\n<td>55 cm<\/td>\n<td>43 cm<\/td>\n<td>180 cm<\/td>\n<\/tr>\n<tr>\n<td>Cadre de lit (avec base)<\/td>\n<td>\u2013 cm<\/td>\n<td>\u2013 cm<\/td>\n<td>\u2013 cm<\/td>\n<\/tr>\n<tr>\n<td>Titre<\/td>\n<td>160 cm<\/td>\n<td>\u2013 cm<\/td>\n<td>180 cm<\/td>\n<\/tr>\n<\/tbody>\n<\/table>\n<\/div>","protected":false},"excerpt":{"rendered":"<p>\u00dcr\u00fcn A\u00e7\u0131klamas\u0131 6 kap\u0131l\u0131 gard\u0131rop 1 adet \u015fifonyer ve aynas\u0131 2 adet komodin ve ba\u015fl\u0131ktan olu\u015fmaktad\u0131r. 1 adet ba\u015fl\u0131k E1 standartlar\u0131na uygun kaliteli malzeme kullan\u0131lm\u0131\u015ft\u0131r. \u00dcr\u00fcnlerimizi nemli bir bez ile temizleyebilirsiniz. Geni\u015f i\u00e7 hacmine sahiptir. MDF malzemeden \u00fcretilmi\u015ftir. &nbsp; \u00dcR\u00dcN \u00d6L\u00c7\u00dcLER\u0130 \u00dcr\u00fcnler Geni\u015flik Derinlik Y\u00fckseklik 6 Kap\u0131l\u0131 Dolap 242 cm 57 cm 218 cm \u015eifonyer [&hellip;]<\/p>","protected":false},"featured_media":20349,"comment_status":"open","ping_status":"closed","template":"","meta":[],"product_brand":[],"product_cat":[134],"product_tag":[],"class_list":{"0":"post-20258","1":"product","2":"type-product","3":"status-publish","4":"has-post-thumbnail","6":"product_cat-yatak-odasi","8":"first","9":"instock","10":"sale","11":"shipping-taxable","12":"purchasable","13":"product-type-simple"},"_links":{"self":[{"href":"https:\/\/www.yuyamobilya.com\/fr\/wp-json\/wp\/v2\/product\/20258","targetHints":{"allow":["GET"]}}],"collection":[{"href":"https:\/\/www.yuyamobilya.com\/fr\/wp-json\/wp\/v2\/product"}],"about":[{"href":"https:\/\/www.yuyamobilya.com\/fr\/wp-json\/wp\/v2\/types\/product"}],"replies":[{"embeddable":true,"href":"https:\/\/www.yuyamobilya.com\/fr\/wp-json\/wp\/v2\/comments?post=20258"}],"wp:featuredmedia":[{"embeddable":true,"href":"https:\/\/www.yuyamobilya.com\/fr\/wp-json\/wp\/v2\/media\/20349"}],"wp:attachment":[{"href":"https:\/\/www.yuyamobilya.com\/fr\/wp-json\/wp\/v2\/media?parent=20258"}],"wp:term":[{"taxonomy":"product_brand","embeddable":true,"href":"https:\/\/www.yuyamobilya.com\/fr\/wp-json\/wp\/v2\/product_brand?post=20258"},{"taxonomy":"product_cat","embeddable":true,"href":"https:\/\/www.yuyamobilya.com\/fr\/wp-json\/wp\/v2\/product_cat?post=20258"},{"taxonomy":"product_tag","embeddable":true,"href":"https:\/\/www.yuyamobilya.com\/fr\/wp-json\/wp\/v2\/product_tag?post=20258"}],"curies":[{"name":"wp","href":"https:\/\/api.w.org\/{rel}","templated":true}]}}