{"id":20140,"date":"2025-04-29T10:19:09","date_gmt":"2025-04-29T10:19:09","guid":{"rendered":"https:\/\/www.yuyamobilya.com\/?post_type=product&#038;p=20140"},"modified":"2025-04-29T10:19:09","modified_gmt":"2025-04-29T10:19:09","slug":"elegance-cift-kisilik-yatak","status":"publish","type":"product","link":"https:\/\/www.yuyamobilya.com\/fr\/product\/elegance-cift-kisilik-yatak\/","title":{"rendered":"Lit double \u00c9l\u00e9gance"},"content":{"rendered":"<h2 style=\"text-align: center;\"><strong>\u00dcr\u00fcn A\u00e7\u0131klamas\u0131:<\/strong><\/h2>\n<ul>\n<li>\n<p class=\"\" data-start=\"1829\" data-end=\"1938\">Dayan\u0131kl\u0131 malzemelerle \u00fcretilen \u00e7ift ki\u015filik yatak, nefes alabilen kuma\u015f\u0131 sayesinde gece boyunca ferah tutar.<\/p>\n<p class=\"\" data-start=\"1940\" data-end=\"1957\"><strong data-start=\"1940\" data-end=\"1955\">Caract\u00e9ristiques:<\/strong><\/p>\n<ul data-start=\"1958\" data-end=\"2060\">\n<li class=\"\" data-start=\"1958\" data-end=\"1973\">\n<p class=\"\" data-start=\"1960\" data-end=\"1973\">Sa\u011flam yap\u0131<\/p>\n<\/li>\n<li class=\"\" data-start=\"1974\" data-end=\"1996\">\n<p class=\"\" data-start=\"1976\" data-end=\"1996\">Hava ge\u00e7iren kuma\u015f<\/p>\n<\/li>\n<li class=\"\" data-start=\"1997\" data-end=\"2023\">\n<p class=\"\" data-start=\"1999\" data-end=\"2023\">Orta sert yatak y\u00fczeyi<\/p>\n<\/li>\n<li class=\"\" data-start=\"2024\" data-end=\"2047\">\n<p class=\"\" data-start=\"2026\" data-end=\"2047\">Is\u0131 kontrol sistemi<\/p>\n<\/li>\n<li class=\"\" data-start=\"2048\" data-end=\"2060\">\n<p class=\"\" data-start=\"2050\" data-end=\"2060\">Rahat uyku<\/p>\n<\/li>\n<\/ul>\n<\/li>\n<\/ul>","protected":false},"excerpt":{"rendered":"<p>\u00dcr\u00fcn A\u00e7\u0131klamas\u0131: Dayan\u0131kl\u0131 malzemelerle \u00fcretilen \u00e7ift ki\u015filik yatak, nefes alabilen kuma\u015f\u0131 sayesinde gece boyunca ferah tutar. \u00d6zellikler: Sa\u011flam yap\u0131 Hava ge\u00e7iren kuma\u015f Orta sert yatak y\u00fczeyi Is\u0131 kontrol sistemi Rahat uyku<\/p>","protected":false},"featured_media":20158,"comment_status":"open","ping_status":"closed","template":"","meta":[],"product_brand":[],"product_cat":[133],"product_tag":[],"class_list":{"0":"post-20140","1":"product","2":"type-product","3":"status-publish","4":"has-post-thumbnail","6":"product_cat-yataklar","8":"first","9":"instock","10":"sale","11":"shipping-taxable","12":"purchasable","13":"product-type-simple"},"_links":{"self":[{"href":"https:\/\/www.yuyamobilya.com\/fr\/wp-json\/wp\/v2\/product\/20140","targetHints":{"allow":["GET"]}}],"collection":[{"href":"https:\/\/www.yuyamobilya.com\/fr\/wp-json\/wp\/v2\/product"}],"about":[{"href":"https:\/\/www.yuyamobilya.com\/fr\/wp-json\/wp\/v2\/types\/product"}],"replies":[{"embeddable":true,"href":"https:\/\/www.yuyamobilya.com\/fr\/wp-json\/wp\/v2\/comments?post=20140"}],"wp:featuredmedia":[{"embeddable":true,"href":"https:\/\/www.yuyamobilya.com\/fr\/wp-json\/wp\/v2\/media\/20158"}],"wp:attachment":[{"href":"https:\/\/www.yuyamobilya.com\/fr\/wp-json\/wp\/v2\/media?parent=20140"}],"wp:term":[{"taxonomy":"product_brand","embeddable":true,"href":"https:\/\/www.yuyamobilya.com\/fr\/wp-json\/wp\/v2\/product_brand?post=20140"},{"taxonomy":"product_cat","embeddable":true,"href":"https:\/\/www.yuyamobilya.com\/fr\/wp-json\/wp\/v2\/product_cat?post=20140"},{"taxonomy":"product_tag","embeddable":true,"href":"https:\/\/www.yuyamobilya.com\/fr\/wp-json\/wp\/v2\/product_tag?post=20140"}],"curies":[{"name":"wp","href":"https:\/\/api.w.org\/{rel}","templated":true}]}}