{"id":20119,"date":"2025-04-29T10:17:24","date_gmt":"2025-04-29T10:17:24","guid":{"rendered":"https:\/\/www.yuyamobilya.com\/?post_type=product&#038;p=20119"},"modified":"2025-04-29T10:17:24","modified_gmt":"2025-04-29T10:17:24","slug":"roma-cift-kisilik-yatak","status":"publish","type":"product","link":"https:\/\/www.yuyamobilya.com\/fr\/product\/roma-cift-kisilik-yatak\/","title":{"rendered":"Lit double Rome"},"content":{"rendered":"<h2 style=\"text-align: center;\"><strong>\u00dcr\u00fcn A\u00e7\u0131klamas\u0131:<\/strong><\/h2>\n<ul>\n<li>\n<p class=\"\" data-start=\"1118\" data-end=\"1207\">\u00c7ift ki\u015filik yatak, sa\u011flam malzemesi ve nefes alabilen dokusuyla uyku kalitesini art\u0131r\u0131r.<\/p>\n<p class=\"\" data-start=\"1209\" data-end=\"1226\"><strong data-start=\"1209\" data-end=\"1224\">Caract\u00e9ristiques:<\/strong><\/p>\n<ul data-start=\"1227\" data-end=\"1327\">\n<li class=\"\" data-start=\"1227\" data-end=\"1245\">\n<p class=\"\" data-start=\"1229\" data-end=\"1245\">Sa\u011flam malzeme<\/p>\n<\/li>\n<li class=\"\" data-start=\"1246\" data-end=\"1269\">\n<p class=\"\" data-start=\"1248\" data-end=\"1269\">Hava ge\u00e7irgen y\u00fczey<\/p>\n<\/li>\n<li class=\"\" data-start=\"1270\" data-end=\"1286\">\n<p class=\"\" data-start=\"1272\" data-end=\"1286\">Orta sertlik<\/p>\n<\/li>\n<li class=\"\" data-start=\"1287\" data-end=\"1313\">\n<p class=\"\" data-start=\"1289\" data-end=\"1313\">Konforlu uyku deneyimi<\/p>\n<\/li>\n<li class=\"\" data-start=\"1314\" data-end=\"1327\">\n<p class=\"\" data-start=\"1316\" data-end=\"1327\">Is\u0131 dengesi<\/p>\n<\/li>\n<\/ul>\n<\/li>\n<\/ul>","protected":false},"excerpt":{"rendered":"<p>\u00dcr\u00fcn A\u00e7\u0131klamas\u0131: \u00c7ift ki\u015filik yatak, sa\u011flam malzemesi ve nefes alabilen dokusuyla uyku kalitesini art\u0131r\u0131r. \u00d6zellikler: Sa\u011flam malzeme Hava ge\u00e7irgen y\u00fczey Orta sertlik Konforlu uyku deneyimi Is\u0131 dengesi<\/p>","protected":false},"featured_media":20154,"comment_status":"open","ping_status":"closed","template":"","meta":[],"product_brand":[],"product_cat":[133],"product_tag":[],"class_list":{"0":"post-20119","1":"product","2":"type-product","3":"status-publish","4":"has-post-thumbnail","6":"product_cat-yataklar","8":"first","9":"instock","10":"sale","11":"shipping-taxable","12":"purchasable","13":"product-type-simple"},"_links":{"self":[{"href":"https:\/\/www.yuyamobilya.com\/fr\/wp-json\/wp\/v2\/product\/20119","targetHints":{"allow":["GET"]}}],"collection":[{"href":"https:\/\/www.yuyamobilya.com\/fr\/wp-json\/wp\/v2\/product"}],"about":[{"href":"https:\/\/www.yuyamobilya.com\/fr\/wp-json\/wp\/v2\/types\/product"}],"replies":[{"embeddable":true,"href":"https:\/\/www.yuyamobilya.com\/fr\/wp-json\/wp\/v2\/comments?post=20119"}],"wp:featuredmedia":[{"embeddable":true,"href":"https:\/\/www.yuyamobilya.com\/fr\/wp-json\/wp\/v2\/media\/20154"}],"wp:attachment":[{"href":"https:\/\/www.yuyamobilya.com\/fr\/wp-json\/wp\/v2\/media?parent=20119"}],"wp:term":[{"taxonomy":"product_brand","embeddable":true,"href":"https:\/\/www.yuyamobilya.com\/fr\/wp-json\/wp\/v2\/product_brand?post=20119"},{"taxonomy":"product_cat","embeddable":true,"href":"https:\/\/www.yuyamobilya.com\/fr\/wp-json\/wp\/v2\/product_cat?post=20119"},{"taxonomy":"product_tag","embeddable":true,"href":"https:\/\/www.yuyamobilya.com\/fr\/wp-json\/wp\/v2\/product_tag?post=20119"}],"curies":[{"name":"wp","href":"https:\/\/api.w.org\/{rel}","templated":true}]}}