{"id":20052,"date":"2025-04-28T11:41:23","date_gmt":"2025-04-28T11:41:23","guid":{"rendered":"https:\/\/www.yuyamobilya.com\/?post_type=product&#038;p=20052"},"modified":"2025-04-28T11:41:24","modified_gmt":"2025-04-28T11:41:24","slug":"golden-cift-kisilik-yatak","status":"publish","type":"product","link":"https:\/\/www.yuyamobilya.com\/fr\/product\/golden-cift-kisilik-yatak\/","title":{"rendered":"Lit double dor\u00e9"},"content":{"rendered":"<h2 style=\"text-align: center;\"><strong>\u00dcr\u00fcn A\u00e7\u0131klamas\u0131:<\/strong><\/h2>\n<ul>\n<li>\n<p class=\"\" data-start=\"1080\" data-end=\"1309\">Rahat bir uyku deneyimi i\u00e7in \u00fcretilen \u00e7ift ki\u015filik yatak, orta sert yap\u0131s\u0131 ve nefes alan kuma\u015f\u0131 ile \u00f6ne \u00e7\u0131kar. Sa\u011flam yap\u0131s\u0131 ile uzun s\u00fcre formunu korur. Is\u0131 dengeleyici \u00f6zelli\u011fi sayesinde her ko\u015fulda konforlu bir kullan\u0131m sunar.<\/p>\n<p class=\"\" data-start=\"1311\" data-end=\"1328\"><strong data-start=\"1311\" data-end=\"1326\">Caract\u00e9ristiques:<\/strong><\/p>\n<ul data-start=\"1329\" data-end=\"1463\">\n<li class=\"\" data-start=\"1329\" data-end=\"1355\">\n<p class=\"\" data-start=\"1331\" data-end=\"1355\">Orta sert yatak yap\u0131s\u0131<\/p>\n<\/li>\n<li class=\"\" data-start=\"1356\" data-end=\"1382\">\n<p class=\"\" data-start=\"1358\" data-end=\"1382\">Nefes alan kuma\u015f y\u00fczey<\/p>\n<\/li>\n<li class=\"\" data-start=\"1383\" data-end=\"1410\">\n<p class=\"\" data-start=\"1385\" data-end=\"1410\">Is\u0131 dengeleyici \u00f6zellik<\/p>\n<\/li>\n<li class=\"\" data-start=\"1411\" data-end=\"1440\">\n<p class=\"\" data-start=\"1413\" data-end=\"1440\">Dayan\u0131kl\u0131 dolgu malzemesi<\/p>\n<\/li>\n<li class=\"\" data-start=\"1441\" data-end=\"1463\">\n<p class=\"\" data-start=\"1443\" data-end=\"1463\">Uzun \u00f6m\u00fcrl\u00fc kullan\u0131m<\/p>\n<\/li>\n<\/ul>\n<\/li>\n<\/ul>","protected":false},"excerpt":{"rendered":"<p>\u00dcr\u00fcn A\u00e7\u0131klamas\u0131: Rahat bir uyku deneyimi i\u00e7in \u00fcretilen \u00e7ift ki\u015filik yatak, orta sert yap\u0131s\u0131 ve nefes alan kuma\u015f\u0131 ile \u00f6ne \u00e7\u0131kar. Sa\u011flam yap\u0131s\u0131 ile uzun s\u00fcre formunu korur. Is\u0131 dengeleyici \u00f6zelli\u011fi sayesinde her ko\u015fulda konforlu bir kullan\u0131m sunar. \u00d6zellikler: Orta sert yatak yap\u0131s\u0131 Nefes alan kuma\u015f y\u00fczey Is\u0131 dengeleyici \u00f6zellik Dayan\u0131kl\u0131 dolgu malzemesi Uzun \u00f6m\u00fcrl\u00fc [&hellip;]<\/p>","protected":false},"featured_media":20072,"comment_status":"open","ping_status":"closed","template":"","meta":[],"product_brand":[],"product_cat":[133],"product_tag":[],"class_list":{"0":"post-20052","1":"product","2":"type-product","3":"status-publish","4":"has-post-thumbnail","6":"product_cat-yataklar","8":"first","9":"instock","10":"sale","11":"shipping-taxable","12":"purchasable","13":"product-type-simple"},"_links":{"self":[{"href":"https:\/\/www.yuyamobilya.com\/fr\/wp-json\/wp\/v2\/product\/20052","targetHints":{"allow":["GET"]}}],"collection":[{"href":"https:\/\/www.yuyamobilya.com\/fr\/wp-json\/wp\/v2\/product"}],"about":[{"href":"https:\/\/www.yuyamobilya.com\/fr\/wp-json\/wp\/v2\/types\/product"}],"replies":[{"embeddable":true,"href":"https:\/\/www.yuyamobilya.com\/fr\/wp-json\/wp\/v2\/comments?post=20052"}],"wp:featuredmedia":[{"embeddable":true,"href":"https:\/\/www.yuyamobilya.com\/fr\/wp-json\/wp\/v2\/media\/20072"}],"wp:attachment":[{"href":"https:\/\/www.yuyamobilya.com\/fr\/wp-json\/wp\/v2\/media?parent=20052"}],"wp:term":[{"taxonomy":"product_brand","embeddable":true,"href":"https:\/\/www.yuyamobilya.com\/fr\/wp-json\/wp\/v2\/product_brand?post=20052"},{"taxonomy":"product_cat","embeddable":true,"href":"https:\/\/www.yuyamobilya.com\/fr\/wp-json\/wp\/v2\/product_cat?post=20052"},{"taxonomy":"product_tag","embeddable":true,"href":"https:\/\/www.yuyamobilya.com\/fr\/wp-json\/wp\/v2\/product_tag?post=20052"}],"curies":[{"name":"wp","href":"https:\/\/api.w.org\/{rel}","templated":true}]}}