{"id":19624,"date":"2025-04-20T09:16:19","date_gmt":"2025-04-20T09:16:19","guid":{"rendered":"https:\/\/www.yuyamobilya.com\/?post_type=product&#038;p=19624"},"modified":"2025-07-04T15:10:34","modified_gmt":"2025-07-04T15:10:34","slug":"arkas-kose","status":"publish","type":"product","link":"https:\/\/www.yuyamobilya.com\/fr\/product\/arkas-kose\/","title":{"rendered":"Coin arri\u00e8re"},"content":{"rendered":"<h2 style=\"text-align: center;\">Description du produit<\/h2>\n<ul>\n<li><strong>s\u0131rttan mekanizmal\u0131<\/strong><\/li>\n<li><strong>kol k\u0131sm\u0131 mekanizmal\u0131<\/strong><\/li>\n<li><strong>sand\u0131kl\u0131 baza amortis\u00f6rl\u00fc<\/strong><\/li>\n<li><strong>Renk ve kuma\u015f de\u011fi\u015febilir<\/strong><\/li>\n<li><strong>\u00d6l\u00e7\u00fcs\u00fc 280&#215;170 <\/strong><\/li>\n<\/ul>","protected":false},"excerpt":{"rendered":"<p>\u00dcr\u00fcn A\u00e7\u0131klamas\u0131 s\u0131rttan mekanizmal\u0131 kol k\u0131sm\u0131 mekanizmal\u0131 sand\u0131kl\u0131 baza amortis\u00f6rl\u00fc Renk ve kuma\u015f de\u011fi\u015febilir \u00d6l\u00e7\u00fcs\u00fc 280&#215;170<\/p>","protected":false},"featured_media":19832,"comment_status":"open","ping_status":"closed","template":"","meta":[],"product_brand":[],"product_cat":[141],"product_tag":[],"class_list":{"0":"post-19624","1":"product","2":"type-product","3":"status-publish","4":"has-post-thumbnail","6":"product_cat-oturma-grubu","8":"first","9":"outofstock","10":"sale","11":"shipping-taxable","12":"purchasable","13":"product-type-simple"},"_links":{"self":[{"href":"https:\/\/www.yuyamobilya.com\/fr\/wp-json\/wp\/v2\/product\/19624","targetHints":{"allow":["GET"]}}],"collection":[{"href":"https:\/\/www.yuyamobilya.com\/fr\/wp-json\/wp\/v2\/product"}],"about":[{"href":"https:\/\/www.yuyamobilya.com\/fr\/wp-json\/wp\/v2\/types\/product"}],"replies":[{"embeddable":true,"href":"https:\/\/www.yuyamobilya.com\/fr\/wp-json\/wp\/v2\/comments?post=19624"}],"wp:featuredmedia":[{"embeddable":true,"href":"https:\/\/www.yuyamobilya.com\/fr\/wp-json\/wp\/v2\/media\/19832"}],"wp:attachment":[{"href":"https:\/\/www.yuyamobilya.com\/fr\/wp-json\/wp\/v2\/media?parent=19624"}],"wp:term":[{"taxonomy":"product_brand","embeddable":true,"href":"https:\/\/www.yuyamobilya.com\/fr\/wp-json\/wp\/v2\/product_brand?post=19624"},{"taxonomy":"product_cat","embeddable":true,"href":"https:\/\/www.yuyamobilya.com\/fr\/wp-json\/wp\/v2\/product_cat?post=19624"},{"taxonomy":"product_tag","embeddable":true,"href":"https:\/\/www.yuyamobilya.com\/fr\/wp-json\/wp\/v2\/product_tag?post=19624"}],"curies":[{"name":"wp","href":"https:\/\/api.w.org\/{rel}","templated":true}]}}