{"id":19618,"date":"2025-04-20T09:15:30","date_gmt":"2025-04-20T09:15:30","guid":{"rendered":"https:\/\/www.yuyamobilya.com\/?post_type=product&#038;p=19618"},"modified":"2025-05-16T08:23:40","modified_gmt":"2025-05-16T08:23:40","slug":"hayat-oturma-grubu","status":"publish","type":"product","link":"https:\/\/www.yuyamobilya.com\/fr\/product\/hayat-oturma-grubu\/","title":{"rendered":"Groupe de vie assis"},"content":{"rendered":"<h2 style=\"text-align: center;\">Description du produit<\/h2>\n<ul>\n<li style=\"text-align: left;\"><strong>2 Adet kanepe<\/strong><\/li>\n<li><strong>2 Adet berjer<\/strong><\/li>\n<li><strong>s\u0131rttan mekanizmal\u0131<\/strong><\/li>\n<li><strong>kol k\u0131sm\u0131 mekanizmal\u0131<\/strong><\/li>\n<li><strong>Renk ve kuma\u015f de\u011fi\u015febilir<\/strong><\/li>\n<\/ul>","protected":false},"excerpt":{"rendered":"<p>\u00dcr\u00fcn A\u00e7\u0131klamas\u0131 2 Adet kanepe 2 Adet berjer s\u0131rttan mekanizmal\u0131 kol k\u0131sm\u0131 mekanizmal\u0131 Renk ve kuma\u015f de\u011fi\u015febilir<\/p>","protected":false},"featured_media":19831,"comment_status":"open","ping_status":"closed","template":"","meta":[],"product_brand":[],"product_cat":[141],"product_tag":[],"class_list":{"0":"post-19618","1":"product","2":"type-product","3":"status-publish","4":"has-post-thumbnail","6":"product_cat-oturma-grubu","8":"first","9":"instock","10":"sale","11":"shipping-taxable","12":"purchasable","13":"product-type-simple"},"_links":{"self":[{"href":"https:\/\/www.yuyamobilya.com\/fr\/wp-json\/wp\/v2\/product\/19618","targetHints":{"allow":["GET"]}}],"collection":[{"href":"https:\/\/www.yuyamobilya.com\/fr\/wp-json\/wp\/v2\/product"}],"about":[{"href":"https:\/\/www.yuyamobilya.com\/fr\/wp-json\/wp\/v2\/types\/product"}],"replies":[{"embeddable":true,"href":"https:\/\/www.yuyamobilya.com\/fr\/wp-json\/wp\/v2\/comments?post=19618"}],"wp:featuredmedia":[{"embeddable":true,"href":"https:\/\/www.yuyamobilya.com\/fr\/wp-json\/wp\/v2\/media\/19831"}],"wp:attachment":[{"href":"https:\/\/www.yuyamobilya.com\/fr\/wp-json\/wp\/v2\/media?parent=19618"}],"wp:term":[{"taxonomy":"product_brand","embeddable":true,"href":"https:\/\/www.yuyamobilya.com\/fr\/wp-json\/wp\/v2\/product_brand?post=19618"},{"taxonomy":"product_cat","embeddable":true,"href":"https:\/\/www.yuyamobilya.com\/fr\/wp-json\/wp\/v2\/product_cat?post=19618"},{"taxonomy":"product_tag","embeddable":true,"href":"https:\/\/www.yuyamobilya.com\/fr\/wp-json\/wp\/v2\/product_tag?post=19618"}],"curies":[{"name":"wp","href":"https:\/\/api.w.org\/{rel}","templated":true}]}}