{"id":19553,"date":"2025-04-20T09:09:10","date_gmt":"2025-04-20T09:09:10","guid":{"rendered":"https:\/\/www.yuyamobilya.com\/?post_type=product&#038;p=19553"},"modified":"2025-05-12T16:19:28","modified_gmt":"2025-05-12T16:19:28","slug":"buse-yatak-odasi","status":"publish","type":"product","link":"https:\/\/www.yuyamobilya.com\/fr\/product\/buse-yatak-odasi\/","title":{"rendered":"Chambre \u00e0 coucher Buse"},"content":{"rendered":"<div class=\"woocommerce-tabs wc-tabs-wrapper\">\n<div id=\"tab-description\" class=\"woocommerce-Tabs-panel woocommerce-Tabs-panel--description panel entry-content wc-tab\" role=\"tabpanel\" aria-labelledby=\"tab-title-description\">\n<div class=\"container\">\n<h2 style=\"text-align: center;\">Description du produit<\/h2>\n<p>armoire 6 portes<\/p>\n<p>1 commode et miroir<\/p>\n<p>Il se compose de 2 tables de chevet et d&#039;une t\u00eate de lit.<\/p>\n<p>Des mat\u00e9riaux de qualit\u00e9 conformes aux normes E1 sont utilis\u00e9s.<\/p>\n<p>Vous pouvez nettoyer nos produits avec un chiffon humide.<\/p>\n<p>Il dispose d&#039;un grand volume interne.<\/p>\n<p>Fabriqu\u00e9 \u00e0 partir de mat\u00e9riau MDF.<\/p>\n<p>&nbsp;<\/p>\n<h2 style=\"text-align: center;\">DIMENSIONS DU PRODUIT<\/h2>\n<div>\n<hr \/>\n<table border=\"0\" cellspacing=\"10px\" cellpadding=\"10px\">\n<tbody>\n<tr>\n<td><strong>Produits<\/strong><\/td>\n<td><strong>Largeur<\/strong><\/td>\n<td><strong>Profondeur<\/strong><\/td>\n<td><strong>Hauteur<\/strong><\/td>\n<\/tr>\n<tr>\n<td>Armoire \u00e0 6 portes<\/td>\n<td>230 cm<\/td>\n<td>55 cm<\/td>\n<td>210 cm<\/td>\n<\/tr>\n<tr>\n<td>Commode et miroir<\/td>\n<td>90 cm<\/td>\n<td>41 cm<\/td>\n<td>85 cm<\/td>\n<\/tr>\n<tr>\n<td>Commode<\/td>\n<td>55 cm<\/td>\n<td>41 cm<\/td>\n<td>41 cm<\/td>\n<\/tr>\n<tr>\n<td>Cadre de lit (avec base)<\/td>\n<td>165 cm<\/td>\n<td>200 cm<\/td>\n<td>30 cm<\/td>\n<\/tr>\n<tr>\n<td>Titre<\/td>\n<td>165 cm<\/td>\n<td>\u2013 cm<\/td>\n<td>120 cm<\/td>\n<\/tr>\n<\/tbody>\n<\/table>\n<\/div>\n<\/div>\n<\/div>\n<\/div>\n<section class=\"related products\">\n<h2><\/h2>\n<\/section>","protected":false},"excerpt":{"rendered":"<p>\u00dcr\u00fcn A\u00e7\u0131klamas\u0131 6 kap\u0131l\u0131 gard\u0131rop 1 adet \u015fifonyer ve aynas\u0131 2 adet komodin ve ba\u015fl\u0131ktan olu\u015fmaktad\u0131r. E1 standartlar\u0131na uygun kaliteli malzeme kullan\u0131lm\u0131\u015ft\u0131r. \u00dcr\u00fcnlerimizi nemli bir bez ile temizleyebilirsiniz. Geni\u015f i\u00e7 hacmine sahiptir. MDF malzemeden \u00fcretilmi\u015ftir. &nbsp; \u00dcR\u00dcN \u00d6L\u00c7\u00dcLER\u0130 \u00dcr\u00fcnler Geni\u015flik Derinlik Y\u00fckseklik 6 Kap\u0131l\u0131 Dolap 230 cm 55 cm 210 cm \u015eifonyer &amp; Ayna 90 [&hellip;]<\/p>","protected":false},"featured_media":19672,"comment_status":"open","ping_status":"closed","template":"","meta":[],"product_brand":[],"product_cat":[134],"product_tag":[],"class_list":{"0":"post-19553","1":"product","2":"type-product","3":"status-publish","4":"has-post-thumbnail","6":"product_cat-yatak-odasi","8":"first","9":"instock","10":"sale","11":"shipping-taxable","12":"purchasable","13":"product-type-simple"},"_links":{"self":[{"href":"https:\/\/www.yuyamobilya.com\/fr\/wp-json\/wp\/v2\/product\/19553","targetHints":{"allow":["GET"]}}],"collection":[{"href":"https:\/\/www.yuyamobilya.com\/fr\/wp-json\/wp\/v2\/product"}],"about":[{"href":"https:\/\/www.yuyamobilya.com\/fr\/wp-json\/wp\/v2\/types\/product"}],"replies":[{"embeddable":true,"href":"https:\/\/www.yuyamobilya.com\/fr\/wp-json\/wp\/v2\/comments?post=19553"}],"wp:featuredmedia":[{"embeddable":true,"href":"https:\/\/www.yuyamobilya.com\/fr\/wp-json\/wp\/v2\/media\/19672"}],"wp:attachment":[{"href":"https:\/\/www.yuyamobilya.com\/fr\/wp-json\/wp\/v2\/media?parent=19553"}],"wp:term":[{"taxonomy":"product_brand","embeddable":true,"href":"https:\/\/www.yuyamobilya.com\/fr\/wp-json\/wp\/v2\/product_brand?post=19553"},{"taxonomy":"product_cat","embeddable":true,"href":"https:\/\/www.yuyamobilya.com\/fr\/wp-json\/wp\/v2\/product_cat?post=19553"},{"taxonomy":"product_tag","embeddable":true,"href":"https:\/\/www.yuyamobilya.com\/fr\/wp-json\/wp\/v2\/product_tag?post=19553"}],"curies":[{"name":"wp","href":"https:\/\/api.w.org\/{rel}","templated":true}]}}