{"id":19283,"date":"2025-04-18T03:21:08","date_gmt":"2025-04-18T03:21:08","guid":{"rendered":"https:\/\/www.yuyamobilya.com\/product\/yeni-dogan-besik-seti\/"},"modified":"2025-04-18T06:03:15","modified_gmt":"2025-04-18T06:03:15","slug":"yeni-dogan-besik-seti","status":"publish","type":"product","link":"https:\/\/www.yuyamobilya.com\/fr\/product\/yeni-dogan-besik-seti\/","title":{"rendered":"Yeni Do\u011fan Be\u015fik Seti"},"content":{"rendered":"<p>Yeni Do\u011fan Be\u015fik Seti modeli, Yuya Mobilya kalitesiyle \u00fcretilmi\u015ftir. \u015e\u0131k tasar\u0131m\u0131 ve dayan\u0131kl\u0131 malzemesiyle uzun y\u0131llar kullan\u0131m sa\u011flar. Yeni Do\u011fan kategorisinde \u00f6zel bir se\u00e7enektir.<\/p>","protected":false},"excerpt":{"rendered":"<p>Yeni Do\u011fan Be\u015fik Seti modeli, Yuya Mobilya kalitesiyle \u00fcretilmi\u015ftir. \u015e\u0131k tasar\u0131m\u0131 ve dayan\u0131kl\u0131 malzemesiyle uzun y\u0131llar kullan\u0131m sa\u011flar. Yeni Do\u011fan kategorisinde \u00f6zel bir se\u00e7enektir.<\/p>","protected":false},"featured_media":19337,"comment_status":"open","ping_status":"closed","template":"","meta":[],"product_brand":[],"product_cat":[147],"product_tag":[],"class_list":{"0":"post-19283","1":"product","2":"type-product","3":"status-publish","4":"has-post-thumbnail","6":"product_cat-yeni-dogan","8":"first","9":"instock","10":"shipping-taxable","11":"purchasable","12":"product-type-simple"},"_links":{"self":[{"href":"https:\/\/www.yuyamobilya.com\/fr\/wp-json\/wp\/v2\/product\/19283","targetHints":{"allow":["GET"]}}],"collection":[{"href":"https:\/\/www.yuyamobilya.com\/fr\/wp-json\/wp\/v2\/product"}],"about":[{"href":"https:\/\/www.yuyamobilya.com\/fr\/wp-json\/wp\/v2\/types\/product"}],"replies":[{"embeddable":true,"href":"https:\/\/www.yuyamobilya.com\/fr\/wp-json\/wp\/v2\/comments?post=19283"}],"wp:featuredmedia":[{"embeddable":true,"href":"https:\/\/www.yuyamobilya.com\/fr\/wp-json\/wp\/v2\/media\/19337"}],"wp:attachment":[{"href":"https:\/\/www.yuyamobilya.com\/fr\/wp-json\/wp\/v2\/media?parent=19283"}],"wp:term":[{"taxonomy":"product_brand","embeddable":true,"href":"https:\/\/www.yuyamobilya.com\/fr\/wp-json\/wp\/v2\/product_brand?post=19283"},{"taxonomy":"product_cat","embeddable":true,"href":"https:\/\/www.yuyamobilya.com\/fr\/wp-json\/wp\/v2\/product_cat?post=19283"},{"taxonomy":"product_tag","embeddable":true,"href":"https:\/\/www.yuyamobilya.com\/fr\/wp-json\/wp\/v2\/product_tag?post=19283"}],"curies":[{"name":"wp","href":"https:\/\/api.w.org\/{rel}","templated":true}]}}