{"id":19975,"date":"2025-04-22T02:11:58","date_gmt":"2025-04-22T02:11:58","guid":{"rendered":"https:\/\/www.yuyamobilya.com\/?page_id=19975"},"modified":"2025-04-22T02:13:27","modified_gmt":"2025-04-22T02:13:27","slug":"hakkimizda","status":"publish","type":"page","link":"https:\/\/www.yuyamobilya.com\/fr\/hakkimizda\/","title":{"rendered":"\u00c0 propos de nous"},"content":{"rendered":"<h2 class=\"wp-block-heading\">Bienvenue chez Yuya Furniture<\/h2><p>Nous nous engageons \u00e0 cr\u00e9er des espaces de vie qui font de vos r\u00eaves une r\u00e9alit\u00e9 !<br><strong>Meubles Yuya<\/strong> Car non seulement nous embellissons vos maisons, mais nous ajoutons \u00e9galement du confort, de l&#039;esth\u00e9tique et de la paix \u00e0 votre vie.<\/p><p>Notre marque, n\u00e9e \u00e0 Esenyurt, Istanbul, a rapidement gagn\u00e9 la confiance de milliers de clients avec ses collections de meubles modernes, \u00e9l\u00e9gants et de haute qualit\u00e9 qui plaisent \u00e0 tous les go\u00fbts et \u00e0 tous les besoins.<br>Pour nous, le meuble n&#039;est pas seulement un objet, c&#039;est l&#039;\u00e2me des lieux o\u00f9 grandissent vos souvenirs et o\u00f9 vous vivez de beaux moments en famille.<\/p><hr class=\"wp-block-separator has-alpha-channel-opacity\"\/><h2 class=\"wp-block-heading\">Notre histoire<\/h2><p>Fond\u00e9e en 2020 avec plus de 15 ans d&#039;exp\u00e9rience de nos fondateurs dans l&#039;industrie et leur passion pour la satisfaction client <strong>Meubles Yuya<\/strong>,<br>Son objectif est de \u00ab produire des meubles durables, esth\u00e9tiques et accessibles \u00bb.<br>Aujourd\u2019hui, nous privil\u00e9gions la qualit\u00e9 \u00e0 chaque \u00e9tape, de la conception \u00e0 la production, de la vente au support apr\u00e8s-vente.<\/p><p>Chacun de nos produits ; prend vie avec des mat\u00e9riaux soigneusement s\u00e9lectionn\u00e9s, des designs originaux et un travail m\u00e9ticuleux.<\/p><hr class=\"wp-block-separator has-alpha-channel-opacity\"\/><h2 class=\"wp-block-heading\">Notre vision<\/h2><p><strong>\u00catre l&#039;une des marques de meubles les plus fiables et les plus populaires en Turquie et dans le monde.<\/strong><br>En r\u00e9novant vos espaces de vie, nous souhaitons vous offrir non seulement des meubles mais aussi du bonheur et de la paix.<\/p><hr class=\"wp-block-separator has-alpha-channel-opacity\"\/><h2 class=\"wp-block-heading\">Notre mission<\/h2><ul class=\"wp-block-list\"><li>Fournir des solutions d&#039;ameublement de haute qualit\u00e9, esth\u00e9tiques et fonctionnelles<\/li>\n\n<li>Garder la satisfaction du client avant tout<\/li>\n\n<li>Am\u00e9lioration continue gr\u00e2ce \u00e0 une approche de conception innovante<\/li>\n\n<li>Travailler avec des processus de production respectueux de la nature et de l&#039;environnement<\/li>\n\n<li>Pour garantir \u00e0 chacun des meubles de qualit\u00e9 \u00e0 des prix abordables.<\/li><\/ul><hr class=\"wp-block-separator has-alpha-channel-opacity\"\/><h2 class=\"wp-block-heading\">Nos valeurs<\/h2><ul class=\"wp-block-list\"><li><strong>Confiance:<\/strong> Nous communiquons de mani\u00e8re transparente et honn\u00eate dans tous nos processus.<\/li>\n\n<li><strong>Qualit\u00e9:<\/strong> Nous adoptons des mat\u00e9riaux et des normes de fabrication de la plus haute qualit\u00e9 dans nos produits.<\/li>\n\n<li><strong>Orientation client :<\/strong> Nous \u00e9coutons les besoins de nos clients et proposons les solutions les plus adapt\u00e9es.<\/li>\n\n<li><strong>Esth\u00e9tique:<\/strong> Au-del\u00e0 de la fonctionnalit\u00e9, nous privil\u00e9gions l\u2019\u00e9l\u00e9gance et le style.<\/li>\n\n<li><strong>Durabilit\u00e9:<\/strong> Nous veillons \u00e0 prot\u00e9ger l\u2019environnement dans nos processus de production et d\u2019emballage.<\/li><\/ul><hr class=\"wp-block-separator has-alpha-channel-opacity\"\/><h2 class=\"wp-block-heading\">Notre gamme de produits<\/h2><p>En tant que Yuya Furniture, nous proposons des options compl\u00e8tes et uniques pour vos espaces de vie :<\/p><ul class=\"wp-block-list\"><li><strong>Ensembles de chambre \u00e0 coucher<\/strong><\/li>\n\n<li><strong>Groupes assis<\/strong><\/li>\n\n<li><strong>Ensembles de salle \u00e0 manger<\/strong><\/li>\n\n<li><strong>Meubles TV et consoles<\/strong><\/li>\n\n<li><strong>Accessoires et produits d\u00e9coratifs<\/strong><\/li>\n\n<li><strong>Conceptions de meubles sur mesure<\/strong><\/li><\/ul><p>Chacune de nos s\u00e9ries de produits ; allie esth\u00e9tique, confort et durabilit\u00e9.<\/p><hr class=\"wp-block-separator has-alpha-channel-opacity\"\/><h2 class=\"wp-block-heading\">Pourquoi Yuya Furniture ?<\/h2><ul class=\"wp-block-list\"><li>%100 MDF ve kaliteli do\u011fal malzeme kullan\u0131m\u0131<\/li>\n\n<li>Des designs modernes et intemporels<\/li>\n\n<li>Des prix raisonnables et des options de paiement \u00e9chelonn\u00e9<\/li>\n\n<li>Livraison s\u00e9curis\u00e9e dans toute la Turquie<\/li>\n\n<li>Installation professionnelle et support apr\u00e8s-vente<\/li>\n\n<li>Approche de service ax\u00e9e sur la satisfaction du client<\/li><\/ul><hr class=\"wp-block-separator has-alpha-channel-opacity\"\/><h2 class=\"wp-block-heading\">Contactez-nous<\/h2><p>Nous sommes l\u00e0 pour concevoir ensemble votre espace de vie de r\u00eave !<br>Nous sommes \u00e0 un clic de vous :<\/p><p>\ud83d\udcde <strong>T\u00e9l\u00e9phone:<\/strong> +90 531 262 36 40<br>\ud83d\udce7 <strong>E-mail:<\/strong> <a class=\"\">info@yuyamobilya.com<\/a><br>\ud83d\udccd <strong>Adresse:<\/strong> District de Guzelyurt, 2128. Rue n\u00b06J, Esenyurt \/ Istanbul, Turquie<\/p><hr class=\"wp-block-separator has-alpha-channel-opacity\"\/><h3 class=\"wp-block-heading\">Meubles Yuya \u2013 <strong>Nous apportons vos r\u00eaves \u00e0 votre espace de vie.<\/strong><\/h3>","protected":false},"excerpt":{"rendered":"<p>Yuya Mobilya\u2019ya Ho\u015f Geldiniz Hayallerinizi ger\u00e7e\u011fe d\u00f6n\u00fc\u015ft\u00fcren ya\u015fam alanlar\u0131 i\u00e7in yola \u00e7\u0131kt\u0131k!Yuya Mobilya olarak, evlerinizi sadece g\u00fczelle\u015ftirmekle kalm\u0131yor, ya\u015fam\u0131n\u0131za konfor, estetik ve huzur kat\u0131yoruz. \u0130stanbul Esenyurt&#8217;ta do\u011fan markam\u0131z, her zevke ve ihtiyaca hitap eden modern, \u015f\u0131k ve kaliteli mobilya koleksiyonlar\u0131yla k\u0131sa s\u00fcrede binlerce m\u00fc\u015fterimizin g\u00fcvenini kazand\u0131.Bizim i\u00e7in mobilya sadece bir e\u015fya de\u011fil, an\u0131lar\u0131n\u0131z\u0131n b\u00fcy\u00fcd\u00fc\u011f\u00fc, ailenizle [&hellip;]<\/p>","protected":false},"author":1,"featured_media":0,"parent":0,"menu_order":0,"comment_status":"closed","ping_status":"closed","template":"","meta":{"footnotes":""},"class_list":["post-19975","page","type-page","status-publish","hentry"],"_links":{"self":[{"href":"https:\/\/www.yuyamobilya.com\/fr\/wp-json\/wp\/v2\/pages\/19975","targetHints":{"allow":["GET"]}}],"collection":[{"href":"https:\/\/www.yuyamobilya.com\/fr\/wp-json\/wp\/v2\/pages"}],"about":[{"href":"https:\/\/www.yuyamobilya.com\/fr\/wp-json\/wp\/v2\/types\/page"}],"author":[{"embeddable":true,"href":"https:\/\/www.yuyamobilya.com\/fr\/wp-json\/wp\/v2\/users\/1"}],"replies":[{"embeddable":true,"href":"https:\/\/www.yuyamobilya.com\/fr\/wp-json\/wp\/v2\/comments?post=19975"}],"version-history":[{"count":1,"href":"https:\/\/www.yuyamobilya.com\/fr\/wp-json\/wp\/v2\/pages\/19975\/revisions"}],"predecessor-version":[{"id":19976,"href":"https:\/\/www.yuyamobilya.com\/fr\/wp-json\/wp\/v2\/pages\/19975\/revisions\/19976"}],"wp:attachment":[{"href":"https:\/\/www.yuyamobilya.com\/fr\/wp-json\/wp\/v2\/media?parent=19975"}],"curies":[{"name":"wp","href":"https:\/\/api.w.org\/{rel}","templated":true}]}}