{"id":19970,"date":"2025-04-22T02:08:10","date_gmt":"2025-04-22T02:08:10","guid":{"rendered":"https:\/\/www.yuyamobilya.com\/?page_id=19970"},"modified":"2025-04-22T02:08:11","modified_gmt":"2025-04-22T02:08:11","slug":"gizlilik-politikasi","status":"publish","type":"page","link":"https:\/\/www.yuyamobilya.com\/fr\/gizlilik-politikasi\/","title":{"rendered":"politique de confidentialit\u00e9"},"content":{"rendered":"<p><strong>Meubles Yuya<\/strong> aspect, <a class=\"\" href=\"https:\/\/www.yuyamobilya.com\/fr\/\">www.yuyamobilya.com<\/a> Nous attachons une grande importance \u00e0 la confidentialit\u00e9 des donn\u00e9es personnelles de tous les utilisateurs qui visitent notre site Web. Cette politique de confidentialit\u00e9 a \u00e9t\u00e9 pr\u00e9par\u00e9e pour vous informer des finalit\u00e9s pour lesquelles vos donn\u00e9es personnelles sont collect\u00e9es, de la mani\u00e8re dont elles sont utilis\u00e9es et prot\u00e9g\u00e9es.<\/p><hr class=\"wp-block-separator has-alpha-channel-opacity\"\/><h2 class=\"wp-block-heading\">1. Donn\u00e9es collect\u00e9es<\/h2><p>Lorsque vous visitez notre site Web ou effectuez une transaction d&#039;adh\u00e9sion\/commande, les informations personnelles suivantes peuvent \u00eatre collect\u00e9es :<\/p><ul class=\"wp-block-list\"><li>Nom, pr\u00e9nom<\/li>\n\n<li>Informations d&#039;adresse<\/li>\n\n<li>Num\u00e9ro de t\u00e9l\u00e9phone<\/li>\n\n<li>Adresse email<\/li>\n\n<li>Informations de paiement (les informations de carte sont trait\u00e9es directement par les banques et ne sont pas stock\u00e9es)<\/li>\n\n<li>Adresse IP, donn\u00e9es de cookies et informations d&#039;utilisation<\/li><\/ul><hr class=\"wp-block-separator has-alpha-channel-opacity\"\/><h2 class=\"wp-block-heading\">2. Finalit\u00e9s de l&#039;utilisation des donn\u00e9es personnelles<\/h2><p>Vos donn\u00e9es personnelles collect\u00e9es sont utilis\u00e9es aux fins suivantes :<\/p><ul class=\"wp-block-list\"><li>Ex\u00e9cution et finalisation des processus de commande<\/li>\n\n<li>Fournir des informations sur les produits et services<\/li>\n\n<li>Fournir des services d&#039;assistance \u00e0 la client\u00e8le<\/li>\n\n<li>R\u00e9aliser des activit\u00e9s de campagne, de promotion, de publicit\u00e9 et d&#039;information<\/li>\n\n<li>Respect des obligations l\u00e9gales<\/li>\n\n<li>Analyser et am\u00e9liorer l&#039;utilisation de notre site Web<\/li><\/ul><hr class=\"wp-block-separator has-alpha-channel-opacity\"\/><h2 class=\"wp-block-heading\">3. Protection et s\u00e9curit\u00e9 des donn\u00e9es<\/h2><p>Yuya Mobilya prend toutes les mesures techniques et administratives n\u00e9cessaires pour assurer la s\u00e9curit\u00e9 de vos donn\u00e9es personnelles.<\/p><ul class=\"wp-block-list\"><li>Nos bases de donn\u00e9es et syst\u00e8mes sont stock\u00e9s dans un environnement s\u00e9curis\u00e9 et sont prot\u00e9g\u00e9s contre tout acc\u00e8s non autoris\u00e9.<\/li>\n\n<li>Notre site Web est prot\u00e9g\u00e9 par la technologie SSL (Secure Socket Layer).<\/li><\/ul><hr class=\"wp-block-separator has-alpha-channel-opacity\"\/><h2 class=\"wp-block-heading\">4. Partage des donn\u00e9es personnelles<\/h2><p>Vos donn\u00e9es personnelles ne seront pas vendues, lou\u00e9es ou utilis\u00e9es \u00e0 des fins commerciales \u00e0 des tiers. Cependant:<\/p><ul class=\"wp-block-list\"><li>Aux entreprises de fret sous contrat pour la livraison de produits,<\/li>\n\n<li>Aux institutions et organisations officielles dans le cadre des obligations l\u00e9gales,<\/li>\n\n<li>\u00c0 nos partenaires commerciaux concern\u00e9s (par exemple, les prestataires de services de paiement)<br>Le transfert de donn\u00e9es peut \u00eatre effectu\u00e9 dans la mesure n\u00e9cessaire.<\/li><\/ul><hr class=\"wp-block-separator has-alpha-channel-opacity\"\/><h2 class=\"wp-block-heading\">5. Utilisation des cookies<\/h2><p>Les cookies sont utilis\u00e9s sur notre site Web pour am\u00e9liorer l&#039;exp\u00e9rience utilisateur, analyser l&#039;utilisation du site et participer \u00e0 des activit\u00e9s de marketing.<br>Pour obtenir des informations d\u00e9taill\u00e9es sur l&#039;utilisation des cookies <a class=\"\" href=\"#\">Notre politique en mati\u00e8re de cookies<\/a> Vous pouvez r\u00e9viser.<\/p><hr class=\"wp-block-separator has-alpha-channel-opacity\"\/><h2 class=\"wp-block-heading\">6. Vos droits<\/h2><p>Dans le cadre de la loi sur la protection des donn\u00e9es personnelles n\u00b0 6698 (KVKK) ;<\/p><ul class=\"wp-block-list\"><li>Pour savoir si vos donn\u00e9es personnelles sont trait\u00e9es,<\/li>\n\n<li>Demander des informations sur vos donn\u00e9es si elles ont \u00e9t\u00e9 trait\u00e9es,<\/li>\n\n<li>Pour conna\u00eetre la finalit\u00e9 du traitement et savoir s&#039;il est utilis\u00e9 conform\u00e9ment \u00e0 sa finalit\u00e9,<\/li>\n\n<li>Conna\u00eetre les tiers auxquels les donn\u00e9es sont transf\u00e9r\u00e9es au niveau national ou \u00e0 l&#039;\u00e9tranger,<\/li>\n\n<li>Demander la correction des donn\u00e9es si elles sont incompl\u00e8tes ou trait\u00e9es de mani\u00e8re incorrecte,<\/li>\n\n<li>Demander la suppression ou la destruction conform\u00e9ment au KVKK,<\/li>\n\n<li>Demander que les transactions soient signal\u00e9es \u00e0 des tiers,<\/li>\n\n<li>S&#039;opposer \u00e0 l&#039;\u00e9mergence d&#039;un r\u00e9sultat au d\u00e9triment de la personne en analysant les donn\u00e9es trait\u00e9es uniquement par des syst\u00e8mes automatiques,<\/li>\n\n<li>Vous avez le droit de demander r\u00e9paration en cas de dommage caus\u00e9 par le traitement illicite de donn\u00e9es personnelles.<\/li><\/ul><p>Pour exercer ces droits, veuillez nous contacter. <strong><a class=\"\">info@yuyamobilya.com<\/a><\/strong> Vous pouvez nous contacter par e-mail.<\/p><hr class=\"wp-block-separator has-alpha-channel-opacity\"\/><h2 class=\"wp-block-heading\">7. Modifications<\/h2><p>Yuya Mobilya se r\u00e9serve le droit d&#039;apporter des modifications \u00e0 cette politique de confidentialit\u00e9 \u00e0 tout moment. Les mises \u00e0 jour entreront en vigueur d\u00e8s leur publication sur notre site Web.<\/p><hr class=\"wp-block-separator has-alpha-channel-opacity\"\/><p><strong>Nos coordonn\u00e9es :<\/strong><br>Meubles Yuya<br>\ud83d\udcde +90 531 262 36 40<br>\ud83d\udce7 <a class=\"\">info@yuyamobilya.com<\/a><br>\ud83d\udccd Quartier Guzelyurt, 2128. Rue n\u00b0 : 6J, Esenyurt \/ Istanbul, T\u00fcrkiye<\/p>","protected":false},"excerpt":{"rendered":"<p>Yuya Mobilya olarak, www.yuyamobilya.com web sitemizi ziyaret eden t\u00fcm kullan\u0131c\u0131lar\u0131n ki\u015fisel verilerinin gizlili\u011fine b\u00fcy\u00fck \u00f6nem veriyoruz. \u0130\u015fbu Gizlilik Politikas\u0131, ki\u015fisel verilerinizin hangi ama\u00e7larla topland\u0131\u011f\u0131, nas\u0131l kullan\u0131ld\u0131\u011f\u0131 ve korundu\u011fu hakk\u0131nda sizleri bilgilendirmek amac\u0131yla haz\u0131rlanm\u0131\u015ft\u0131r. 1. Toplanan Veriler Web sitemizi ziyaret etti\u011finizde veya \u00fcyelik\/sipari\u015f i\u015flemleri ger\u00e7ekle\u015ftirdi\u011finizde a\u015fa\u011f\u0131daki ki\u015fisel bilgiler toplanabilir: 2. Ki\u015fisel Verilerin Kullan\u0131m Ama\u00e7lar\u0131 Toplanan ki\u015fisel [&hellip;]<\/p>","protected":false},"author":1,"featured_media":0,"parent":0,"menu_order":0,"comment_status":"closed","ping_status":"closed","template":"","meta":{"footnotes":""},"class_list":["post-19970","page","type-page","status-publish","hentry"],"_links":{"self":[{"href":"https:\/\/www.yuyamobilya.com\/fr\/wp-json\/wp\/v2\/pages\/19970","targetHints":{"allow":["GET"]}}],"collection":[{"href":"https:\/\/www.yuyamobilya.com\/fr\/wp-json\/wp\/v2\/pages"}],"about":[{"href":"https:\/\/www.yuyamobilya.com\/fr\/wp-json\/wp\/v2\/types\/page"}],"author":[{"embeddable":true,"href":"https:\/\/www.yuyamobilya.com\/fr\/wp-json\/wp\/v2\/users\/1"}],"replies":[{"embeddable":true,"href":"https:\/\/www.yuyamobilya.com\/fr\/wp-json\/wp\/v2\/comments?post=19970"}],"version-history":[{"count":1,"href":"https:\/\/www.yuyamobilya.com\/fr\/wp-json\/wp\/v2\/pages\/19970\/revisions"}],"predecessor-version":[{"id":19972,"href":"https:\/\/www.yuyamobilya.com\/fr\/wp-json\/wp\/v2\/pages\/19970\/revisions\/19972"}],"wp:attachment":[{"href":"https:\/\/www.yuyamobilya.com\/fr\/wp-json\/wp\/v2\/media?parent=19970"}],"curies":[{"name":"wp","href":"https:\/\/api.w.org\/{rel}","templated":true}]}}