{"id":19969,"date":"2025-04-22T02:07:05","date_gmt":"2025-04-22T02:07:05","guid":{"rendered":"https:\/\/www.yuyamobilya.com\/?page_id=19969"},"modified":"2025-04-22T02:07:07","modified_gmt":"2025-04-22T02:07:07","slug":"mesafeli-satis-sozlesmesi","status":"publish","type":"page","link":"https:\/\/www.yuyamobilya.com\/fr\/mesafeli-satis-sozlesmesi\/","title":{"rendered":"Contrat de vente \u00e0 distance"},"content":{"rendered":"<p><strong>Cet accord<\/strong>, les informations sont donn\u00e9es ci-dessous <strong>Vendeur<\/strong> avec <strong>Acheteur<\/strong> Elle a \u00e9t\u00e9 \u00e9tablie \u00e9lectroniquement conform\u00e9ment \u00e0 la loi sur la protection des consommateurs n\u00b0 6502 et au r\u00e8glement sur les contrats \u00e0 distance.<\/p><hr class=\"wp-block-separator has-alpha-channel-opacity\"\/><h2 class=\"wp-block-heading\">1. Parties<\/h2><p><strong>Vendeur :<\/strong><\/p><ul class=\"wp-block-list\"><li>Titre: <strong>Meubles Yuya<\/strong><\/li>\n\n<li>Adresse : District de Guzelyurt, 2128. Rue n\u00b0 : 6J, Esenyurt \/ Istanbul, T\u00fcrkiye<\/li>\n\n<li>T\u00e9l\u00e9phone : +90 531 262 36 40<\/li>\n\n<li>E-mail: <a class=\"\">info@yuyamobilya.com<\/a><\/li>\n\n<li>Site web: <a class=\"\" href=\"https:\/\/www.yuyamobilya.com\/fr\/\">www.yuyamobilya.com<\/a><\/li><\/ul><p><strong>Acheteur:<\/strong><\/p><ul class=\"wp-block-list\"><li>Nom\/Pr\u00e9nom : [\u00c0 saisir par le destinataire]<\/li>\n\n<li>Adresse : [\u00c0 saisir par le destinataire]<\/li>\n\n<li>T\u00e9l\u00e9phone : [\u00c0 saisir par l&#039;acheteur]<\/li>\n\n<li>Courriel : [\u00c0 saisir par le destinataire]<\/li><\/ul><hr class=\"wp-block-separator has-alpha-channel-opacity\"\/><h2 class=\"wp-block-heading\">2. Objet de l&#039;accord<\/h2><p>L&#039;objet du pr\u00e9sent contrat est la propri\u00e9t\u00e9 de l&#039;Acheteur, du Vendeur <a class=\"\" href=\"https:\/\/www.yuyamobilya.com\/fr\/\">www.yuyamobilya.com<\/a> Il s&#039;agit de la d\u00e9termination des droits et obligations des parties concernant la vente et la livraison du\/des produit(s) command\u00e9(s) par voie \u00e9lectronique via le site Internet.<\/p><hr class=\"wp-block-separator has-alpha-channel-opacity\"\/><h2 class=\"wp-block-heading\">3. Informations sur le produit<\/h2><ul class=\"wp-block-list\"><li>Produit(s) : [Produit(s) sp\u00e9cifi\u00e9(s) dans les d\u00e9tails de la commande]<\/li>\n\n<li>Quantit\u00e9 : [Quantit\u00e9 command\u00e9e]<\/li>\n\n<li>Prix de vente : [Montant total incluant le prix du produit et les frais de port]<\/li>\n\n<li>Mode de paiement : [Carte de cr\u00e9dit \/ Mandat \/ EFT \/ Paiement \u00e0 la livraison, etc.]<\/li>\n\n<li>Adresse de livraison : [\u00c0 saisir par l&#039;acheteur]<\/li><\/ul><hr class=\"wp-block-separator has-alpha-channel-opacity\"\/><h2 class=\"wp-block-heading\">4. Livraison et conditions de livraison<\/h2><ul class=\"wp-block-list\"><li>Le produit sera envoy\u00e9 \u00e0 l&#039;adresse de livraison indiqu\u00e9e par l&#039;Acheteur.<\/li>\n\n<li>Le d\u00e9lai de livraison peut varier entre 3 et 30 jours ouvrables selon l&#039;\u00e9tat du stock et les caract\u00e9ristiques du produit.<\/li>\n\n<li>La livraison des produits est effectu\u00e9e par la soci\u00e9t\u00e9 de transport sous contrat ou par l&#039;\u00e9quipe Yuya Furniture.<\/li>\n\n<li>Les frais de livraison sont \u00e0 la charge de l&#039;Acheteur sauf mention contraire.<\/li><\/ul><hr class=\"wp-block-separator has-alpha-channel-opacity\"\/><h2 class=\"wp-block-heading\">5. Droit de r\u00e9tractation<\/h2><ul class=\"wp-block-list\"><li>L&#039;acheteur est responsable de la livraison du produit <strong>14 jours<\/strong> a le droit de r\u00e9silier le contrat sans donner de motif et sans payer de p\u00e9nalit\u00e9.<\/li>\n\n<li>Afin d&#039;exercer le droit de r\u00e9tractation, une notification \u00e9crite doit \u00eatre adress\u00e9e au Vendeur dans ce d\u00e9lai.<\/li>\n\n<li>Lorsque le droit de r\u00e9tractation est exerc\u00e9, le produit doit \u00eatre retourn\u00e9 complet et non endommag\u00e9 avec son emballage d&#039;origine, ses accessoires et sa facture.<\/li><\/ul><p><strong>Situations dans lesquelles le droit de r\u00e9tractation ne peut \u00eatre exerc\u00e9 :<\/strong><\/p><ul class=\"wp-block-list\"><li>Pour les produits fabriqu\u00e9s selon les demandes particuli\u00e8res de l&#039;Acheteur ou clairement ses besoins personnels (taille, couleur, tissu personnalis\u00e9s, etc.)<\/li>\n\n<li>Dans les produits qui ont \u00e9t\u00e9 install\u00e9s, utilis\u00e9s ou assembl\u00e9s,<\/li>\n\n<li>Pour les produits susceptibles de se d\u00e9t\u00e9riorer rapidement ou de se p\u00e9rimer,<br>Le droit de r\u00e9tractation ne peut \u00eatre exerc\u00e9.<\/li><\/ul><hr class=\"wp-block-separator has-alpha-channel-opacity\"\/><h2 class=\"wp-block-heading\">6. Processus de retour<\/h2><ul class=\"wp-block-list\"><li>En cas d&#039;exercice du droit de r\u00e9tractation, suite \u00e0 la livraison du produit au Vendeur, <strong>14 jours ouvrables<\/strong> Le prix du produit sera rembours\u00e9 \u00e0 l&#039;Acheteur dans un d\u00e9lai de .<\/li>\n\n<li>Le paiement du retour sera effectu\u00e9 conform\u00e9ment au mode de paiement de l&#039;Acheteur.<\/li>\n\n<li>Les frais de livraison sont g\u00e9n\u00e9ralement \u00e0 la charge de l&#039;Acheteur lorsque le droit de r\u00e9tractation est exerc\u00e9.<\/li><\/ul><hr class=\"wp-block-separator has-alpha-channel-opacity\"\/><h2 class=\"wp-block-heading\">7. D\u00e9fauts du produit<\/h2><ul class=\"wp-block-list\"><li>Si un dommage, une d\u00e9ficience ou un d\u00e9faut est constat\u00e9 lors de la livraison du produit, l&#039;Acheteur doit faire \u00e9tablir un rapport par le transporteur avant de recevoir le produit.<\/li>\n\n<li>En cas de d\u00e9faut de fabrication constat\u00e9 apr\u00e8s r\u00e9ception du produit, une notification \u00e9crite doit \u00eatre adress\u00e9e au Vendeur dans un d\u00e9lai de 7 jours au plus tard.<\/li><\/ul><hr class=\"wp-block-separator has-alpha-channel-opacity\"\/><h2 class=\"wp-block-heading\">8. Confidentialit\u00e9 et donn\u00e9es personnelles<\/h2><ul class=\"wp-block-list\"><li>Toutes les donn\u00e9es personnelles partag\u00e9es par l&#039;Acheteur lors de l&#039;adh\u00e9sion et de la commande, <a class=\"\" href=\"#\">Texte d&#039;information KVKK<\/a> Elles sont prot\u00e9g\u00e9es dans le cadre de la protection des donn\u00e9es et ne sont pas partag\u00e9es avec des tiers.<\/li><\/ul><hr class=\"wp-block-separator has-alpha-channel-opacity\"\/><h2 class=\"wp-block-heading\">9. R\u00e9solution des litiges<\/h2><ul class=\"wp-block-list\"><li>En cas de litige pouvant d\u00e9couler du pr\u00e9sent contrat, les comit\u00e9s d&#039;arbitrage des consommateurs ou les tribunaux de consommation du lieu de r\u00e9sidence de l&#039;acheteur sont comp\u00e9tents, dans les limites mon\u00e9taires d\u00e9clar\u00e9es par le minist\u00e8re du Commerce de la R\u00e9publique de Turquie.<\/li><\/ul><hr class=\"wp-block-separator has-alpha-channel-opacity\"\/><h2 class=\"wp-block-heading\">10. Entr\u00e9e en vigueur<\/h2><ul class=\"wp-block-list\"><li>En passant une commande via yuyamobilya.com, l&#039;Acheteur est r\u00e9put\u00e9 avoir accept\u00e9 toutes les conditions sp\u00e9cifi\u00e9es dans le pr\u00e9sent Contrat de Vente \u00e0 Distance.<\/li><\/ul><hr class=\"wp-block-separator has-alpha-channel-opacity\"\/><p><strong>Coordonn\u00e9es du vendeur :<\/strong><br>Meubles Yuya<br>\ud83d\udcde +90 531 262 36 40<br>\ud83d\udce7 <a class=\"\">info@yuyamobilya.com<\/a><br>\ud83d\udccd Quartier Guzelyurt, 2128. Rue n\u00b0 : 6J, Esenyurt \/ Istanbul, T\u00fcrkiye<\/p>","protected":false},"excerpt":{"rendered":"<p>\u0130\u015fbu S\u00f6zle\u015fme, a\u015fa\u011f\u0131da bilgileri bulunan Sat\u0131c\u0131 ile Al\u0131c\u0131 aras\u0131nda, 6502 say\u0131l\u0131 T\u00fcketicinin Korunmas\u0131 Hakk\u0131nda Kanun ve Mesafeli S\u00f6zle\u015fmeler Y\u00f6netmeli\u011fi uyar\u0131nca elektronik ortamda kurulmu\u015ftur. 1. Taraflar Sat\u0131c\u0131: Al\u0131c\u0131: 2. S\u00f6zle\u015fmenin Konusu \u0130\u015fbu s\u00f6zle\u015fmenin konusu, Al\u0131c\u0131\u2019n\u0131n, Sat\u0131c\u0131\u2019ya ait www.yuyamobilya.com internet sitesi \u00fczerinden elektronik ortamda sipari\u015fini verdi\u011fi \u00fcr\u00fcn\/\u00fcr\u00fcnlerin sat\u0131\u015f\u0131 ve teslimine ili\u015fkin taraflar\u0131n hak ve y\u00fck\u00fcml\u00fcl\u00fcklerinin belirlenmesidir. 3. [&hellip;]<\/p>","protected":false},"author":1,"featured_media":0,"parent":0,"menu_order":0,"comment_status":"closed","ping_status":"closed","template":"","meta":{"footnotes":""},"class_list":["post-19969","page","type-page","status-publish","hentry"],"_links":{"self":[{"href":"https:\/\/www.yuyamobilya.com\/fr\/wp-json\/wp\/v2\/pages\/19969","targetHints":{"allow":["GET"]}}],"collection":[{"href":"https:\/\/www.yuyamobilya.com\/fr\/wp-json\/wp\/v2\/pages"}],"about":[{"href":"https:\/\/www.yuyamobilya.com\/fr\/wp-json\/wp\/v2\/types\/page"}],"author":[{"embeddable":true,"href":"https:\/\/www.yuyamobilya.com\/fr\/wp-json\/wp\/v2\/users\/1"}],"replies":[{"embeddable":true,"href":"https:\/\/www.yuyamobilya.com\/fr\/wp-json\/wp\/v2\/comments?post=19969"}],"version-history":[{"count":1,"href":"https:\/\/www.yuyamobilya.com\/fr\/wp-json\/wp\/v2\/pages\/19969\/revisions"}],"predecessor-version":[{"id":19971,"href":"https:\/\/www.yuyamobilya.com\/fr\/wp-json\/wp\/v2\/pages\/19969\/revisions\/19971"}],"wp:attachment":[{"href":"https:\/\/www.yuyamobilya.com\/fr\/wp-json\/wp\/v2\/media?parent=19969"}],"curies":[{"name":"wp","href":"https:\/\/api.w.org\/{rel}","templated":true}]}}