{"id":19967,"date":"2025-04-22T02:05:43","date_gmt":"2025-04-22T02:05:43","guid":{"rendered":"https:\/\/www.yuyamobilya.com\/?page_id=19967"},"modified":"2025-04-22T02:05:45","modified_gmt":"2025-04-22T02:05:45","slug":"uyelik-sozlesmesi","status":"publish","type":"page","link":"https:\/\/www.yuyamobilya.com\/fr\/uyelik-sozlesmesi\/","title":{"rendered":"Contrat d&#039;adh\u00e9sion"},"content":{"rendered":"<p>Le pr\u00e9sent Contrat d\u2019adh\u00e9sion (\u00ab Contrat \u00bb), <strong>yuyamobilya.com<\/strong> les visiteurs du site Web et les utilisateurs qui sont membres du site (\u00ab Membres \u00bb)<br><strong>Meubles Yuya<\/strong> (\u00ab Soci\u00e9t\u00e9 \u00bb) a \u00e9t\u00e9 constitu\u00e9e selon les termes et conditions suivants.<\/p><h2 class=\"wp-block-heading\">1. Parties<\/h2><ul class=\"wp-block-list\"><li><strong>Ferme:<\/strong><br>Titre : Meubles Yuya<br>Adresse : District de Guzelyurt, 2128. Rue n\u00b0 : 6J, Esenyurt \/ Istanbul, T\u00fcrkiye<br>T\u00e9l\u00e9phone : +90 531 262 36 40<br>E-mail: <a class=\"\">info@yuyamobilya.com<\/a><\/li>\n\n<li><strong>Membre:<\/strong><br>La personne qui partage ses informations en remplissant le formulaire d&#039;adh\u00e9sion sur le site Web et dont l&#039;adh\u00e9sion est approuv\u00e9e.<\/li><\/ul><h2 class=\"wp-block-heading\">2. Conditions d&#039;adh\u00e9sion<\/h2><ul class=\"wp-block-list\"><li>Pour devenir membre, vous devez \u00eatre \u00e2g\u00e9 de 18 ans ou plus.<\/li>\n\n<li>Le membre d\u00e9clare que les informations fournies sont exactes, compl\u00e8tes et \u00e0 jour. La responsabilit\u00e9 d\u00e9coulant d&#039;informations erron\u00e9es ou incompl\u00e8tes fournies incombe au membre.<\/li>\n\n<li>Le membre est personnellement responsable de toutes les transactions effectu\u00e9es via yuyamobilya.com.<\/li><\/ul><h2 class=\"wp-block-heading\">3. Droits et obligations des membres<\/h2><ul class=\"wp-block-list\"><li>Le membre s&#039;engage \u00e0 agir conform\u00e9ment aux r\u00e9glementations l\u00e9gales, \u00e0 la morale et aux r\u00e8gles g\u00e9n\u00e9rales lors de l&#039;utilisation du site.<\/li>\n\n<li>Les membres ne peuvent pas s\u2019engager dans des activit\u00e9s qui porteraient atteinte aux droits d\u2019autrui, fournir de fausses informations ou faire un usage abusif du site.<\/li>\n\n<li>Le membre est responsable d\u2019assurer la s\u00e9curit\u00e9 de son compte. Le Membre est responsable de toutes les cons\u00e9quences pouvant survenir si le mot de passe est partag\u00e9 avec des tiers.<\/li>\n\n<li>Le membre est responsable de la mise \u00e0 jour de ses informations d\u2019adh\u00e9sion. La Soci\u00e9t\u00e9 ne peut \u00eatre tenue responsable des perturbations qui pourraient survenir du fait d&#039;une absence de mise \u00e0 jour des informations.<\/li><\/ul><h2 class=\"wp-block-heading\">4. Droits et obligations de la Soci\u00e9t\u00e9<\/h2><ul class=\"wp-block-list\"><li>L&#039;entreprise collecte les informations personnelles fournies par le membre <a class=\"\" href=\"#\">Politique du KVKK<\/a> le garde confidentiel et ne le partage pas avec des tiers.<\/li>\n\n<li>La Soci\u00e9t\u00e9 se r\u00e9serve le droit d&#039;apporter des modifications unilat\u00e9rales au Contrat d&#039;adh\u00e9sion si n\u00e9cessaire. Les modifications entreront en vigueur \u00e0 la date de leur publication sur le site.<\/li>\n\n<li>La soci\u00e9t\u00e9 se r\u00e9serve le droit de modifier, suspendre ou r\u00e9silier le contenu et les services du site \u00e0 tout moment.<\/li><\/ul><h2 class=\"wp-block-heading\">5. R\u00e9siliation de l&#039;adh\u00e9sion<\/h2><ul class=\"wp-block-list\"><li>Le membre peut r\u00e9silier son adh\u00e9sion \u00e0 tout moment en demandant l&#039;annulation de son adh\u00e9sion via le site Internet.<\/li>\n\n<li>Si la soci\u00e9t\u00e9 constate que le membre a agi contrairement au pr\u00e9sent accord ou aux r\u00e8gles d&#039;utilisation du site, elle a le droit de r\u00e9silier unilat\u00e9ralement l&#039;adh\u00e9sion.<\/li><\/ul><h2 class=\"wp-block-heading\">6. Droits de propri\u00e9t\u00e9 intellectuelle<\/h2><ul class=\"wp-block-list\"><li>Toutes les images, contenus, marques et designs sur yuyamobilya.com appartiennent \u00e0 Yuya Mobilya. Les membres ne peuvent pas copier, reproduire, publier ou distribuer ces contenus sans autorisation.<\/li><\/ul><h2 class=\"wp-block-heading\">7. Entr\u00e9e en vigueur de l&#039;Accord<\/h2><ul class=\"wp-block-list\"><li>Le membre est r\u00e9put\u00e9 avoir accept\u00e9 le pr\u00e9sent accord en remplissant le formulaire d&#039;adh\u00e9sion sur le site Internet et en cochant la case \u00ab J&#039;ai lu et j&#039;accepte le contrat d&#039;adh\u00e9sion \u00bb.<\/li><\/ul><h2 class=\"wp-block-heading\">8. R\u00e9solution des litiges<\/h2><ul class=\"wp-block-list\"><li>Les tribunaux et les bureaux d&#039;ex\u00e9cution d&#039;Istanbul (\u00c7a\u011flayan) sont comp\u00e9tents pour conna\u00eetre des litiges pouvant survenir concernant le pr\u00e9sent accord.<\/li>\n\n<li>Les parties tenteront de r\u00e9soudre les diff\u00e9rends principalement par la n\u00e9gociation.<\/li><\/ul><hr class=\"wp-block-separator has-alpha-channel-opacity\"\/><p><strong>Coordonn\u00e9es:<\/strong><br>Meubles Yuya<br>\ud83d\udcde +90 531 262 36 40<br>\ud83d\udce7 <a class=\"\">info@yuyamobilya.com<\/a><br>\ud83d\udccd Quartier Guzelyurt, 2128. Rue n\u00b0 : 6J, Esenyurt \/ Istanbul, T\u00fcrkiye<\/p>","protected":false},"excerpt":{"rendered":"<p>Bu \u00dcyelik S\u00f6zle\u015fmesi (&#8220;S\u00f6zle\u015fme&#8221;), yuyamobilya.com web sitesini kullanan ziyaret\u00e7iler ve siteye \u00fcye olan kullan\u0131c\u0131lar (&#8220;\u00dcye&#8221;) ileYuya Mobilya (&#8220;Firma&#8221;) aras\u0131nda a\u015fa\u011f\u0131daki \u015fartlar ve ko\u015fullar dahilinde d\u00fczenlenmi\u015ftir. 1. Taraflar 2. \u00dcyelik Ko\u015fullar\u0131 3. \u00dcye&#8217;nin Hak ve Y\u00fck\u00fcml\u00fcl\u00fckleri 4. Firma&#8217;n\u0131n Hak ve Y\u00fck\u00fcml\u00fcl\u00fckleri 5. \u00dcyeli\u011fin Sona Ermesi 6. Fikri M\u00fclkiyet Haklar\u0131 7. S\u00f6zle\u015fmenin Y\u00fcr\u00fcrl\u00fc\u011fe Girmesi 8. Uyu\u015fmazl\u0131klar\u0131n \u00c7\u00f6z\u00fcm\u00fc [&hellip;]<\/p>","protected":false},"author":1,"featured_media":0,"parent":0,"menu_order":0,"comment_status":"closed","ping_status":"closed","template":"","meta":{"footnotes":""},"class_list":["post-19967","page","type-page","status-publish","hentry"],"_links":{"self":[{"href":"https:\/\/www.yuyamobilya.com\/fr\/wp-json\/wp\/v2\/pages\/19967","targetHints":{"allow":["GET"]}}],"collection":[{"href":"https:\/\/www.yuyamobilya.com\/fr\/wp-json\/wp\/v2\/pages"}],"about":[{"href":"https:\/\/www.yuyamobilya.com\/fr\/wp-json\/wp\/v2\/types\/page"}],"author":[{"embeddable":true,"href":"https:\/\/www.yuyamobilya.com\/fr\/wp-json\/wp\/v2\/users\/1"}],"replies":[{"embeddable":true,"href":"https:\/\/www.yuyamobilya.com\/fr\/wp-json\/wp\/v2\/comments?post=19967"}],"version-history":[{"count":1,"href":"https:\/\/www.yuyamobilya.com\/fr\/wp-json\/wp\/v2\/pages\/19967\/revisions"}],"predecessor-version":[{"id":19968,"href":"https:\/\/www.yuyamobilya.com\/fr\/wp-json\/wp\/v2\/pages\/19967\/revisions\/19968"}],"wp:attachment":[{"href":"https:\/\/www.yuyamobilya.com\/fr\/wp-json\/wp\/v2\/media?parent=19967"}],"curies":[{"name":"wp","href":"https:\/\/api.w.org\/{rel}","templated":true}]}}