{"id":19962,"date":"2025-04-22T02:02:32","date_gmt":"2025-04-22T02:02:32","guid":{"rendered":"https:\/\/www.yuyamobilya.com\/?page_id=19962"},"modified":"2025-04-22T02:02:33","modified_gmt":"2025-04-22T02:02:33","slug":"teslimat-kosullari","status":"publish","type":"page","link":"https:\/\/www.yuyamobilya.com\/fr\/teslimat-kosullari\/","title":{"rendered":"Conditions de livraison"},"content":{"rendered":"<p>En tant que Yuya Furniture, nous travaillons m\u00e9ticuleusement pour garantir que les produits que vous achetez vous parviennent le plus rapidement et le plus en toute s\u00e9curit\u00e9 possible. Tous les d\u00e9tails concernant nos processus de livraison sont fournis \u00e0 titre informatif ci-dessous.<\/p><h2 class=\"wp-block-heading\">D\u00e9lai de livraison<\/h2><ul class=\"wp-block-list\"><li>Le d\u00e9lai de livraison des produits achet\u00e9s varie en fonction de l&#039;\u00e9tat des stocks et du processus de production.<\/li>\n\n<li>Le d\u00e9lai de livraison des produits en stock est compris entre 3 et 7 jours ouvrables \u00e0 Istanbul et 7 \u00e0 15 jours ouvrables en dehors d&#039;Istanbul.<\/li>\n\n<li>Pour les produits de production sur mesure ou de conception personnalis\u00e9e, le d\u00e9lai de livraison peut varier entre 21 et 30 jours ouvrables selon les caract\u00e9ristiques du produit.<\/li><\/ul><h2 class=\"wp-block-heading\">Zones de livraison<\/h2><ul class=\"wp-block-list\"><li>Nous proposons un service de livraison dans toute la Turquie.<\/li>\n\n<li>Les livraisons \u00e0 Istanbul sont effectu\u00e9es directement par l&#039;\u00e9quipe Yuya Mobilya.<\/li>\n\n<li>Les livraisons en dehors d&#039;Istanbul sont effectu\u00e9es par des soci\u00e9t\u00e9s de logistique sous contrat.<\/li><\/ul><h2 class=\"wp-block-heading\">Frais de livraison<\/h2><ul class=\"wp-block-list\"><li>Nos livraisons dans certaines zones d&#039;Istanbul sont gratuites.<\/li>\n\n<li>Pour les livraisons en dehors d&#039;Istanbul, les frais de port peuvent varier en fonction du volume du produit et de l&#039;adresse de livraison.<\/li>\n\n<li>Vous pouvez obtenir des informations sur les frais de livraison et les d\u00e9tails aupr\u00e8s de notre repr\u00e9sentant client avant de commander.<\/li><\/ul><h2 class=\"wp-block-heading\">M\u00e9thode de livraison<\/h2><ul class=\"wp-block-list\"><li>La livraison est effectu\u00e9e devant l&#039;immeuble.<\/li>\n\n<li>Une \u00e9quipe d&#039;installation est \u00e9galement organis\u00e9e pour nos clients qui demandent un service d&#039;installation. Le service d&#039;installation peut \u00eatre factur\u00e9 s\u00e9par\u00e9ment.<\/li>\n\n<li>Des services de transport suppl\u00e9mentaires peuvent \u00eatre n\u00e9cessaires pour les livraisons dans des b\u00e2timents sans ascenseur, avec des escaliers \u00e9troits ou dans des immeubles de grande hauteur. Dans ce cas, les \u00e9ventuels frais suppl\u00e9mentaires qui pourraient survenir seront \u00e0 la charge du client.<\/li><\/ul><h2 class=\"wp-block-heading\">\u00c9l\u00e9ments \u00e0 prendre en compte lors de l&#039;accouchement<\/h2><ul class=\"wp-block-list\"><li>Lors de la r\u00e9ception du produit, l&#039;emballage doit \u00eatre v\u00e9rifi\u00e9, et en cas de dommage ou de manque, un proc\u00e8s-verbal doit \u00eatre conserv\u00e9 par le livreur.<\/li>\n\n<li>Yuya Furniture n&#039;accepte aucune responsabilit\u00e9 pour les dommages pouvant survenir en raison du transport de produits re\u00e7us sans rapport.<\/li><\/ul><h2 class=\"wp-block-heading\">Conditions de retour et d&#039;\u00e9change<\/h2><ul class=\"wp-block-list\"><li>Si un d\u00e9faut de fabrication est d\u00e9tect\u00e9 sur le produit apr\u00e8s la livraison, nous devons en \u00eatre inform\u00e9s dans les 7 jours ouvrables.<\/li>\n\n<li>Les processus d&#039;\u00e9change ou de retour peuvent \u00eatre initi\u00e9s \u00e0 condition que les produits soient inutilis\u00e9s, non endommag\u00e9s et dans leur emballage d&#039;origine.<\/li>\n\n<li>Dans les processus de retour et d&#039;\u00e9change, les frais de livraison peuvent \u00eatre \u00e0 la charge du client. Pour des informations d\u00e9taill\u00e9es, veuillez <a class=\"\" href=\"#\">Conditions de retour et d&#039;\u00e9change<\/a> Veuillez consulter notre page.<\/li><\/ul><hr class=\"wp-block-separator has-alpha-channel-opacity\"\/><p><strong>Pour nous contacter :<\/strong><br>\ud83d\udcde +90 531 262 36 40<br>\ud83d\udce7 <a class=\"\">info@yuyamobilya.com<\/a><br>\ud83d\udccd Quartier Guzelyurt, 2128. Rue n\u00b0 : 6J, Esenyurt \/ Istanbul, T\u00fcrkiye<\/p>","protected":false},"excerpt":{"rendered":"<p>Yuya Mobilya olarak, sat\u0131n ald\u0131\u011f\u0131n\u0131z \u00fcr\u00fcnlerin en k\u0131sa s\u00fcrede ve en g\u00fcvenli \u015fekilde sizlere ula\u015fmas\u0131 i\u00e7in titizlikle \u00e7al\u0131\u015f\u0131yoruz. Teslimat s\u00fcre\u00e7lerimize dair t\u00fcm detaylar a\u015fa\u011f\u0131da bilgilerinize sunulmu\u015ftur. Teslimat S\u00fcresi Teslimat B\u00f6lgeleri Teslimat \u00dccretleri Teslimat \u015eekli Teslimat An\u0131nda Dikkat Edilmesi Gerekenler \u0130ade ve De\u011fi\u015fim Ko\u015fullar\u0131 \u0130leti\u015fim i\u00e7in:&#x1f4de; +90 531 262 36 40&#x1f4e7; info@yuyamobilya.com&#x1f4cd; G\u00fczelyurt Mahallesi, 2128. Sokak [&hellip;]<\/p>","protected":false},"author":1,"featured_media":0,"parent":0,"menu_order":0,"comment_status":"closed","ping_status":"closed","template":"","meta":{"footnotes":""},"class_list":["post-19962","page","type-page","status-publish","hentry"],"_links":{"self":[{"href":"https:\/\/www.yuyamobilya.com\/fr\/wp-json\/wp\/v2\/pages\/19962","targetHints":{"allow":["GET"]}}],"collection":[{"href":"https:\/\/www.yuyamobilya.com\/fr\/wp-json\/wp\/v2\/pages"}],"about":[{"href":"https:\/\/www.yuyamobilya.com\/fr\/wp-json\/wp\/v2\/types\/page"}],"author":[{"embeddable":true,"href":"https:\/\/www.yuyamobilya.com\/fr\/wp-json\/wp\/v2\/users\/1"}],"replies":[{"embeddable":true,"href":"https:\/\/www.yuyamobilya.com\/fr\/wp-json\/wp\/v2\/comments?post=19962"}],"version-history":[{"count":1,"href":"https:\/\/www.yuyamobilya.com\/fr\/wp-json\/wp\/v2\/pages\/19962\/revisions"}],"predecessor-version":[{"id":19964,"href":"https:\/\/www.yuyamobilya.com\/fr\/wp-json\/wp\/v2\/pages\/19962\/revisions\/19964"}],"wp:attachment":[{"href":"https:\/\/www.yuyamobilya.com\/fr\/wp-json\/wp\/v2\/media?parent=19962"}],"curies":[{"name":"wp","href":"https:\/\/api.w.org\/{rel}","templated":true}]}}