{"id":19960,"date":"2025-04-22T01:57:31","date_gmt":"2025-04-22T01:57:31","guid":{"rendered":"https:\/\/www.yuyamobilya.com\/?page_id=19960"},"modified":"2025-04-22T01:57:33","modified_gmt":"2025-04-22T01:57:33","slug":"kisisel-verilerin-korunmasi-ve-islenmesi-politikasi","status":"publish","type":"page","link":"https:\/\/www.yuyamobilya.com\/fr\/kisisel-verilerin-korunmasi-ve-islenmesi-politikasi\/","title":{"rendered":"Politique de protection et de traitement des donn\u00e9es personnelles"},"content":{"rendered":"<p><strong>Meubles Yuya<\/strong> En tant qu&#039;entreprise, nous attachons une grande importance \u00e0 la confidentialit\u00e9 et \u00e0 la s\u00e9curit\u00e9 des donn\u00e9es personnelles de nos clients dans le cadre de la loi sur la protection des donn\u00e9es personnelles n\u00b0 6698 (\u00ab KVKK \u00bb). Pour cette raison, nous agissons conform\u00e9ment au KVKK et \u00e0 la l\u00e9gislation en vigueur dans les processus de collecte, de traitement, de stockage et de protection de vos donn\u00e9es personnelles.<\/p><h2 class=\"wp-block-heading\">1. Responsable du traitement des donn\u00e9es<\/h2><p>Dans le cadre de la pr\u00e9sente politique, la soci\u00e9t\u00e9 agissant en qualit\u00e9 de responsable du traitement :<br><strong>Meubles Yuya<\/strong><br>Adresse : [Adresse de l&#039;entreprise]<br>T\u00e9l\u00e9phone : [Num\u00e9ro de t\u00e9l\u00e9phone]<br>Courriel : [Adresse courriel]<br>Site Web\u00a0: [Adresse du site Web]<\/p><h2 class=\"wp-block-heading\">2. Donn\u00e9es personnelles trait\u00e9es<\/h2><p>Les donn\u00e9es personnelles suivantes peuvent \u00eatre trait\u00e9es :<\/p><ul class=\"wp-block-list\"><li>Informations d&#039;identit\u00e9 (nom, pr\u00e9nom, date de naissance, etc.)<\/li>\n\n<li>Coordonn\u00e9es (adresse, num\u00e9ro de t\u00e9l\u00e9phone, e-mail, etc.)<\/li>\n\n<li>Informations sur la transaction client (informations sur la commande, informations de paiement, etc.)<\/li>\n\n<li>Informations financi\u00e8res (informations sur le compte bancaire, informations de facturation, etc.)<\/li>\n\n<li>Informations sur l&#039;utilisation du site Web (adresse IP, donn\u00e9es de cookies, etc.)<\/li><\/ul><h2 class=\"wp-block-heading\">3. M\u00e9thodes de collecte des donn\u00e9es personnelles<\/h2><p>Vos donn\u00e9es personnelles :<\/p><ul class=\"wp-block-list\"><li>En utilisant notre site Web,<\/li>\n\n<li>Par e-mail, t\u00e9l\u00e9phone et autres canaux de communication,<\/li>\n\n<li>Elle est collect\u00e9e directement lors des processus de vente et de service.<\/li><\/ul><h2 class=\"wp-block-heading\">4. Finalit\u00e9s du traitement des donn\u00e9es personnelles<\/h2><p>Vos donn\u00e9es personnelles collect\u00e9es :<\/p><ul class=\"wp-block-list\"><li>R\u00e9aliser des processus de vente et de service,<\/li>\n\n<li>D\u00e9veloppement de produits et services,<\/li>\n\n<li>Augmenter la satisfaction client,<\/li>\n\n<li>R\u00e9aliser des activit\u00e9s de communication,<\/li>\n\n<li>Elles sont trait\u00e9es dans le but de remplir des obligations l\u00e9gales.<\/li><\/ul><h2 class=\"wp-block-heading\">5. Transfert de donn\u00e9es personnelles<\/h2><p>Vos donn\u00e9es personnelles, dans le cadre des conditions pr\u00e9cis\u00e9es dans le KVKK :<\/p><ul class=\"wp-block-list\"><li>\u00c0 nos partenaires commerciaux,<\/li>\n\n<li>\u00c0 nos fournisseurs,<\/li>\n\n<li>Les \u00e9tablissements et organismes publics autoris\u00e9s,<\/li>\n\n<li>Elle ne peut \u00eatre transf\u00e9r\u00e9e que conform\u00e9ment \u00e0 la l\u00e9gislation en vigueur.<\/li><\/ul><h2 class=\"wp-block-heading\">6. Dur\u00e9e de conservation des donn\u00e9es personnelles<\/h2><p>Vos donn\u00e9es personnelles sont conserv\u00e9es pendant les dur\u00e9es requises par les obligations l\u00e9gales applicables, et \u00e0 l\u2019issue de cette p\u00e9riode, elles sont supprim\u00e9es, d\u00e9truites ou anonymis\u00e9es de mani\u00e8re s\u00e9curis\u00e9e.<\/p><h2 class=\"wp-block-heading\">7. Droits de la personne concern\u00e9e<\/h2><p>En tant que propri\u00e9taires de donn\u00e9es au sens de l&#039;article 11 du KVKK :<\/p><ul class=\"wp-block-list\"><li>Pour savoir si vos donn\u00e9es personnelles sont trait\u00e9es,<\/li>\n\n<li>Demander des informations sur vos donn\u00e9es si elles ont \u00e9t\u00e9 trait\u00e9es,<\/li>\n\n<li>Conna\u00eetre la finalit\u00e9 du traitement et savoir s&#039;il est utilis\u00e9 de mani\u00e8re appropri\u00e9e,<\/li>\n\n<li>Conna\u00eetre les tiers auxquels les donn\u00e9es personnelles sont transf\u00e9r\u00e9es, que ce soit au niveau national ou \u00e0 l&#039;\u00e9tranger,<\/li>\n\n<li>Demander une correction si elle est trait\u00e9e de mani\u00e8re incompl\u00e8te ou incorrecte,<\/li>\n\n<li>Demander la suppression ou la destruction dans le cadre des conditions pr\u00e9vues par la l\u00e9gislation,<\/li>\n\n<li>Demander la notification aux tiers auxquels vos donn\u00e9es ont \u00e9t\u00e9 transf\u00e9r\u00e9es,<\/li>\n\n<li>S&#039;opposer \u00e0 l&#039;\u00e9mergence d&#039;un r\u00e9sultat pr\u00e9judiciable \u00e0 la personne en analysant les donn\u00e9es trait\u00e9es exclusivement par des syst\u00e8mes automatis\u00e9s,<\/li>\n\n<li>En cas de dommage caus\u00e9 par un traitement illicite de donn\u00e9es personnelles, vous avez le droit d&#039;exiger une indemnisation pour le dommage.<\/li><\/ul><p>Vous pouvez soumettre vos demandes concernant ces droits, accompagn\u00e9es de documents confirmant votre identit\u00e9, \u00e0 [Adresse e-mail] ou par \u00e9crit \u00e0 [Adresse de l&#039;entreprise].<\/p><h2 class=\"wp-block-heading\">8. Modifications de politique<\/h2><p>Yuya Mobilya se r\u00e9serve le droit d&#039;apporter toutes les modifications qu&#039;elle juge n\u00e9cessaires \u00e0 la pr\u00e9sente politique de protection et de traitement des donn\u00e9es personnelles. La politique mise \u00e0 jour sera valable \u00e0 compter de la date de sa publication sur notre site Web.<\/p>","protected":false},"excerpt":{"rendered":"<p>Yuya Mobilya olarak, 6698 say\u0131l\u0131 Ki\u015fisel Verilerin Korunmas\u0131 Kanunu (&#8220;KVKK&#8221;) kapsam\u0131nda, m\u00fc\u015fterilerimizin ki\u015fisel verilerinin gizlili\u011fine ve g\u00fcvenli\u011fine b\u00fcy\u00fck \u00f6nem veriyoruz. Bu nedenle, ki\u015fisel verilerinizin toplanmas\u0131, i\u015flenmesi, saklanmas\u0131 ve korunmas\u0131 s\u00fcre\u00e7lerinde KVKK ve ilgili mevzuata uygun hareket etmekteyiz. 1. Veri Sorumlusu Bu politika kapsam\u0131nda, veri sorumlusu s\u0131fat\u0131yla hareket eden firma:Yuya MobilyaAdres: [Firma adresi]Telefon: [Telefon numaras\u0131]E-posta: [E-posta [&hellip;]<\/p>","protected":false},"author":1,"featured_media":0,"parent":0,"menu_order":0,"comment_status":"closed","ping_status":"closed","template":"","meta":{"footnotes":""},"class_list":["post-19960","page","type-page","status-publish","hentry"],"_links":{"self":[{"href":"https:\/\/www.yuyamobilya.com\/fr\/wp-json\/wp\/v2\/pages\/19960","targetHints":{"allow":["GET"]}}],"collection":[{"href":"https:\/\/www.yuyamobilya.com\/fr\/wp-json\/wp\/v2\/pages"}],"about":[{"href":"https:\/\/www.yuyamobilya.com\/fr\/wp-json\/wp\/v2\/types\/page"}],"author":[{"embeddable":true,"href":"https:\/\/www.yuyamobilya.com\/fr\/wp-json\/wp\/v2\/users\/1"}],"replies":[{"embeddable":true,"href":"https:\/\/www.yuyamobilya.com\/fr\/wp-json\/wp\/v2\/comments?post=19960"}],"version-history":[{"count":1,"href":"https:\/\/www.yuyamobilya.com\/fr\/wp-json\/wp\/v2\/pages\/19960\/revisions"}],"predecessor-version":[{"id":19961,"href":"https:\/\/www.yuyamobilya.com\/fr\/wp-json\/wp\/v2\/pages\/19960\/revisions\/19961"}],"wp:attachment":[{"href":"https:\/\/www.yuyamobilya.com\/fr\/wp-json\/wp\/v2\/media?parent=19960"}],"curies":[{"name":"wp","href":"https:\/\/api.w.org\/{rel}","templated":true}]}}