{"id":20455,"date":"2025-05-13T15:33:18","date_gmt":"2025-05-13T15:33:18","guid":{"rendered":"https:\/\/www.yuyamobilya.com\/?post_type=product&#038;p=20455"},"modified":"2025-05-13T15:33:55","modified_gmt":"2025-05-13T15:33:55","slug":"salda-yemek-odasi-2","status":"publish","type":"product","link":"https:\/\/www.yuyamobilya.com\/es\/product\/salda-yemek-odasi-2\/","title":{"rendered":"Comedor en la balsa"},"content":{"rendered":"<h2 style=\"text-align: center;\">Descripci\u00f3n del Producto<\/h2>\n<hr \/>\n<p>1 consola y espejo<\/p>\n<p>1 mesa de comedor fija<\/p>\n<p>Se compone de 4 elegantes sillas de madera.<\/p>\n<p>Puedes agregar la unidad de TV externamente.<\/p>\n<p>Nuestros productos est\u00e1n fabricados con materiales que cumplen con los est\u00e1ndares de calidad.<\/p>\n<p>Est\u00e1 disponible el cambio de color de la tela de la silla.<\/p>\n<p>\u00dcr\u00fcnlerimiz %100\u00a0<strong>MDF\u00a0<\/strong>hecho de material.<\/p>\n<p>Puedes adquirir nuestros productos individualmente.<\/p>\n<p>Puedes limpiar f\u00e1cilmente los productos con un pa\u00f1o h\u00famedo.<\/p>\n<h3 style=\"text-align: center;\">DIMENSIONES DEL PRODUCTO<\/h3>\n<div>\n<hr \/>\n<table style=\"height: 299px;\" border=\"0\" width=\"1359\" cellspacing=\"10px\" cellpadding=\"10px\">\n<tbody>\n<tr>\n<td><strong>Productos<\/strong><\/td>\n<td><strong>Ancho<\/strong><\/td>\n<td><strong>Profundidad<\/strong><\/td>\n<td><strong>Altura<\/strong><\/td>\n<\/tr>\n<tr>\n<td>Consola<\/td>\n<td>180 cent\u00edmetros<\/td>\n<td>41.5 cm<\/td>\n<td>56 cm<\/td>\n<\/tr>\n<tr>\n<td>Espejo de consola<\/td>\n<td>\u2013 cm<\/td>\n<td>\u2013 cm<\/td>\n<td>\u2013 cm<\/td>\n<\/tr>\n<tr>\n<td>Mesa de comedor<\/td>\n<td>190 cm<\/td>\n<td>90 cent\u00edmetros<\/td>\n<td>75 cm<\/td>\n<\/tr>\n<tr>\n<td>Unidad de TV<\/td>\n<td>180 cent\u00edmetros<\/td>\n<td>41.5 cm<\/td>\n<td>85 cent\u00edmetros<\/td>\n<\/tr>\n<\/tbody>\n<\/table>\n<\/div>","protected":false},"excerpt":{"rendered":"<p>\u00dcr\u00fcn A\u00e7\u0131klamas\u0131 1adet konsol ve aynas\u0131 1 adet sabit yemek masas\u0131 4 adet tarz ah\u015fap sandalyeden olu\u015fmaktad\u0131r. Tv \u00fcnitesini harici olarak ekleyebilirsiniz. \u00dcr\u00fcnlerimiz kalite standartlar\u0131na uygun malzemeden \u00fcretilmi\u015ftir. Sandalye kuma\u015f renk de\u011fi\u015fikli\u011fi mevcuttur. \u00dcr\u00fcnlerimiz %100\u00a0MDF\u00a0malzemeden \u00fcretilmi\u015ftir. \u00dcr\u00fcnlerimizi tekil olarak sat\u0131n alabilirsiniz. \u00dcr\u00fcnleri nemli bir bez ile kolayl\u0131kla temizleyebilirsiniz. \u00dcR\u00dcN \u00d6L\u00c7\u00dcLER\u0130 \u00dcr\u00fcnler Geni\u015flik Derinlik Y\u00fckseklik Konsol [&hellip;]<\/p>","protected":false},"featured_media":20481,"comment_status":"open","ping_status":"closed","template":"","meta":[],"product_brand":[],"product_cat":[15,135],"product_tag":[],"class_list":{"0":"post-20455","1":"product","2":"type-product","3":"status-publish","4":"has-post-thumbnail","6":"product_cat-uncategorized","7":"product_cat-yemek-odasi","9":"first","10":"instock","11":"sale","12":"shipping-taxable","13":"purchasable","14":"product-type-simple"},"_links":{"self":[{"href":"https:\/\/www.yuyamobilya.com\/es\/wp-json\/wp\/v2\/product\/20455","targetHints":{"allow":["GET"]}}],"collection":[{"href":"https:\/\/www.yuyamobilya.com\/es\/wp-json\/wp\/v2\/product"}],"about":[{"href":"https:\/\/www.yuyamobilya.com\/es\/wp-json\/wp\/v2\/types\/product"}],"replies":[{"embeddable":true,"href":"https:\/\/www.yuyamobilya.com\/es\/wp-json\/wp\/v2\/comments?post=20455"}],"wp:featuredmedia":[{"embeddable":true,"href":"https:\/\/www.yuyamobilya.com\/es\/wp-json\/wp\/v2\/media\/20481"}],"wp:attachment":[{"href":"https:\/\/www.yuyamobilya.com\/es\/wp-json\/wp\/v2\/media?parent=20455"}],"wp:term":[{"taxonomy":"product_brand","embeddable":true,"href":"https:\/\/www.yuyamobilya.com\/es\/wp-json\/wp\/v2\/product_brand?post=20455"},{"taxonomy":"product_cat","embeddable":true,"href":"https:\/\/www.yuyamobilya.com\/es\/wp-json\/wp\/v2\/product_cat?post=20455"},{"taxonomy":"product_tag","embeddable":true,"href":"https:\/\/www.yuyamobilya.com\/es\/wp-json\/wp\/v2\/product_tag?post=20455"}],"curies":[{"name":"wp","href":"https:\/\/api.w.org\/{rel}","templated":true}]}}