{"id":20137,"date":"2025-04-29T10:21:41","date_gmt":"2025-04-29T10:21:41","guid":{"rendered":"https:\/\/www.yuyamobilya.com\/?post_type=product&#038;p=20137"},"modified":"2025-04-29T10:21:41","modified_gmt":"2025-04-29T10:21:41","slug":"premium-cift-kisilik-yatak","status":"publish","type":"product","link":"https:\/\/www.yuyamobilya.com\/es\/product\/premium-cift-kisilik-yatak\/","title":{"rendered":"Cama doble premium"},"content":{"rendered":"<h2 style=\"text-align: center;\"><strong>Descripci\u00f3n del Producto:<\/strong><\/h2>\n<ul>\n<li>\n<p class=\"\" data-start=\"3504\" data-end=\"3610\">Orta sertlikte tasarlanan \u00e7ift ki\u015filik yatak, s\u0131rt ve bel b\u00f6lgesine destek sa\u011flayarak sa\u011fl\u0131kl\u0131 uyku sunar.<\/p>\n<p class=\"\" data-start=\"3612\" data-end=\"3629\"><strong data-start=\"3612\" data-end=\"3627\">Caracter\u00edsticas:<\/strong><\/p>\n<ul data-start=\"3630\" data-end=\"3730\">\n<li class=\"\" data-start=\"3630\" data-end=\"3653\">\n<p class=\"\" data-start=\"3632\" data-end=\"3653\">S\u0131rt ve bel deste\u011fi<\/p>\n<\/li>\n<li class=\"\" data-start=\"3654\" data-end=\"3670\">\n<p class=\"\" data-start=\"3656\" data-end=\"3670\">Dureza media<\/p>\n<\/li>\n<li class=\"\" data-start=\"3671\" data-end=\"3695\">\n<p class=\"\" data-start=\"3673\" data-end=\"3695\">Nefes alabilir kuma\u015f<\/p>\n<\/li>\n<li class=\"\" data-start=\"3696\" data-end=\"3713\">\n<p class=\"\" data-start=\"3698\" data-end=\"3713\">Is\u0131 dengeleme<\/p>\n<\/li>\n<li class=\"\" data-start=\"3714\" data-end=\"3730\">\n<p class=\"\" data-start=\"3716\" data-end=\"3730\">Dayan\u0131kl\u0131 yap\u0131<\/p>\n<\/li>\n<\/ul>\n<\/li>\n<\/ul>","protected":false},"excerpt":{"rendered":"<p>\u00dcr\u00fcn A\u00e7\u0131klamas\u0131: Orta sertlikte tasarlanan \u00e7ift ki\u015filik yatak, s\u0131rt ve bel b\u00f6lgesine destek sa\u011flayarak sa\u011fl\u0131kl\u0131 uyku sunar. \u00d6zellikler: S\u0131rt ve bel deste\u011fi Orta sertlik Nefes alabilir kuma\u015f Is\u0131 dengeleme Dayan\u0131kl\u0131 yap\u0131<\/p>","protected":false},"featured_media":20168,"comment_status":"open","ping_status":"closed","template":"","meta":[],"product_brand":[],"product_cat":[133],"product_tag":[],"class_list":{"0":"post-20137","1":"product","2":"type-product","3":"status-publish","4":"has-post-thumbnail","6":"product_cat-yataklar","8":"first","9":"instock","10":"sale","11":"shipping-taxable","12":"purchasable","13":"product-type-simple"},"_links":{"self":[{"href":"https:\/\/www.yuyamobilya.com\/es\/wp-json\/wp\/v2\/product\/20137","targetHints":{"allow":["GET"]}}],"collection":[{"href":"https:\/\/www.yuyamobilya.com\/es\/wp-json\/wp\/v2\/product"}],"about":[{"href":"https:\/\/www.yuyamobilya.com\/es\/wp-json\/wp\/v2\/types\/product"}],"replies":[{"embeddable":true,"href":"https:\/\/www.yuyamobilya.com\/es\/wp-json\/wp\/v2\/comments?post=20137"}],"wp:featuredmedia":[{"embeddable":true,"href":"https:\/\/www.yuyamobilya.com\/es\/wp-json\/wp\/v2\/media\/20168"}],"wp:attachment":[{"href":"https:\/\/www.yuyamobilya.com\/es\/wp-json\/wp\/v2\/media?parent=20137"}],"wp:term":[{"taxonomy":"product_brand","embeddable":true,"href":"https:\/\/www.yuyamobilya.com\/es\/wp-json\/wp\/v2\/product_brand?post=20137"},{"taxonomy":"product_cat","embeddable":true,"href":"https:\/\/www.yuyamobilya.com\/es\/wp-json\/wp\/v2\/product_cat?post=20137"},{"taxonomy":"product_tag","embeddable":true,"href":"https:\/\/www.yuyamobilya.com\/es\/wp-json\/wp\/v2\/product_tag?post=20137"}],"curies":[{"name":"wp","href":"https:\/\/api.w.org\/{rel}","templated":true}]}}