{"id":20135,"date":"2025-04-29T10:18:14","date_gmt":"2025-04-29T10:18:14","guid":{"rendered":"https:\/\/www.yuyamobilya.com\/?post_type=product&#038;p=20135"},"modified":"2025-04-29T10:18:14","modified_gmt":"2025-04-29T10:18:14","slug":"bologna-cift-kisilik-yatak","status":"publish","type":"product","link":"https:\/\/www.yuyamobilya.com\/es\/product\/bologna-cift-kisilik-yatak\/","title":{"rendered":"Cama doble Bolonia"},"content":{"rendered":"<h2 style=\"text-align: center;\"><strong>Descripci\u00f3n del Producto:<\/strong><\/h2>\n<ul>\n<li>\n<p class=\"\" data-start=\"1343\" data-end=\"1445\">Konforlu yap\u0131s\u0131yla dikkat \u00e7eken \u00e7ift ki\u015filik yatak, gece boyu rahat bir uyku sunar ve terlemeyi \u00f6nler.<\/p>\n<p class=\"\" data-start=\"1447\" data-end=\"1464\"><strong data-start=\"1447\" data-end=\"1462\">Caracter\u00edsticas:<\/strong><\/p>\n<ul data-start=\"1465\" data-end=\"1555\">\n<li class=\"\" data-start=\"1465\" data-end=\"1485\">\n<p class=\"\" data-start=\"1467\" data-end=\"1485\">Konforlu tasar\u0131m<\/p>\n<\/li>\n<li class=\"\" data-start=\"1486\" data-end=\"1502\">\n<p class=\"\" data-start=\"1488\" data-end=\"1502\">Dureza media<\/p>\n<\/li>\n<li class=\"\" data-start=\"1503\" data-end=\"1523\">\n<p class=\"\" data-start=\"1505\" data-end=\"1523\">Nefes alan kuma\u015f<\/p>\n<\/li>\n<li class=\"\" data-start=\"1524\" data-end=\"1540\">\n<p class=\"\" data-start=\"1526\" data-end=\"1540\">Control de calor<\/p>\n<\/li>\n<li class=\"\" data-start=\"1541\" data-end=\"1555\">\n<p class=\"\" data-start=\"1543\" data-end=\"1555\">Sa\u011flam dolgu<\/p>\n<\/li>\n<\/ul>\n<\/li>\n<\/ul>","protected":false},"excerpt":{"rendered":"<p>\u00dcr\u00fcn A\u00e7\u0131klamas\u0131: Konforlu yap\u0131s\u0131yla dikkat \u00e7eken \u00e7ift ki\u015filik yatak, gece boyu rahat bir uyku sunar ve terlemeyi \u00f6nler. \u00d6zellikler: Konforlu tasar\u0131m Orta sertlik Nefes alan kuma\u015f Is\u0131 kontrol\u00fc Sa\u011flam dolgu<\/p>","protected":false},"featured_media":20156,"comment_status":"open","ping_status":"closed","template":"","meta":[],"product_brand":[],"product_cat":[133],"product_tag":[],"class_list":{"0":"post-20135","1":"product","2":"type-product","3":"status-publish","4":"has-post-thumbnail","6":"product_cat-yataklar","8":"first","9":"instock","10":"sale","11":"shipping-taxable","12":"purchasable","13":"product-type-simple"},"_links":{"self":[{"href":"https:\/\/www.yuyamobilya.com\/es\/wp-json\/wp\/v2\/product\/20135","targetHints":{"allow":["GET"]}}],"collection":[{"href":"https:\/\/www.yuyamobilya.com\/es\/wp-json\/wp\/v2\/product"}],"about":[{"href":"https:\/\/www.yuyamobilya.com\/es\/wp-json\/wp\/v2\/types\/product"}],"replies":[{"embeddable":true,"href":"https:\/\/www.yuyamobilya.com\/es\/wp-json\/wp\/v2\/comments?post=20135"}],"wp:featuredmedia":[{"embeddable":true,"href":"https:\/\/www.yuyamobilya.com\/es\/wp-json\/wp\/v2\/media\/20156"}],"wp:attachment":[{"href":"https:\/\/www.yuyamobilya.com\/es\/wp-json\/wp\/v2\/media?parent=20135"}],"wp:term":[{"taxonomy":"product_brand","embeddable":true,"href":"https:\/\/www.yuyamobilya.com\/es\/wp-json\/wp\/v2\/product_brand?post=20135"},{"taxonomy":"product_cat","embeddable":true,"href":"https:\/\/www.yuyamobilya.com\/es\/wp-json\/wp\/v2\/product_cat?post=20135"},{"taxonomy":"product_tag","embeddable":true,"href":"https:\/\/www.yuyamobilya.com\/es\/wp-json\/wp\/v2\/product_tag?post=20135"}],"curies":[{"name":"wp","href":"https:\/\/api.w.org\/{rel}","templated":true}]}}