{"id":20049,"date":"2025-04-28T11:41:15","date_gmt":"2025-04-28T11:41:15","guid":{"rendered":"https:\/\/www.yuyamobilya.com\/?post_type=product&#038;p=20049"},"modified":"2025-04-28T11:41:16","modified_gmt":"2025-04-28T11:41:16","slug":"vitabella-cift-kisilik-yatak","status":"publish","type":"product","link":"https:\/\/www.yuyamobilya.com\/es\/product\/vitabella-cift-kisilik-yatak\/","title":{"rendered":"Cama doble Vitabella"},"content":{"rendered":"<h2 style=\"text-align: center;\"><strong>Descripci\u00f3n del Producto:<\/strong><\/h2>\n<ul>\n<li>\n<p class=\"\" data-start=\"226\" data-end=\"496\">\u00c7ift ki\u015filik yatak modelimiz, sa\u011flam yap\u0131s\u0131 ve orta sertlikte konfor seviyesi ile rahat bir uyku sunar. Nefes alabilen dokuma kuma\u015f\u0131, hava sirk\u00fclasyonu sa\u011flayarak gece boyunca ferahl\u0131k hissi verir. Is\u0131 dengeleyici yap\u0131s\u0131 sayesinde her mevsim ideal uyku ortam\u0131 olu\u015fturur.<\/p>\n<p class=\"\" data-start=\"498\" data-end=\"515\"><strong data-start=\"498\" data-end=\"513\">Caracter\u00edsticas:<\/strong><\/p>\n<ul data-start=\"516\" data-end=\"633\">\n<li class=\"\" data-start=\"516\" data-end=\"534\">\n<p class=\"\" data-start=\"518\" data-end=\"534\">Ekonomik fiyat<\/p>\n<\/li>\n<li class=\"\" data-start=\"535\" data-end=\"560\">\n<p class=\"\" data-start=\"537\" data-end=\"560\">Orta sertlikte konfor<\/p>\n<\/li>\n<li class=\"\" data-start=\"561\" data-end=\"588\">\n<p class=\"\" data-start=\"563\" data-end=\"588\">Nefes alan dokuma kuma\u015f<\/p>\n<\/li>\n<li class=\"\" data-start=\"589\" data-end=\"613\">\n<p class=\"\" data-start=\"591\" data-end=\"613\">Is\u0131 dengeleyici yap\u0131<\/p>\n<\/li>\n<li class=\"\" data-start=\"614\" data-end=\"633\">\n<p class=\"\" data-start=\"616\" data-end=\"633\">Dayan\u0131kl\u0131 malzeme<\/p>\n<\/li>\n<\/ul>\n<\/li>\n<\/ul>","protected":false},"excerpt":{"rendered":"<p>\u00dcr\u00fcn A\u00e7\u0131klamas\u0131: \u00c7ift ki\u015filik yatak modelimiz, sa\u011flam yap\u0131s\u0131 ve orta sertlikte konfor seviyesi ile rahat bir uyku sunar. Nefes alabilen dokuma kuma\u015f\u0131, hava sirk\u00fclasyonu sa\u011flayarak gece boyunca ferahl\u0131k hissi verir. Is\u0131 dengeleyici yap\u0131s\u0131 sayesinde her mevsim ideal uyku ortam\u0131 olu\u015fturur. \u00d6zellikler: Ekonomik fiyat Orta sertlikte konfor Nefes alan dokuma kuma\u015f Is\u0131 dengeleyici yap\u0131 Dayan\u0131kl\u0131 malzeme<\/p>","protected":false},"featured_media":20067,"comment_status":"open","ping_status":"closed","template":"","meta":[],"product_brand":[],"product_cat":[133],"product_tag":[],"class_list":{"0":"post-20049","1":"product","2":"type-product","3":"status-publish","4":"has-post-thumbnail","6":"product_cat-yataklar","8":"first","9":"instock","10":"sale","11":"shipping-taxable","12":"purchasable","13":"product-type-simple"},"_links":{"self":[{"href":"https:\/\/www.yuyamobilya.com\/es\/wp-json\/wp\/v2\/product\/20049","targetHints":{"allow":["GET"]}}],"collection":[{"href":"https:\/\/www.yuyamobilya.com\/es\/wp-json\/wp\/v2\/product"}],"about":[{"href":"https:\/\/www.yuyamobilya.com\/es\/wp-json\/wp\/v2\/types\/product"}],"replies":[{"embeddable":true,"href":"https:\/\/www.yuyamobilya.com\/es\/wp-json\/wp\/v2\/comments?post=20049"}],"wp:featuredmedia":[{"embeddable":true,"href":"https:\/\/www.yuyamobilya.com\/es\/wp-json\/wp\/v2\/media\/20067"}],"wp:attachment":[{"href":"https:\/\/www.yuyamobilya.com\/es\/wp-json\/wp\/v2\/media?parent=20049"}],"wp:term":[{"taxonomy":"product_brand","embeddable":true,"href":"https:\/\/www.yuyamobilya.com\/es\/wp-json\/wp\/v2\/product_brand?post=20049"},{"taxonomy":"product_cat","embeddable":true,"href":"https:\/\/www.yuyamobilya.com\/es\/wp-json\/wp\/v2\/product_cat?post=20049"},{"taxonomy":"product_tag","embeddable":true,"href":"https:\/\/www.yuyamobilya.com\/es\/wp-json\/wp\/v2\/product_tag?post=20049"}],"curies":[{"name":"wp","href":"https:\/\/api.w.org\/{rel}","templated":true}]}}