{"id":20048,"date":"2025-04-28T11:41:10","date_gmt":"2025-04-28T11:41:10","guid":{"rendered":"https:\/\/www.yuyamobilya.com\/?post_type=product&#038;p=20048"},"modified":"2025-04-28T11:41:10","modified_gmt":"2025-04-28T11:41:10","slug":"begonya-cift-kisilik-yatak","status":"publish","type":"product","link":"https:\/\/www.yuyamobilya.com\/es\/product\/begonya-cift-kisilik-yatak\/","title":{"rendered":"Cama doble Begonia"},"content":{"rendered":"<h2 style=\"text-align: center;\"><strong>Descripci\u00f3n del Producto:<\/strong><\/h2>\n<ul>\n<li>\n<p class=\"\" data-start=\"117\" data-end=\"440\">Uygun fiyatl\u0131 ve kaliteli yap\u0131s\u0131yla \u00f6ne \u00e7\u0131kan \u00e7ift ki\u015filik yatak, orta sertlikte konfor seviyesi sunarak rahat bir uyku deneyimi sa\u011flar. Dayan\u0131kl\u0131 malzemesi uzun s\u00fcreli kullan\u0131m imk\u00e2n\u0131 verir. Nefes alan dokuma kuma\u015f\u0131 ile gece boyu ferah bir uyku ortam\u0131 sunarken, \u0131s\u0131 dengeleyici \u00f6zelli\u011fi sayesinde her mevsim konfor sa\u011flar.<\/p>\n<hr class=\"\" data-start=\"442\" data-end=\"445\" \/>\n<h3 class=\"\" data-start=\"447\" data-end=\"464\">Caracter\u00edsticas:<\/h3>\n<ul data-start=\"465\" data-end=\"582\">\n<li class=\"\" data-start=\"465\" data-end=\"483\">\n<p class=\"\" data-start=\"467\" data-end=\"483\">Ekonomik fiyat<\/p>\n<\/li>\n<li class=\"\" data-start=\"484\" data-end=\"509\">\n<p class=\"\" data-start=\"486\" data-end=\"509\">Orta sertlikte konfor<\/p>\n<\/li>\n<li class=\"\" data-start=\"510\" data-end=\"537\">\n<p class=\"\" data-start=\"512\" data-end=\"537\">Nefes alan dokuma kuma\u015f<\/p>\n<\/li>\n<li class=\"\" data-start=\"538\" data-end=\"565\">\n<p class=\"\" data-start=\"540\" data-end=\"565\">Is\u0131 dengeleyici \u00f6zellik<\/p>\n<\/li>\n<li class=\"\" data-start=\"566\" data-end=\"582\">\n<p class=\"\" data-start=\"568\" data-end=\"582\">Dayan\u0131kl\u0131 yap\u0131<\/p>\n<\/li>\n<\/ul>\n<\/li>\n<\/ul>","protected":false},"excerpt":{"rendered":"<p>\u00dcr\u00fcn A\u00e7\u0131klamas\u0131: Uygun fiyatl\u0131 ve kaliteli yap\u0131s\u0131yla \u00f6ne \u00e7\u0131kan \u00e7ift ki\u015filik yatak, orta sertlikte konfor seviyesi sunarak rahat bir uyku deneyimi sa\u011flar. Dayan\u0131kl\u0131 malzemesi uzun s\u00fcreli kullan\u0131m imk\u00e2n\u0131 verir. Nefes alan dokuma kuma\u015f\u0131 ile gece boyu ferah bir uyku ortam\u0131 sunarken, \u0131s\u0131 dengeleyici \u00f6zelli\u011fi sayesinde her mevsim konfor sa\u011flar. \u00d6zellikler: Ekonomik fiyat Orta sertlikte konfor [&hellip;]<\/p>","protected":false},"featured_media":20060,"comment_status":"open","ping_status":"closed","template":"","meta":[],"product_brand":[],"product_cat":[133],"product_tag":[],"class_list":{"0":"post-20048","1":"product","2":"type-product","3":"status-publish","4":"has-post-thumbnail","6":"product_cat-yataklar","8":"first","9":"instock","10":"sale","11":"shipping-taxable","12":"purchasable","13":"product-type-simple"},"_links":{"self":[{"href":"https:\/\/www.yuyamobilya.com\/es\/wp-json\/wp\/v2\/product\/20048","targetHints":{"allow":["GET"]}}],"collection":[{"href":"https:\/\/www.yuyamobilya.com\/es\/wp-json\/wp\/v2\/product"}],"about":[{"href":"https:\/\/www.yuyamobilya.com\/es\/wp-json\/wp\/v2\/types\/product"}],"replies":[{"embeddable":true,"href":"https:\/\/www.yuyamobilya.com\/es\/wp-json\/wp\/v2\/comments?post=20048"}],"wp:featuredmedia":[{"embeddable":true,"href":"https:\/\/www.yuyamobilya.com\/es\/wp-json\/wp\/v2\/media\/20060"}],"wp:attachment":[{"href":"https:\/\/www.yuyamobilya.com\/es\/wp-json\/wp\/v2\/media?parent=20048"}],"wp:term":[{"taxonomy":"product_brand","embeddable":true,"href":"https:\/\/www.yuyamobilya.com\/es\/wp-json\/wp\/v2\/product_brand?post=20048"},{"taxonomy":"product_cat","embeddable":true,"href":"https:\/\/www.yuyamobilya.com\/es\/wp-json\/wp\/v2\/product_cat?post=20048"},{"taxonomy":"product_tag","embeddable":true,"href":"https:\/\/www.yuyamobilya.com\/es\/wp-json\/wp\/v2\/product_tag?post=20048"}],"curies":[{"name":"wp","href":"https:\/\/api.w.org\/{rel}","templated":true}]}}