{"id":20038,"date":"2025-04-28T11:40:57","date_gmt":"2025-04-28T11:40:57","guid":{"rendered":"https:\/\/www.yuyamobilya.com\/?post_type=product&#038;p=20038"},"modified":"2025-04-28T11:40:57","modified_gmt":"2025-04-28T11:40:57","slug":"genova-cift-kisilik-yatak","status":"publish","type":"product","link":"https:\/\/www.yuyamobilya.com\/es\/product\/genova-cift-kisilik-yatak\/","title":{"rendered":"Cama doble G\u00e9nova"},"content":{"rendered":"<h2 style=\"text-align: center;\"><strong>Descripci\u00f3n del Producto:<\/strong><\/h2>\n<ul>\n<li>\n<p class=\"\" data-start=\"168\" data-end=\"457\">G\u00fcn\u00fcm\u00fcz ya\u015fam alanlar\u0131na \u015f\u0131kl\u0131k ve rahatl\u0131k kazand\u0131ran \u00e7ift ki\u015filik yata\u011f\u0131m\u0131zla konforu yeniden ke\u015ffedin. Modern \u00e7izgileri ve kaliteli yap\u0131s\u0131yla, her sabaha din\u00e7 ve enerjik uyanman\u0131z i\u00e7in tasarland\u0131. Dayan\u0131kl\u0131 malzemeleri ve zarif g\u00f6r\u00fcn\u00fcm\u00fcyle yatak odan\u0131za ayr\u0131cal\u0131k kat\u0131n.<\/p>\n<p class=\"\" data-start=\"459\" data-end=\"474\"><strong data-start=\"459\" data-end=\"474\">Caracter\u00edsticas:<\/strong><\/p>\n<ul data-start=\"475\" data-end=\"766\">\n<li class=\"\" data-start=\"475\" data-end=\"509\">\n<p class=\"\" data-start=\"477\" data-end=\"509\">Modern tasar\u0131m, minimal detaylar<\/p>\n<\/li>\n<li class=\"\" data-start=\"556\" data-end=\"605\">\n<p class=\"\" data-start=\"558\" data-end=\"605\">Ortopedik destek sunan y\u00fcksek yo\u011funluklu s\u00fcnger<\/p>\n<\/li>\n<li class=\"\" data-start=\"606\" data-end=\"662\">\n<p class=\"\" data-start=\"608\" data-end=\"662\">Pocket yay sistemi: Sessiz ve ba\u011f\u0131ms\u0131z hareket deste\u011fi<\/p>\n<\/li>\n<li class=\"\" data-start=\"663\" data-end=\"712\">\n<p class=\"\" data-start=\"665\" data-end=\"712\">Terlemeyi azaltan \u00f6zel hava sirk\u00fclasyon sistemi<\/p>\n<\/li>\n<li class=\"\" data-start=\"713\" data-end=\"750\">\n<p class=\"\" data-start=\"715\" data-end=\"750\">Yumu\u015fak dokulu, leke tutmayan kuma\u015f<\/p>\n<\/li>\n<\/ul>\n<\/li>\n<\/ul>","protected":false},"excerpt":{"rendered":"<p>\u00dcr\u00fcn A\u00e7\u0131klamas\u0131: G\u00fcn\u00fcm\u00fcz ya\u015fam alanlar\u0131na \u015f\u0131kl\u0131k ve rahatl\u0131k kazand\u0131ran \u00e7ift ki\u015filik yata\u011f\u0131m\u0131zla konforu yeniden ke\u015ffedin. Modern \u00e7izgileri ve kaliteli yap\u0131s\u0131yla, her sabaha din\u00e7 ve enerjik uyanman\u0131z i\u00e7in tasarland\u0131. Dayan\u0131kl\u0131 malzemeleri ve zarif g\u00f6r\u00fcn\u00fcm\u00fcyle yatak odan\u0131za ayr\u0131cal\u0131k kat\u0131n. \u00d6zellikler: Modern tasar\u0131m, minimal detaylar Ortopedik destek sunan y\u00fcksek yo\u011funluklu s\u00fcnger Pocket yay sistemi: Sessiz ve ba\u011f\u0131ms\u0131z hareket [&hellip;]<\/p>","protected":false},"featured_media":20053,"comment_status":"open","ping_status":"closed","template":"","meta":[],"product_brand":[],"product_cat":[133],"product_tag":[],"class_list":{"0":"post-20038","1":"product","2":"type-product","3":"status-publish","4":"has-post-thumbnail","6":"product_cat-yataklar","8":"first","9":"instock","10":"sale","11":"shipping-taxable","12":"purchasable","13":"product-type-simple"},"_links":{"self":[{"href":"https:\/\/www.yuyamobilya.com\/es\/wp-json\/wp\/v2\/product\/20038","targetHints":{"allow":["GET"]}}],"collection":[{"href":"https:\/\/www.yuyamobilya.com\/es\/wp-json\/wp\/v2\/product"}],"about":[{"href":"https:\/\/www.yuyamobilya.com\/es\/wp-json\/wp\/v2\/types\/product"}],"replies":[{"embeddable":true,"href":"https:\/\/www.yuyamobilya.com\/es\/wp-json\/wp\/v2\/comments?post=20038"}],"wp:featuredmedia":[{"embeddable":true,"href":"https:\/\/www.yuyamobilya.com\/es\/wp-json\/wp\/v2\/media\/20053"}],"wp:attachment":[{"href":"https:\/\/www.yuyamobilya.com\/es\/wp-json\/wp\/v2\/media?parent=20038"}],"wp:term":[{"taxonomy":"product_brand","embeddable":true,"href":"https:\/\/www.yuyamobilya.com\/es\/wp-json\/wp\/v2\/product_brand?post=20038"},{"taxonomy":"product_cat","embeddable":true,"href":"https:\/\/www.yuyamobilya.com\/es\/wp-json\/wp\/v2\/product_cat?post=20038"},{"taxonomy":"product_tag","embeddable":true,"href":"https:\/\/www.yuyamobilya.com\/es\/wp-json\/wp\/v2\/product_tag?post=20038"}],"curies":[{"name":"wp","href":"https:\/\/api.w.org\/{rel}","templated":true}]}}