{"id":19606,"date":"2025-04-20T09:14:18","date_gmt":"2025-04-20T09:14:18","guid":{"rendered":"https:\/\/www.yuyamobilya.com\/?post_type=product&#038;p=19606"},"modified":"2025-05-16T08:25:49","modified_gmt":"2025-05-16T08:25:49","slug":"beyza-oturma-grubu","status":"publish","type":"product","link":"https:\/\/www.yuyamobilya.com\/es\/product\/beyza-oturma-grubu\/","title":{"rendered":"Grupo de Beyza Sitting"},"content":{"rendered":"<h2 style=\"text-align: center;\">Descripci\u00f3n del Producto<\/h2>\n<ul>\n<li style=\"text-align: left;\"><strong>2 sof\u00e1s<\/strong><\/li>\n<li><strong>2 piezas de sill\u00f3n<\/strong><\/li>\n<li><strong>\u00c7ekyatl\u0131<\/strong><\/li>\n<li><strong>El color y la tela pueden variar.<\/strong><\/li>\n<\/ul>","protected":false},"excerpt":{"rendered":"<p>\u00dcr\u00fcn A\u00e7\u0131klamas\u0131 2 Adet kanepe 2 Adet berjer \u00c7ekyatl\u0131 Renk ve kuma\u015f de\u011fi\u015febilir<\/p>","protected":false},"featured_media":19829,"comment_status":"open","ping_status":"closed","template":"","meta":[],"product_brand":[],"product_cat":[141],"product_tag":[],"class_list":{"0":"post-19606","1":"product","2":"type-product","3":"status-publish","4":"has-post-thumbnail","6":"product_cat-oturma-grubu","8":"first","9":"instock","10":"sale","11":"shipping-taxable","12":"purchasable","13":"product-type-simple"},"_links":{"self":[{"href":"https:\/\/www.yuyamobilya.com\/es\/wp-json\/wp\/v2\/product\/19606","targetHints":{"allow":["GET"]}}],"collection":[{"href":"https:\/\/www.yuyamobilya.com\/es\/wp-json\/wp\/v2\/product"}],"about":[{"href":"https:\/\/www.yuyamobilya.com\/es\/wp-json\/wp\/v2\/types\/product"}],"replies":[{"embeddable":true,"href":"https:\/\/www.yuyamobilya.com\/es\/wp-json\/wp\/v2\/comments?post=19606"}],"wp:featuredmedia":[{"embeddable":true,"href":"https:\/\/www.yuyamobilya.com\/es\/wp-json\/wp\/v2\/media\/19829"}],"wp:attachment":[{"href":"https:\/\/www.yuyamobilya.com\/es\/wp-json\/wp\/v2\/media?parent=19606"}],"wp:term":[{"taxonomy":"product_brand","embeddable":true,"href":"https:\/\/www.yuyamobilya.com\/es\/wp-json\/wp\/v2\/product_brand?post=19606"},{"taxonomy":"product_cat","embeddable":true,"href":"https:\/\/www.yuyamobilya.com\/es\/wp-json\/wp\/v2\/product_cat?post=19606"},{"taxonomy":"product_tag","embeddable":true,"href":"https:\/\/www.yuyamobilya.com\/es\/wp-json\/wp\/v2\/product_tag?post=19606"}],"curies":[{"name":"wp","href":"https:\/\/api.w.org\/{rel}","templated":true}]}}