{"id":19557,"date":"2025-04-20T09:09:31","date_gmt":"2025-04-20T09:09:31","guid":{"rendered":"https:\/\/www.yuyamobilya.com\/?post_type=product&#038;p=19557"},"modified":"2025-05-19T10:44:05","modified_gmt":"2025-05-19T10:44:05","slug":"cevahir-yatak-odasi","status":"publish","type":"product","link":"https:\/\/www.yuyamobilya.com\/es\/product\/cevahir-yatak-odasi\/","title":{"rendered":"Dormitorio Cevahir"},"content":{"rendered":"<div class=\"woocommerce-tabs wc-tabs-wrapper\">\n<div id=\"tab-description\" class=\"woocommerce-Tabs-panel woocommerce-Tabs-panel--description panel entry-content wc-tab\" role=\"tabpanel\" aria-labelledby=\"tab-title-description\">\n<div class=\"container\">\n<h2 style=\"text-align: center;\">Descripci\u00f3n del Producto<\/h2>\n<p>Armario de 6 puertas<\/p>\n<p>1 c\u00f3moda y espejo<\/p>\n<p>Consta de 2 mesitas de noche y un cabecero.<\/p>\n<p>Se utilizan materiales de calidad que cumplen con los est\u00e1ndares E1.<\/p>\n<p>Puede limpiar nuestros productos con un pa\u00f1o h\u00famedo.<\/p>\n<p>Tiene un gran volumen interno.<\/p>\n<p>Fabricado en material MDF.<\/p>\n<p>&nbsp;<\/p>\n<h2 style=\"text-align: center;\">DIMENSIONES DEL PRODUCTO<\/h2>\n<div>\n<hr \/>\n<table border=\"0\" cellspacing=\"10px\" cellpadding=\"10px\">\n<tbody>\n<tr>\n<td><strong>Productos<\/strong><\/td>\n<td><strong>Ancho<\/strong><\/td>\n<td><strong>Profundidad<\/strong><\/td>\n<td><strong>Altura<\/strong><\/td>\n<\/tr>\n<tr>\n<td>Armario de 6 puertas<\/td>\n<td>260 cm<\/td>\n<td>60 cent\u00edmetros<\/td>\n<td>235 cm<\/td>\n<\/tr>\n<tr>\n<td>C\u00f3moda y espejo<\/td>\n<td>130 cent\u00edmetros<\/td>\n<td>41 cent\u00edmetros<\/td>\n<td>85 cent\u00edmetros<\/td>\n<\/tr>\n<tr>\n<td>C\u00f3moda<\/td>\n<td>63 cm<\/td>\n<td>41 cent\u00edmetros<\/td>\n<td>57 cent\u00edmetros<\/td>\n<\/tr>\n<tr>\n<td>Cama (con base)<\/td>\n<td>165 cent\u00edmetros<\/td>\n<td>202 cm<\/td>\n<td>30 cent\u00edmetros<\/td>\n<\/tr>\n<tr>\n<td>T\u00edtulo<\/td>\n<td>170 cm<\/td>\n<td>\u2013 cm<\/td>\n<td>150 cm<\/td>\n<\/tr>\n<\/tbody>\n<\/table>\n<\/div>\n<\/div>\n<\/div>\n<\/div>\n<section class=\"related products\">\n<h2><\/h2>\n<\/section>","protected":false},"excerpt":{"rendered":"<p>\u00dcr\u00fcn A\u00e7\u0131klamas\u0131 6 kap\u0131l\u0131 gard\u0131rop 1 adet \u015fifonyer ve aynas\u0131 2 adet komodin ve ba\u015fl\u0131ktan olu\u015fmaktad\u0131r. E1 standartlar\u0131na uygun kaliteli malzeme kullan\u0131lm\u0131\u015ft\u0131r. \u00dcr\u00fcnlerimizi nemli bir bez ile temizleyebilirsiniz. Geni\u015f i\u00e7 hacmine sahiptir. MDF malzemeden \u00fcretilmi\u015ftir. &nbsp; \u00dcR\u00dcN \u00d6L\u00c7\u00dcLER\u0130 \u00dcr\u00fcnler Geni\u015flik Derinlik Y\u00fckseklik 6 Kap\u0131l\u0131 Dolap 260 cm 60 cm 235 cm \u015eifonyer &amp; Ayna 130 [&hellip;]<\/p>","protected":false},"featured_media":19687,"comment_status":"open","ping_status":"closed","template":"","meta":[],"product_brand":[],"product_cat":[134],"product_tag":[],"class_list":{"0":"post-19557","1":"product","2":"type-product","3":"status-publish","4":"has-post-thumbnail","6":"product_cat-yatak-odasi","8":"first","9":"instock","10":"sale","11":"shipping-taxable","12":"purchasable","13":"product-type-simple"},"_links":{"self":[{"href":"https:\/\/www.yuyamobilya.com\/es\/wp-json\/wp\/v2\/product\/19557","targetHints":{"allow":["GET"]}}],"collection":[{"href":"https:\/\/www.yuyamobilya.com\/es\/wp-json\/wp\/v2\/product"}],"about":[{"href":"https:\/\/www.yuyamobilya.com\/es\/wp-json\/wp\/v2\/types\/product"}],"replies":[{"embeddable":true,"href":"https:\/\/www.yuyamobilya.com\/es\/wp-json\/wp\/v2\/comments?post=19557"}],"wp:featuredmedia":[{"embeddable":true,"href":"https:\/\/www.yuyamobilya.com\/es\/wp-json\/wp\/v2\/media\/19687"}],"wp:attachment":[{"href":"https:\/\/www.yuyamobilya.com\/es\/wp-json\/wp\/v2\/media?parent=19557"}],"wp:term":[{"taxonomy":"product_brand","embeddable":true,"href":"https:\/\/www.yuyamobilya.com\/es\/wp-json\/wp\/v2\/product_brand?post=19557"},{"taxonomy":"product_cat","embeddable":true,"href":"https:\/\/www.yuyamobilya.com\/es\/wp-json\/wp\/v2\/product_cat?post=19557"},{"taxonomy":"product_tag","embeddable":true,"href":"https:\/\/www.yuyamobilya.com\/es\/wp-json\/wp\/v2\/product_tag?post=19557"}],"curies":[{"name":"wp","href":"https:\/\/api.w.org\/{rel}","templated":true}]}}