{"id":19284,"date":"2025-04-18T03:21:08","date_gmt":"2025-04-18T03:21:08","guid":{"rendered":"https:\/\/www.yuyamobilya.com\/product\/yeni-dogan-yatak-seti\/"},"modified":"2025-04-18T06:02:05","modified_gmt":"2025-04-18T06:02:05","slug":"yeni-dogan-yatak-seti","status":"publish","type":"product","link":"https:\/\/www.yuyamobilya.com\/es\/product\/yeni-dogan-yatak-seti\/","title":{"rendered":"Juego de ropa de cama para reci\u00e9n nacidos"},"content":{"rendered":"<p>Yeni Do\u011fan Yatak Seti modeli, Yuya Mobilya kalitesiyle \u00fcretilmi\u015ftir. \u015e\u0131k tasar\u0131m\u0131 ve dayan\u0131kl\u0131 malzemesiyle uzun y\u0131llar kullan\u0131m sa\u011flar. Yeni Do\u011fan kategorisinde \u00f6zel bir se\u00e7enektir.<\/p>","protected":false},"excerpt":{"rendered":"<p>Yeni Do\u011fan Yatak Seti modeli, Yuya Mobilya kalitesiyle \u00fcretilmi\u015ftir. \u015e\u0131k tasar\u0131m\u0131 ve dayan\u0131kl\u0131 malzemesiyle uzun y\u0131llar kullan\u0131m sa\u011flar. Yeni Do\u011fan kategorisinde \u00f6zel bir se\u00e7enektir.<\/p>","protected":false},"featured_media":19336,"comment_status":"open","ping_status":"closed","template":"","meta":[],"product_brand":[],"product_cat":[147],"product_tag":[],"class_list":{"0":"post-19284","1":"product","2":"type-product","3":"status-publish","4":"has-post-thumbnail","6":"product_cat-yeni-dogan","8":"first","9":"instock","10":"shipping-taxable","11":"purchasable","12":"product-type-simple"},"_links":{"self":[{"href":"https:\/\/www.yuyamobilya.com\/es\/wp-json\/wp\/v2\/product\/19284","targetHints":{"allow":["GET"]}}],"collection":[{"href":"https:\/\/www.yuyamobilya.com\/es\/wp-json\/wp\/v2\/product"}],"about":[{"href":"https:\/\/www.yuyamobilya.com\/es\/wp-json\/wp\/v2\/types\/product"}],"replies":[{"embeddable":true,"href":"https:\/\/www.yuyamobilya.com\/es\/wp-json\/wp\/v2\/comments?post=19284"}],"wp:featuredmedia":[{"embeddable":true,"href":"https:\/\/www.yuyamobilya.com\/es\/wp-json\/wp\/v2\/media\/19336"}],"wp:attachment":[{"href":"https:\/\/www.yuyamobilya.com\/es\/wp-json\/wp\/v2\/media?parent=19284"}],"wp:term":[{"taxonomy":"product_brand","embeddable":true,"href":"https:\/\/www.yuyamobilya.com\/es\/wp-json\/wp\/v2\/product_brand?post=19284"},{"taxonomy":"product_cat","embeddable":true,"href":"https:\/\/www.yuyamobilya.com\/es\/wp-json\/wp\/v2\/product_cat?post=19284"},{"taxonomy":"product_tag","embeddable":true,"href":"https:\/\/www.yuyamobilya.com\/es\/wp-json\/wp\/v2\/product_tag?post=19284"}],"curies":[{"name":"wp","href":"https:\/\/api.w.org\/{rel}","templated":true}]}}