{"id":19279,"date":"2025-04-18T03:21:08","date_gmt":"2025-04-18T03:21:08","guid":{"rendered":"https:\/\/www.yuyamobilya.com\/product\/ortopedik-yastik\/"},"modified":"2025-04-18T06:10:31","modified_gmt":"2025-04-18T06:10:31","slug":"ortopedik-yastik","status":"publish","type":"product","link":"https:\/\/www.yuyamobilya.com\/es\/product\/ortopedik-yastik\/","title":{"rendered":"Almohada ortop\u00e9dica"},"content":{"rendered":"<p>Ortopedik Yast\u0131k modeli, Yuya Mobilya kalitesiyle \u00fcretilmi\u015ftir. \u015e\u0131k tasar\u0131m\u0131 ve dayan\u0131kl\u0131 malzemesiyle uzun y\u0131llar kullan\u0131m sa\u011flar. Yast\u0131k kategorisinde \u00f6zel bir se\u00e7enektir.<\/p>","protected":false},"excerpt":{"rendered":"<p>Ortopedik Yast\u0131k modeli, Yuya Mobilya kalitesiyle \u00fcretilmi\u015ftir. \u015e\u0131k tasar\u0131m\u0131 ve dayan\u0131kl\u0131 malzemesiyle uzun y\u0131llar kullan\u0131m sa\u011flar. Yast\u0131k kategorisinde \u00f6zel bir se\u00e7enektir.<\/p>","protected":false},"featured_media":19341,"comment_status":"open","ping_status":"closed","template":"","meta":[],"product_brand":[],"product_cat":[145],"product_tag":[],"class_list":{"0":"post-19279","1":"product","2":"type-product","3":"status-publish","4":"has-post-thumbnail","6":"product_cat-yastik","8":"first","9":"instock","10":"shipping-taxable","11":"purchasable","12":"product-type-simple"},"_links":{"self":[{"href":"https:\/\/www.yuyamobilya.com\/es\/wp-json\/wp\/v2\/product\/19279","targetHints":{"allow":["GET"]}}],"collection":[{"href":"https:\/\/www.yuyamobilya.com\/es\/wp-json\/wp\/v2\/product"}],"about":[{"href":"https:\/\/www.yuyamobilya.com\/es\/wp-json\/wp\/v2\/types\/product"}],"replies":[{"embeddable":true,"href":"https:\/\/www.yuyamobilya.com\/es\/wp-json\/wp\/v2\/comments?post=19279"}],"wp:featuredmedia":[{"embeddable":true,"href":"https:\/\/www.yuyamobilya.com\/es\/wp-json\/wp\/v2\/media\/19341"}],"wp:attachment":[{"href":"https:\/\/www.yuyamobilya.com\/es\/wp-json\/wp\/v2\/media?parent=19279"}],"wp:term":[{"taxonomy":"product_brand","embeddable":true,"href":"https:\/\/www.yuyamobilya.com\/es\/wp-json\/wp\/v2\/product_brand?post=19279"},{"taxonomy":"product_cat","embeddable":true,"href":"https:\/\/www.yuyamobilya.com\/es\/wp-json\/wp\/v2\/product_cat?post=19279"},{"taxonomy":"product_tag","embeddable":true,"href":"https:\/\/www.yuyamobilya.com\/es\/wp-json\/wp\/v2\/product_tag?post=19279"}],"curies":[{"name":"wp","href":"https:\/\/api.w.org\/{rel}","templated":true}]}}