{"id":19277,"date":"2025-04-18T03:21:07","date_gmt":"2025-04-18T03:21:07","guid":{"rendered":"https:\/\/www.yuyamobilya.com\/product\/cift-kisilik-nevresim-seti\/"},"modified":"2025-04-18T06:17:53","modified_gmt":"2025-04-18T06:17:53","slug":"cift-kisilik-nevresim-seti","status":"publish","type":"product","link":"https:\/\/www.yuyamobilya.com\/es\/product\/cift-kisilik-nevresim-seti\/","title":{"rendered":"Juego de funda n\u00f3rdica doble"},"content":{"rendered":"<p>\u00c7ift Ki\u015filik Nevresim Seti modeli, Yuya Mobilya kalitesiyle \u00fcretilmi\u015ftir. \u015e\u0131k tasar\u0131m\u0131 ve dayan\u0131kl\u0131 malzemesiyle uzun y\u0131llar kullan\u0131m sa\u011flar. Nevresim Tak\u0131m\u0131 kategorisinde \u00f6zel bir se\u00e7enektir.<\/p>","protected":false},"excerpt":{"rendered":"<p>\u00c7ift Ki\u015filik Nevresim Seti modeli, Yuya Mobilya kalitesiyle \u00fcretilmi\u015ftir. \u015e\u0131k tasar\u0131m\u0131 ve dayan\u0131kl\u0131 malzemesiyle uzun y\u0131llar kullan\u0131m sa\u011flar. Nevresim Tak\u0131m\u0131 kategorisinde \u00f6zel bir se\u00e7enektir.<\/p>","protected":false},"featured_media":19342,"comment_status":"open","ping_status":"closed","template":"","meta":[],"product_brand":[],"product_cat":[144],"product_tag":[],"class_list":{"0":"post-19277","1":"product","2":"type-product","3":"status-publish","4":"has-post-thumbnail","6":"product_cat-nevresim-takimi","8":"first","9":"instock","10":"shipping-taxable","11":"purchasable","12":"product-type-simple"},"_links":{"self":[{"href":"https:\/\/www.yuyamobilya.com\/es\/wp-json\/wp\/v2\/product\/19277","targetHints":{"allow":["GET"]}}],"collection":[{"href":"https:\/\/www.yuyamobilya.com\/es\/wp-json\/wp\/v2\/product"}],"about":[{"href":"https:\/\/www.yuyamobilya.com\/es\/wp-json\/wp\/v2\/types\/product"}],"replies":[{"embeddable":true,"href":"https:\/\/www.yuyamobilya.com\/es\/wp-json\/wp\/v2\/comments?post=19277"}],"wp:featuredmedia":[{"embeddable":true,"href":"https:\/\/www.yuyamobilya.com\/es\/wp-json\/wp\/v2\/media\/19342"}],"wp:attachment":[{"href":"https:\/\/www.yuyamobilya.com\/es\/wp-json\/wp\/v2\/media?parent=19277"}],"wp:term":[{"taxonomy":"product_brand","embeddable":true,"href":"https:\/\/www.yuyamobilya.com\/es\/wp-json\/wp\/v2\/product_brand?post=19277"},{"taxonomy":"product_cat","embeddable":true,"href":"https:\/\/www.yuyamobilya.com\/es\/wp-json\/wp\/v2\/product_cat?post=19277"},{"taxonomy":"product_tag","embeddable":true,"href":"https:\/\/www.yuyamobilya.com\/es\/wp-json\/wp\/v2\/product_tag?post=19277"}],"curies":[{"name":"wp","href":"https:\/\/api.w.org\/{rel}","templated":true}]}}