{"id":19975,"date":"2025-04-22T02:11:58","date_gmt":"2025-04-22T02:11:58","guid":{"rendered":"https:\/\/www.yuyamobilya.com\/?page_id=19975"},"modified":"2025-04-22T02:13:27","modified_gmt":"2025-04-22T02:13:27","slug":"hakkimizda","status":"publish","type":"page","link":"https:\/\/www.yuyamobilya.com\/es\/hakkimizda\/","title":{"rendered":"Sobre nosotros"},"content":{"rendered":"<h2 class=\"wp-block-heading\">Bienvenido a Yuya Furniture<\/h2><p>\u00a1Nos propusimos crear espacios de vida que hagan realidad tus sue\u00f1os!<br><strong>Muebles Yuya<\/strong> Porque no s\u00f3lo embellecemos tus hogares, tambi\u00e9n a\u00f1adimos comodidad, est\u00e9tica y tranquilidad a tu vida.<\/p><p>Nuestra marca, nacida en Esenyurt, Estambul, se ha ganado r\u00e1pidamente la confianza de miles de clientes con sus colecciones de muebles modernos, elegantes y de alta calidad que satisfacen todos los gustos y necesidades.<br>Para nosotros los muebles no son s\u00f3lo un objeto, son el alma de los lugares donde crecen tus recuerdos y vives hermosos momentos con tu familia.<\/p><hr class=\"wp-block-separator has-alpha-channel-opacity\"\/><h2 class=\"wp-block-heading\">Nuestra historia<\/h2><p>Fundada en 2020 con m\u00e1s de 15 a\u00f1os de experiencia de nuestros fundadores en la industria y pasi\u00f3n por la satisfacci\u00f3n del cliente. <strong>Muebles Yuya<\/strong>,<br>Surgi\u00f3 con el objetivo de \u201cproducir muebles duraderos, est\u00e9ticos y accesibles\u201d.<br>Hoy en d\u00eda, priorizamos la calidad en cada paso, desde el dise\u00f1o hasta la producci\u00f3n, desde las ventas hasta el soporte posventa.<\/p><p>Cada uno de nuestros productos; cobra vida con materiales cuidadosamente seleccionados, dise\u00f1os originales y una mano de obra meticulosa.<\/p><hr class=\"wp-block-separator has-alpha-channel-opacity\"\/><h2 class=\"wp-block-heading\">Nuestra visi\u00f3n<\/h2><p><strong>Ser una de las marcas de muebles m\u00e1s confiables y populares en Turqu\u00eda y el mundo.<\/strong><br>Al renovar sus espacios habitables, queremos ofrecerle no s\u00f3lo muebles, sino tambi\u00e9n felicidad y paz.<\/p><hr class=\"wp-block-separator has-alpha-channel-opacity\"\/><h2 class=\"wp-block-heading\">Nuestra misi\u00f3n<\/h2><ul class=\"wp-block-list\"><li>Ofreciendo soluciones de mobiliario de alta calidad, est\u00e9ticas y funcionales.<\/li>\n\n<li>Mantener la satisfacci\u00f3n del cliente por encima de todo<\/li>\n\n<li>Mejorando continuamente con un enfoque de dise\u00f1o innovador<\/li>\n\n<li>Trabajando con procesos productivos respetuosos con la naturaleza y el medio ambiente.<\/li>\n\n<li>Para garantizar que todos tengan muebles de calidad a precios asequibles.<\/li><\/ul><hr class=\"wp-block-separator has-alpha-channel-opacity\"\/><h2 class=\"wp-block-heading\">Nuestros valores<\/h2><ul class=\"wp-block-list\"><li><strong>Confianza:<\/strong> Nos comunicamos de forma transparente y honesta en todos nuestros procesos.<\/li>\n\n<li><strong>Calidad:<\/strong> Adoptamos materiales de la m\u00e1s alta calidad y est\u00e1ndares de mano de obra en nuestros productos.<\/li>\n\n<li><strong>Enfoque en el cliente:<\/strong> Escuchamos las necesidades de nuestros clientes y ofrecemos las soluciones m\u00e1s adecuadas.<\/li>\n\n<li><strong>Est\u00e9tico:<\/strong> M\u00e1s all\u00e1 de la funcionalidad, priorizamos la elegancia y el estilo.<\/li>\n\n<li><strong>Sostenibilidad:<\/strong> Nos preocupamos por proteger el medio ambiente en nuestros procesos de producci\u00f3n y envasado.<\/li><\/ul><hr class=\"wp-block-separator has-alpha-channel-opacity\"\/><h2 class=\"wp-block-heading\">Nuestra gama de productos<\/h2><p>Como Yuya Furniture, ofrecemos opciones integrales y \u00fanicas para tus espacios habitables:<\/p><ul class=\"wp-block-list\"><li><strong>Juegos de dormitorio<\/strong><\/li>\n\n<li><strong>Grupos sentados<\/strong><\/li>\n\n<li><strong>Juegos de comedor<\/strong><\/li>\n\n<li><strong>Muebles y consolas de TV<\/strong><\/li>\n\n<li><strong>Accesorios y productos decorativos<\/strong><\/li>\n\n<li><strong>Dise\u00f1os de muebles personalizados<\/strong><\/li><\/ul><p>Cada una de nuestras series de productos; Combina est\u00e9tica, comodidad y durabilidad.<\/p><hr class=\"wp-block-separator has-alpha-channel-opacity\"\/><h2 class=\"wp-block-heading\">\u00bfPor qu\u00e9 Yuya Furniture?<\/h2><ul class=\"wp-block-list\"><li>%100 MDF ve kaliteli do\u011fal malzeme kullan\u0131m\u0131<\/li>\n\n<li>Dise\u00f1os modernos y atemporales<\/li>\n\n<li>Precios razonables y opciones de pago a plazos.<\/li>\n\n<li>Entrega segura en toda Turqu\u00eda<\/li>\n\n<li>Instalaci\u00f3n profesional y soporte posventa.<\/li>\n\n<li>Enfoque de servicio que se centra en la satisfacci\u00f3n del cliente<\/li><\/ul><hr class=\"wp-block-separator has-alpha-channel-opacity\"\/><h2 class=\"wp-block-heading\">Cont\u00e1ctanos<\/h2><p>\u00a1Estamos aqu\u00ed para dise\u00f1ar juntos el espacio de tus sue\u00f1os!<br>Estamos a un solo clic de distancia:<\/p><p>\ud83d\udcde <strong>Tel\u00e9fono:<\/strong> +90 531 262 36 40<br>\ud83d\udce7 <strong>Correo electr\u00f3nico:<\/strong> <a class=\"\">info@yuyamobilya.com<\/a><br>\ud83d\udccd <strong>DIRECCI\u00d3N:<\/strong> Distrito de Guzelyurt, 2128. Calle No:6J, Esenyurt \/ Estambul, T\u00fcrkiye<\/p><hr class=\"wp-block-separator has-alpha-channel-opacity\"\/><h3 class=\"wp-block-heading\">Muebles Yuya \u2013 <strong>Llevamos tus sue\u00f1os a tu espacio vital.<\/strong><\/h3>","protected":false},"excerpt":{"rendered":"<p>Yuya Mobilya\u2019ya Ho\u015f Geldiniz Hayallerinizi ger\u00e7e\u011fe d\u00f6n\u00fc\u015ft\u00fcren ya\u015fam alanlar\u0131 i\u00e7in yola \u00e7\u0131kt\u0131k!Yuya Mobilya olarak, evlerinizi sadece g\u00fczelle\u015ftirmekle kalm\u0131yor, ya\u015fam\u0131n\u0131za konfor, estetik ve huzur kat\u0131yoruz. \u0130stanbul Esenyurt&#8217;ta do\u011fan markam\u0131z, her zevke ve ihtiyaca hitap eden modern, \u015f\u0131k ve kaliteli mobilya koleksiyonlar\u0131yla k\u0131sa s\u00fcrede binlerce m\u00fc\u015fterimizin g\u00fcvenini kazand\u0131.Bizim i\u00e7in mobilya sadece bir e\u015fya de\u011fil, an\u0131lar\u0131n\u0131z\u0131n b\u00fcy\u00fcd\u00fc\u011f\u00fc, ailenizle [&hellip;]<\/p>","protected":false},"author":1,"featured_media":0,"parent":0,"menu_order":0,"comment_status":"closed","ping_status":"closed","template":"","meta":{"footnotes":""},"class_list":["post-19975","page","type-page","status-publish","hentry"],"_links":{"self":[{"href":"https:\/\/www.yuyamobilya.com\/es\/wp-json\/wp\/v2\/pages\/19975","targetHints":{"allow":["GET"]}}],"collection":[{"href":"https:\/\/www.yuyamobilya.com\/es\/wp-json\/wp\/v2\/pages"}],"about":[{"href":"https:\/\/www.yuyamobilya.com\/es\/wp-json\/wp\/v2\/types\/page"}],"author":[{"embeddable":true,"href":"https:\/\/www.yuyamobilya.com\/es\/wp-json\/wp\/v2\/users\/1"}],"replies":[{"embeddable":true,"href":"https:\/\/www.yuyamobilya.com\/es\/wp-json\/wp\/v2\/comments?post=19975"}],"version-history":[{"count":1,"href":"https:\/\/www.yuyamobilya.com\/es\/wp-json\/wp\/v2\/pages\/19975\/revisions"}],"predecessor-version":[{"id":19976,"href":"https:\/\/www.yuyamobilya.com\/es\/wp-json\/wp\/v2\/pages\/19975\/revisions\/19976"}],"wp:attachment":[{"href":"https:\/\/www.yuyamobilya.com\/es\/wp-json\/wp\/v2\/media?parent=19975"}],"curies":[{"name":"wp","href":"https:\/\/api.w.org\/{rel}","templated":true}]}}