{"id":19969,"date":"2025-04-22T02:07:05","date_gmt":"2025-04-22T02:07:05","guid":{"rendered":"https:\/\/www.yuyamobilya.com\/?page_id=19969"},"modified":"2025-04-22T02:07:07","modified_gmt":"2025-04-22T02:07:07","slug":"mesafeli-satis-sozlesmesi","status":"publish","type":"page","link":"https:\/\/www.yuyamobilya.com\/es\/mesafeli-satis-sozlesmesi\/","title":{"rendered":"Contrato de compraventa a distancia"},"content":{"rendered":"<p><strong>Este Acuerdo<\/strong>La informaci\u00f3n se proporciona a continuaci\u00f3n. <strong>persona de ventas<\/strong> con <strong>Comprador<\/strong> Se estableci\u00f3 de forma electr\u00f3nica de conformidad con la Ley de Protecci\u00f3n al Consumidor N\u00b0 6502 y el Reglamento de Contratos a Distancia.<\/p><hr class=\"wp-block-separator has-alpha-channel-opacity\"\/><h2 class=\"wp-block-heading\">1. Partes<\/h2><p><strong>Persona de ventas:<\/strong><\/p><ul class=\"wp-block-list\"><li>T\u00edtulo: <strong>Muebles Yuya<\/strong><\/li>\n\n<li>Direcci\u00f3n: Distrito de Guzelyurt, 2128. Calle No:6J, Esenyurt \/ Estambul, T\u00fcrkiye<\/li>\n\n<li>Tel\u00e9fono: +90 531 262 36 40<\/li>\n\n<li>Correo electr\u00f3nico: <a class=\"\">info@yuyamobilya.com<\/a><\/li>\n\n<li>Sitio web: <a class=\"\" href=\"https:\/\/www.yuyamobilya.com\/es\/\">www.yuyamobilya.com<\/a><\/li><\/ul><p><strong>Comprador:<\/strong><\/p><ul class=\"wp-block-list\"><li>Nombre\/Apellido: [A ser ingresado por el destinatario]<\/li>\n\n<li>Direcci\u00f3n: [A ser ingresada por el destinatario]<\/li>\n\n<li>Tel\u00e9fono: [A ser ingresado por el comprador]<\/li>\n\n<li>Correo electr\u00f3nico: [A ser ingresado por el destinatario]<\/li><\/ul><hr class=\"wp-block-separator has-alpha-channel-opacity\"\/><h2 class=\"wp-block-heading\">2. Objeto del Acuerdo<\/h2><p>El objeto de este contrato es el contrato entre el Comprador y el Vendedor. <a class=\"\" href=\"https:\/\/www.yuyamobilya.com\/es\/\">www.yuyamobilya.com<\/a> Es la determinaci\u00f3n de los derechos y obligaciones de las partes respecto a la venta y entrega del producto\/productos pedidos electr\u00f3nicamente a trav\u00e9s del sitio web.<\/p><hr class=\"wp-block-separator has-alpha-channel-opacity\"\/><h2 class=\"wp-block-heading\">3. Informaci\u00f3n del producto<\/h2><ul class=\"wp-block-list\"><li>Producto(s): [Producto(s) especificado(s) en los detalles del pedido]<\/li>\n\n<li>Cantidad: [Cantidad del pedido]<\/li>\n\n<li>Precio de venta: [Importe total incluyendo precio del producto y env\u00edo]<\/li>\n\n<li>M\u00e9todo de pago: [Tarjeta de cr\u00e9dito \/ Giro postal \/ EFT \/ Contra reembolso, etc.]<\/li>\n\n<li>Direcci\u00f3n de env\u00edo: [A ser ingresada por el Comprador]<\/li><\/ul><hr class=\"wp-block-separator has-alpha-channel-opacity\"\/><h2 class=\"wp-block-heading\">4. Entrega y condiciones de entrega<\/h2><ul class=\"wp-block-list\"><li>El producto ser\u00e1 enviado a la direcci\u00f3n de entrega indicada por el Comprador.<\/li>\n\n<li>El tiempo de entrega puede variar entre 3 y 30 d\u00edas h\u00e1biles dependiendo del estado del stock y las caracter\u00edsticas del producto.<\/li>\n\n<li>La entrega del producto la realiza la empresa de carga contratada o el equipo de Yuya Furniture.<\/li>\n\n<li>Los gastos de env\u00edo corren a cargo del Comprador salvo que se indique lo contrario.<\/li><\/ul><hr class=\"wp-block-separator has-alpha-channel-opacity\"\/><h2 class=\"wp-block-heading\">5. Derecho de desistimiento<\/h2><ul class=\"wp-block-list\"><li>El comprador es responsable de la entrega del producto. <strong>14 d\u00edas<\/strong> tiene derecho a rescindir el contrato sin necesidad de justificaci\u00f3n y sin abonar ninguna penalizaci\u00f3n.<\/li>\n\n<li>Para ejercer el derecho de desistimiento ser\u00e1 necesario comunicarlo por escrito al Vendedor dentro de este plazo.<\/li>\n\n<li>Cuando se ejerza el derecho de desistimiento, el producto deber\u00e1 devolverse completo y sin da\u00f1os con su embalaje original, accesorios y factura.<\/li><\/ul><p><strong>Situaciones en las que no se puede ejercer el derecho de desistimiento:<\/strong><\/p><ul class=\"wp-block-list\"><li>Para productos fabricados de acuerdo a peticiones especiales del Comprador o claramente a sus necesidades personales (talla personalizada, color, tejido, etc.)<\/li>\n\n<li>En productos que hayan sido instalados, utilizados o ensamblados,<\/li>\n\n<li>Para productos que pueden deteriorarse r\u00e1pidamente o caducar,<br>El derecho de desistimiento no podr\u00e1 ejercerse.<\/li><\/ul><hr class=\"wp-block-separator has-alpha-channel-opacity\"\/><h2 class=\"wp-block-heading\">6. Proceso de devoluci\u00f3n<\/h2><ul class=\"wp-block-list\"><li>En caso de ejercer el derecho de desistimiento, tras la entrega del producto al Vendedor, <strong>14 d\u00edas h\u00e1biles<\/strong> El precio del producto ser\u00e1 reembolsado al Comprador dentro de .<\/li>\n\n<li>El pago de la devoluci\u00f3n se realizar\u00e1 de acuerdo con el m\u00e9todo de pago del Comprador.<\/li>\n\n<li>Los gastos de env\u00edo corren generalmente a cargo del Comprador cuando se ejerce el derecho de desistimiento.<\/li><\/ul><hr class=\"wp-block-separator has-alpha-channel-opacity\"\/><h2 class=\"wp-block-heading\">7. Defectos del producto<\/h2><ul class=\"wp-block-list\"><li>Si durante la entrega del producto se detecta alg\u00fan da\u00f1o, deficiencia o defecto, el Comprador deber\u00e1 hacer levantar un informe al mensajero antes de recibir el producto.<\/li>\n\n<li>En caso de detectarse cualquier defecto de fabricaci\u00f3n despu\u00e9s de recibir el producto, deber\u00e1 notificarse por escrito al Vendedor en el plazo m\u00e1ximo de 7 d\u00edas.<\/li><\/ul><hr class=\"wp-block-separator has-alpha-channel-opacity\"\/><h2 class=\"wp-block-heading\">8. Privacidad y datos personales<\/h2><ul class=\"wp-block-list\"><li>Todos los datos personales compartidos por el Comprador durante la membres\u00eda y el pedido, <a class=\"\" href=\"#\">Texto informativo de KVKK<\/a> Est\u00e1 protegido dentro del \u00e1mbito de protecci\u00f3n de datos y no se comparte con terceros.<\/li><\/ul><hr class=\"wp-block-separator has-alpha-channel-opacity\"\/><h2 class=\"wp-block-heading\">9. Resoluci\u00f3n de disputas<\/h2><ul class=\"wp-block-list\"><li>En caso de controversias que puedan derivarse de este contrato, estar\u00e1n autorizados los Comit\u00e9s de Arbitraje de Consumo o los Tribunales de Consumo del lugar de residencia del Comprador, dentro de los l\u00edmites monetarios declarados por el Ministerio de Comercio de la Rep\u00fablica de Turqu\u00eda.<\/li><\/ul><hr class=\"wp-block-separator has-alpha-channel-opacity\"\/><h2 class=\"wp-block-heading\">10. Entrada en vigor<\/h2><ul class=\"wp-block-list\"><li>Al realizar un pedido a trav\u00e9s de yuyamobilya.com, se considera que el Comprador ha aceptado todas las condiciones especificadas en este Contrato de Venta a Distancia.<\/li><\/ul><hr class=\"wp-block-separator has-alpha-channel-opacity\"\/><p><strong>Informaci\u00f3n de contacto del vendedor:<\/strong><br>Muebles Yuya<br>\ud83d\udcde +90 531 262 36 40<br>\ud83d\udce7 <a class=\"\">info@yuyamobilya.com<\/a><br>\ud83d\udccd Barrio Guzelyurt, 2128. Calle No:6J, Esenyurt \/ Estambul, T\u00fcrkiye<\/p>","protected":false},"excerpt":{"rendered":"<p>\u0130\u015fbu S\u00f6zle\u015fme, a\u015fa\u011f\u0131da bilgileri bulunan Sat\u0131c\u0131 ile Al\u0131c\u0131 aras\u0131nda, 6502 say\u0131l\u0131 T\u00fcketicinin Korunmas\u0131 Hakk\u0131nda Kanun ve Mesafeli S\u00f6zle\u015fmeler Y\u00f6netmeli\u011fi uyar\u0131nca elektronik ortamda kurulmu\u015ftur. 1. Taraflar Sat\u0131c\u0131: Al\u0131c\u0131: 2. S\u00f6zle\u015fmenin Konusu \u0130\u015fbu s\u00f6zle\u015fmenin konusu, Al\u0131c\u0131\u2019n\u0131n, Sat\u0131c\u0131\u2019ya ait www.yuyamobilya.com internet sitesi \u00fczerinden elektronik ortamda sipari\u015fini verdi\u011fi \u00fcr\u00fcn\/\u00fcr\u00fcnlerin sat\u0131\u015f\u0131 ve teslimine ili\u015fkin taraflar\u0131n hak ve y\u00fck\u00fcml\u00fcl\u00fcklerinin belirlenmesidir. 3. [&hellip;]<\/p>","protected":false},"author":1,"featured_media":0,"parent":0,"menu_order":0,"comment_status":"closed","ping_status":"closed","template":"","meta":{"footnotes":""},"class_list":["post-19969","page","type-page","status-publish","hentry"],"_links":{"self":[{"href":"https:\/\/www.yuyamobilya.com\/es\/wp-json\/wp\/v2\/pages\/19969","targetHints":{"allow":["GET"]}}],"collection":[{"href":"https:\/\/www.yuyamobilya.com\/es\/wp-json\/wp\/v2\/pages"}],"about":[{"href":"https:\/\/www.yuyamobilya.com\/es\/wp-json\/wp\/v2\/types\/page"}],"author":[{"embeddable":true,"href":"https:\/\/www.yuyamobilya.com\/es\/wp-json\/wp\/v2\/users\/1"}],"replies":[{"embeddable":true,"href":"https:\/\/www.yuyamobilya.com\/es\/wp-json\/wp\/v2\/comments?post=19969"}],"version-history":[{"count":1,"href":"https:\/\/www.yuyamobilya.com\/es\/wp-json\/wp\/v2\/pages\/19969\/revisions"}],"predecessor-version":[{"id":19971,"href":"https:\/\/www.yuyamobilya.com\/es\/wp-json\/wp\/v2\/pages\/19969\/revisions\/19971"}],"wp:attachment":[{"href":"https:\/\/www.yuyamobilya.com\/es\/wp-json\/wp\/v2\/media?parent=19969"}],"curies":[{"name":"wp","href":"https:\/\/api.w.org\/{rel}","templated":true}]}}