{"id":19967,"date":"2025-04-22T02:05:43","date_gmt":"2025-04-22T02:05:43","guid":{"rendered":"https:\/\/www.yuyamobilya.com\/?page_id=19967"},"modified":"2025-04-22T02:05:45","modified_gmt":"2025-04-22T02:05:45","slug":"uyelik-sozlesmesi","status":"publish","type":"page","link":"https:\/\/www.yuyamobilya.com\/es\/uyelik-sozlesmesi\/","title":{"rendered":"Acuerdo de membres\u00eda"},"content":{"rendered":"<p>Este Acuerdo de Membres\u00eda (\u201cAcuerdo\u201d), <strong>yuyamobilya.com<\/strong> visitantes del sitio web y usuarios que son miembros del sitio (\u201cMiembros\u201d)<br><strong>Muebles Yuya<\/strong> (\u201cCompa\u00f1\u00eda\u201d) ha sido constituida bajo los siguientes t\u00e9rminos y condiciones.<\/p><h2 class=\"wp-block-heading\">1. Partes<\/h2><ul class=\"wp-block-list\"><li><strong>Firme:<\/strong><br>T\u00edtulo: Muebles Yuya<br>Direcci\u00f3n: Distrito de Guzelyurt, 2128. Calle No:6J, Esenyurt \/ Estambul, T\u00fcrkiye<br>Tel\u00e9fono: +90 531 262 36 40<br>Correo electr\u00f3nico: <a class=\"\">info@yuyamobilya.com<\/a><\/li>\n\n<li><strong>Miembro:<\/strong><br>La persona que comparte su informaci\u00f3n rellenando el formulario de membres\u00eda en el sitio web y cuya membres\u00eda es aprobada.<\/li><\/ul><h2 class=\"wp-block-heading\">2. Condiciones de membres\u00eda<\/h2><ul class=\"wp-block-list\"><li>Para ser miembro debes tener 18 a\u00f1os o m\u00e1s.<\/li>\n\n<li>El miembro declara que la informaci\u00f3n proporcionada es exacta, completa y actualizada. La responsabilidad derivada de la informaci\u00f3n facilitada de forma incorrecta o incompleta corresponde al miembro.<\/li>\n\n<li>El miembro es personalmente responsable de todas las transacciones realizadas a trav\u00e9s de yuyamobilya.com.<\/li><\/ul><h2 class=\"wp-block-heading\">3. Derechos y obligaciones de los miembros<\/h2><ul class=\"wp-block-list\"><li>El miembro se compromete a actuar de conformidad con la normativa legal, la moral y las normas generales al utilizar el sitio.<\/li>\n\n<li>Los miembros no pueden participar en actividades que puedan perjudicar los derechos de terceros, proporcionar informaci\u00f3n falsa o hacer un mal uso del sitio.<\/li>\n\n<li>El miembro es responsable de garantizar la seguridad de su cuenta. El Miembro es responsable de todas las consecuencias que puedan derivarse si su contrase\u00f1a es compartida con terceros.<\/li>\n\n<li>El miembro es responsable de actualizar su informaci\u00f3n de membres\u00eda. La Compa\u00f1\u00eda no se hace responsable de las posibles interrupciones que pudieran derivarse de la falta de actualizaci\u00f3n de la informaci\u00f3n.<\/li><\/ul><h2 class=\"wp-block-heading\">4. Derechos y obligaciones de la empresa<\/h2><ul class=\"wp-block-list\"><li>La empresa recopila informaci\u00f3n personal proporcionada por el miembro. <a class=\"\" href=\"#\">Pol\u00edtica de KVKK<\/a> La mantiene confidencial y no la comparte con terceros.<\/li>\n\n<li>La Compa\u00f1\u00eda se reserva el derecho de realizar cambios unilaterales al Acuerdo de Membres\u00eda cuando sea necesario. Los cambios entrar\u00e1n en vigor en la fecha de su publicaci\u00f3n en el sitio web.<\/li>\n\n<li>La empresa se reserva el derecho de cambiar, suspender o terminar el contenido y los servicios del sitio en cualquier momento.<\/li><\/ul><h2 class=\"wp-block-heading\">5. Terminaci\u00f3n de la membres\u00eda<\/h2><ul class=\"wp-block-list\"><li>El miembro puede cancelar su membres\u00eda en cualquier momento solicitando la cancelaci\u00f3n de su membres\u00eda a trav\u00e9s del sitio web.<\/li>\n\n<li>Si la empresa detecta que el miembro ha actuado en contra de este acuerdo o de las reglas de uso del sitio, tiene el derecho de cancelar la membres\u00eda unilateralmente.<\/li><\/ul><h2 class=\"wp-block-heading\">6. Derechos de propiedad intelectual<\/h2><ul class=\"wp-block-list\"><li>Todas las im\u00e1genes, contenidos, marcas y dise\u00f1os de yuyamobilya.com pertenecen a Yuya Mobilya. El miembro no puede copiar, reproducir, publicar o distribuir estos contenidos sin permiso.<\/li><\/ul><h2 class=\"wp-block-heading\">7. Entrada en vigor del Acuerdo<\/h2><ul class=\"wp-block-list\"><li>Se considerar\u00e1 que el miembro ha aceptado este acuerdo al completar el formulario de membres\u00eda en el sitio web y marcar la casilla &quot;He le\u00eddo y acepto el Acuerdo de Membres\u00eda&quot;.<\/li><\/ul><h2 class=\"wp-block-heading\">8. Resoluci\u00f3n de disputas<\/h2><ul class=\"wp-block-list\"><li>Los tribunales y las oficinas de ejecuci\u00f3n de Estambul (\u00c7a\u011flayan) tienen jurisdicci\u00f3n sobre las disputas que puedan surgir con respecto a este Acuerdo.<\/li>\n\n<li>Las partes intentar\u00e1n resolver las disputas principalmente mediante la negociaci\u00f3n.<\/li><\/ul><hr class=\"wp-block-separator has-alpha-channel-opacity\"\/><p><strong>Informaci\u00f3n del contacto:<\/strong><br>Muebles Yuya<br>\ud83d\udcde +90 531 262 36 40<br>\ud83d\udce7 <a class=\"\">info@yuyamobilya.com<\/a><br>\ud83d\udccd Barrio Guzelyurt, 2128. Calle No:6J, Esenyurt \/ Estambul, T\u00fcrkiye<\/p>","protected":false},"excerpt":{"rendered":"<p>Bu \u00dcyelik S\u00f6zle\u015fmesi (&#8220;S\u00f6zle\u015fme&#8221;), yuyamobilya.com web sitesini kullanan ziyaret\u00e7iler ve siteye \u00fcye olan kullan\u0131c\u0131lar (&#8220;\u00dcye&#8221;) ileYuya Mobilya (&#8220;Firma&#8221;) aras\u0131nda a\u015fa\u011f\u0131daki \u015fartlar ve ko\u015fullar dahilinde d\u00fczenlenmi\u015ftir. 1. Taraflar 2. \u00dcyelik Ko\u015fullar\u0131 3. \u00dcye&#8217;nin Hak ve Y\u00fck\u00fcml\u00fcl\u00fckleri 4. Firma&#8217;n\u0131n Hak ve Y\u00fck\u00fcml\u00fcl\u00fckleri 5. \u00dcyeli\u011fin Sona Ermesi 6. Fikri M\u00fclkiyet Haklar\u0131 7. S\u00f6zle\u015fmenin Y\u00fcr\u00fcrl\u00fc\u011fe Girmesi 8. Uyu\u015fmazl\u0131klar\u0131n \u00c7\u00f6z\u00fcm\u00fc [&hellip;]<\/p>","protected":false},"author":1,"featured_media":0,"parent":0,"menu_order":0,"comment_status":"closed","ping_status":"closed","template":"","meta":{"footnotes":""},"class_list":["post-19967","page","type-page","status-publish","hentry"],"_links":{"self":[{"href":"https:\/\/www.yuyamobilya.com\/es\/wp-json\/wp\/v2\/pages\/19967","targetHints":{"allow":["GET"]}}],"collection":[{"href":"https:\/\/www.yuyamobilya.com\/es\/wp-json\/wp\/v2\/pages"}],"about":[{"href":"https:\/\/www.yuyamobilya.com\/es\/wp-json\/wp\/v2\/types\/page"}],"author":[{"embeddable":true,"href":"https:\/\/www.yuyamobilya.com\/es\/wp-json\/wp\/v2\/users\/1"}],"replies":[{"embeddable":true,"href":"https:\/\/www.yuyamobilya.com\/es\/wp-json\/wp\/v2\/comments?post=19967"}],"version-history":[{"count":1,"href":"https:\/\/www.yuyamobilya.com\/es\/wp-json\/wp\/v2\/pages\/19967\/revisions"}],"predecessor-version":[{"id":19968,"href":"https:\/\/www.yuyamobilya.com\/es\/wp-json\/wp\/v2\/pages\/19967\/revisions\/19968"}],"wp:attachment":[{"href":"https:\/\/www.yuyamobilya.com\/es\/wp-json\/wp\/v2\/media?parent=19967"}],"curies":[{"name":"wp","href":"https:\/\/api.w.org\/{rel}","templated":true}]}}