{"id":19962,"date":"2025-04-22T02:02:32","date_gmt":"2025-04-22T02:02:32","guid":{"rendered":"https:\/\/www.yuyamobilya.com\/?page_id=19962"},"modified":"2025-04-22T02:02:33","modified_gmt":"2025-04-22T02:02:33","slug":"teslimat-kosullari","status":"publish","type":"page","link":"https:\/\/www.yuyamobilya.com\/es\/teslimat-kosullari\/","title":{"rendered":"Condiciones de entrega"},"content":{"rendered":"<p>En Yuya Furniture, trabajamos meticulosamente para garantizar que los productos que usted compra le lleguen lo m\u00e1s r\u00e1pido y seguro posible. A continuaci\u00f3n le proporcionamos todos los detalles sobre nuestros procesos de entrega para su informaci\u00f3n.<\/p><h2 class=\"wp-block-heading\">El tiempo de entrega<\/h2><ul class=\"wp-block-list\"><li>El tiempo de entrega de los productos adquiridos var\u00eda seg\u00fan el estado del stock y el proceso de producci\u00f3n.<\/li>\n\n<li>El tiempo de entrega de los productos en stock es de entre 3 y 7 d\u00edas laborables dentro de Estambul y de 7 a 15 d\u00edas laborables fuera de Estambul.<\/li>\n\n<li>Para productos de producci\u00f3n personalizada o dise\u00f1o personalizado, el tiempo de entrega puede variar entre 21-30 d\u00edas h\u00e1biles dependiendo de las caracter\u00edsticas del producto.<\/li><\/ul><h2 class=\"wp-block-heading\">\u00c1reas de entrega<\/h2><ul class=\"wp-block-list\"><li>Ofrecemos servicio de entrega en toda Turqu\u00eda.<\/li>\n\n<li>Las entregas dentro de Estambul las realiza directamente el equipo de Yuya Mobilya.<\/li>\n\n<li>Las entregas fuera de Estambul se realizan a trav\u00e9s de empresas log\u00edsticas contratadas.<\/li><\/ul><h2 class=\"wp-block-heading\">Gastos de env\u00edo<\/h2><ul class=\"wp-block-list\"><li>Nuestras entregas a ciertas \u00e1reas dentro de Estambul son gratuitas.<\/li>\n\n<li>Para env\u00edos fuera de Estambul, el coste de env\u00edo puede variar seg\u00fan el volumen del producto y la direcci\u00f3n de entrega.<\/li>\n\n<li>Puede obtener informaci\u00f3n sobre los costos y detalles de env\u00edo de nuestro representante de atenci\u00f3n al cliente antes de realizar el pedido.<\/li><\/ul><h2 class=\"wp-block-heading\">M\u00e9todo de entrega<\/h2><ul class=\"wp-block-list\"><li>La entrega se realiza frente al edificio.<\/li>\n\n<li>Tambi\u00e9n se organiza un equipo de instalaci\u00f3n para nuestros clientes que solicitan el servicio de instalaci\u00f3n. El servicio de instalaci\u00f3n puede cobrarse por separado.<\/li>\n\n<li>Es posible que se requieran servicios de transporte adicionales para entregas en edificios sin ascensores, escaleras estrechas o edificios de gran altura. En este caso cualquier coste adicional que pudiera surgir ser\u00e1 a cargo del cliente.<\/li><\/ul><h2 class=\"wp-block-heading\">Cosas a tener en cuenta durante el parto<\/h2><ul class=\"wp-block-list\"><li>Al recibir el producto se deber\u00e1 revisar el embalaje, y en caso de existir alg\u00fan da\u00f1o o deficiencia se deber\u00e1 conservar un informe por parte del repartidor.<\/li>\n\n<li>Yuya Furniture no acepta ninguna responsabilidad por da\u00f1os que puedan ocurrir debido a la carga en productos recibidos sin reporte.<\/li><\/ul><h2 class=\"wp-block-heading\">Condiciones de devoluci\u00f3n y cambio<\/h2><ul class=\"wp-block-list\"><li>Si despu\u00e9s de la entrega se detecta un defecto de fabricaci\u00f3n en el producto, debemos notific\u00e1rnoslo dentro de 7 d\u00edas h\u00e1biles.<\/li>\n\n<li>Los procesos de cambio o devoluci\u00f3n se podr\u00e1n iniciar siempre que los productos est\u00e9n sin usar, sin da\u00f1os y en su embalaje original.<\/li>\n\n<li>En los procesos de devoluci\u00f3n y cambio los gastos de env\u00edo podr\u00e1n ser asumidos por el cliente. Para obtener informaci\u00f3n detallada, por favor <a class=\"\" href=\"#\">Condiciones de devoluci\u00f3n y cambio<\/a> Por favor revise nuestra p\u00e1gina.<\/li><\/ul><hr class=\"wp-block-separator has-alpha-channel-opacity\"\/><p><strong>Para contactarnos:<\/strong><br>\ud83d\udcde +90 531 262 36 40<br>\ud83d\udce7 <a class=\"\">info@yuyamobilya.com<\/a><br>\ud83d\udccd Barrio Guzelyurt, 2128. Calle No:6J, Esenyurt \/ Estambul, T\u00fcrkiye<\/p>","protected":false},"excerpt":{"rendered":"<p>Yuya Mobilya olarak, sat\u0131n ald\u0131\u011f\u0131n\u0131z \u00fcr\u00fcnlerin en k\u0131sa s\u00fcrede ve en g\u00fcvenli \u015fekilde sizlere ula\u015fmas\u0131 i\u00e7in titizlikle \u00e7al\u0131\u015f\u0131yoruz. Teslimat s\u00fcre\u00e7lerimize dair t\u00fcm detaylar a\u015fa\u011f\u0131da bilgilerinize sunulmu\u015ftur. Teslimat S\u00fcresi Teslimat B\u00f6lgeleri Teslimat \u00dccretleri Teslimat \u015eekli Teslimat An\u0131nda Dikkat Edilmesi Gerekenler \u0130ade ve De\u011fi\u015fim Ko\u015fullar\u0131 \u0130leti\u015fim i\u00e7in:&#x1f4de; +90 531 262 36 40&#x1f4e7; info@yuyamobilya.com&#x1f4cd; G\u00fczelyurt Mahallesi, 2128. Sokak [&hellip;]<\/p>","protected":false},"author":1,"featured_media":0,"parent":0,"menu_order":0,"comment_status":"closed","ping_status":"closed","template":"","meta":{"footnotes":""},"class_list":["post-19962","page","type-page","status-publish","hentry"],"_links":{"self":[{"href":"https:\/\/www.yuyamobilya.com\/es\/wp-json\/wp\/v2\/pages\/19962","targetHints":{"allow":["GET"]}}],"collection":[{"href":"https:\/\/www.yuyamobilya.com\/es\/wp-json\/wp\/v2\/pages"}],"about":[{"href":"https:\/\/www.yuyamobilya.com\/es\/wp-json\/wp\/v2\/types\/page"}],"author":[{"embeddable":true,"href":"https:\/\/www.yuyamobilya.com\/es\/wp-json\/wp\/v2\/users\/1"}],"replies":[{"embeddable":true,"href":"https:\/\/www.yuyamobilya.com\/es\/wp-json\/wp\/v2\/comments?post=19962"}],"version-history":[{"count":1,"href":"https:\/\/www.yuyamobilya.com\/es\/wp-json\/wp\/v2\/pages\/19962\/revisions"}],"predecessor-version":[{"id":19964,"href":"https:\/\/www.yuyamobilya.com\/es\/wp-json\/wp\/v2\/pages\/19962\/revisions\/19964"}],"wp:attachment":[{"href":"https:\/\/www.yuyamobilya.com\/es\/wp-json\/wp\/v2\/media?parent=19962"}],"curies":[{"name":"wp","href":"https:\/\/api.w.org\/{rel}","templated":true}]}}