{"id":20541,"date":"2025-05-16T08:50:05","date_gmt":"2025-05-16T08:50:05","guid":{"rendered":"https:\/\/www.yuyamobilya.com\/?post_type=product&#038;p=20541"},"modified":"2025-05-16T08:50:05","modified_gmt":"2025-05-16T08:50:05","slug":"traverten-yemek-odasi","status":"publish","type":"product","link":"https:\/\/www.yuyamobilya.com\/en\/product\/traverten-yemek-odasi\/","title":{"rendered":"Travertine dining room"},"content":{"rendered":"<h2 style=\"text-align: center;\">Product Description<\/h2>\n<hr \/>\n<p>1 console and mirror<\/p>\n<p>1 fixed dining table<\/p>\n<p>It consists of 4 stylish wooden chairs.<\/p>\n<p>You can add the TV unit externally.<\/p>\n<p>Our products are made of materials that comply with quality standards.<\/p>\n<p>Chair fabric color change is available.<\/p>\n<p>\u00dcr\u00fcnlerimiz %100\u00a0<strong>MDF\u00a0<\/strong>made from material.<\/p>\n<p>You can purchase our products individually.<\/p>\n<p>You can easily clean the products with a damp cloth.<\/p>\n<h3 style=\"text-align: center;\">PRODUCT DIMENSIONS<\/h3>\n<div>\n<hr \/>\n<table style=\"height: 299px;\" border=\"0\" width=\"1359\" cellspacing=\"10px\" cellpadding=\"10px\">\n<tbody>\n<tr>\n<td><strong>Products<\/strong><\/td>\n<td><strong>Width<\/strong><\/td>\n<td><strong>Depth<\/strong><\/td>\n<td><strong>Height<\/strong><\/td>\n<\/tr>\n<tr>\n<td>Console<\/td>\n<td>180cm<\/td>\n<td>41cm<\/td>\n<td>85cm<\/td>\n<\/tr>\n<tr>\n<td>Console Mirror<\/td>\n<td>30cm<\/td>\n<td>02 cm<\/td>\n<td>100cm<\/td>\n<\/tr>\n<tr>\n<td>Dining table<\/td>\n<td>180cm<\/td>\n<td>85cm<\/td>\n<td>76cm<\/td>\n<\/tr>\n<tr>\n<td>TV Unit<\/td>\n<td>175cm<\/td>\n<td>85cm<\/td>\n<td>50cm<\/td>\n<\/tr>\n<\/tbody>\n<\/table>\n<\/div>","protected":false},"excerpt":{"rendered":"<p>\u00dcr\u00fcn A\u00e7\u0131klamas\u0131 1adet konsol ve aynas\u0131 1 adet sabit yemek masas\u0131 4 adet tarz ah\u015fap sandalyeden olu\u015fmaktad\u0131r. Tv \u00fcnitesini harici olarak ekleyebilirsiniz. \u00dcr\u00fcnlerimiz kalite standartlar\u0131na uygun malzemeden \u00fcretilmi\u015ftir. Sandalye kuma\u015f renk de\u011fi\u015fikli\u011fi mevcuttur. \u00dcr\u00fcnlerimiz %100\u00a0MDF\u00a0malzemeden \u00fcretilmi\u015ftir. \u00dcr\u00fcnlerimizi tekil olarak sat\u0131n alabilirsiniz. \u00dcr\u00fcnleri nemli bir bez ile kolayl\u0131kla temizleyebilirsiniz. \u00dcR\u00dcN \u00d6L\u00c7\u00dcLER\u0130 \u00dcr\u00fcnler Geni\u015flik Derinlik Y\u00fckseklik Konsol [&hellip;]<\/p>","protected":false},"featured_media":20542,"comment_status":"open","ping_status":"closed","template":"","meta":[],"product_brand":[],"product_cat":[135],"product_tag":[],"class_list":{"0":"post-20541","1":"product","2":"type-product","3":"status-publish","4":"has-post-thumbnail","6":"product_cat-yemek-odasi","8":"first","9":"instock","10":"sale","11":"shipping-taxable","12":"purchasable","13":"product-type-simple"},"_links":{"self":[{"href":"https:\/\/www.yuyamobilya.com\/en\/wp-json\/wp\/v2\/product\/20541","targetHints":{"allow":["GET"]}}],"collection":[{"href":"https:\/\/www.yuyamobilya.com\/en\/wp-json\/wp\/v2\/product"}],"about":[{"href":"https:\/\/www.yuyamobilya.com\/en\/wp-json\/wp\/v2\/types\/product"}],"replies":[{"embeddable":true,"href":"https:\/\/www.yuyamobilya.com\/en\/wp-json\/wp\/v2\/comments?post=20541"}],"wp:featuredmedia":[{"embeddable":true,"href":"https:\/\/www.yuyamobilya.com\/en\/wp-json\/wp\/v2\/media\/20542"}],"wp:attachment":[{"href":"https:\/\/www.yuyamobilya.com\/en\/wp-json\/wp\/v2\/media?parent=20541"}],"wp:term":[{"taxonomy":"product_brand","embeddable":true,"href":"https:\/\/www.yuyamobilya.com\/en\/wp-json\/wp\/v2\/product_brand?post=20541"},{"taxonomy":"product_cat","embeddable":true,"href":"https:\/\/www.yuyamobilya.com\/en\/wp-json\/wp\/v2\/product_cat?post=20541"},{"taxonomy":"product_tag","embeddable":true,"href":"https:\/\/www.yuyamobilya.com\/en\/wp-json\/wp\/v2\/product_tag?post=20541"}],"curies":[{"name":"wp","href":"https:\/\/api.w.org\/{rel}","templated":true}]}}