{"id":20515,"date":"2025-05-14T06:03:32","date_gmt":"2025-05-14T06:03:32","guid":{"rendered":"https:\/\/www.yuyamobilya.com\/?post_type=product&#038;p=20515"},"modified":"2025-05-14T06:03:32","modified_gmt":"2025-05-14T06:03:32","slug":"zarif-oturma-grubu","status":"publish","type":"product","link":"https:\/\/www.yuyamobilya.com\/en\/product\/zarif-oturma-grubu\/","title":{"rendered":"Elegant seating group"},"content":{"rendered":"<h2 style=\"text-align: center;\">Product Description<\/h2>\n<ul>\n<li style=\"text-align: left;\"><strong>2 sofas<\/strong><\/li>\n<li><strong>2 pieces of armchair<\/strong><\/li>\n<li><strong>back mechanism<\/strong><\/li>\n<li><strong>arm part mechanism<\/strong><\/li>\n<li><strong>Color and fabric may vary<\/strong><\/li>\n<\/ul>","protected":false},"excerpt":{"rendered":"<p>\u00dcr\u00fcn A\u00e7\u0131klamas\u0131 2 Adet kanepe 2 Adet berjer s\u0131rttan mekanizmal\u0131 kol k\u0131sm\u0131 mekanizmal\u0131 Renk ve kuma\u015f de\u011fi\u015febilir<\/p>","protected":false},"featured_media":20529,"comment_status":"open","ping_status":"closed","template":"","meta":[],"product_brand":[],"product_cat":[141],"product_tag":[],"class_list":{"0":"post-20515","1":"product","2":"type-product","3":"status-publish","4":"has-post-thumbnail","6":"product_cat-oturma-grubu","8":"first","9":"instock","10":"sale","11":"shipping-taxable","12":"purchasable","13":"product-type-simple"},"_links":{"self":[{"href":"https:\/\/www.yuyamobilya.com\/en\/wp-json\/wp\/v2\/product\/20515","targetHints":{"allow":["GET"]}}],"collection":[{"href":"https:\/\/www.yuyamobilya.com\/en\/wp-json\/wp\/v2\/product"}],"about":[{"href":"https:\/\/www.yuyamobilya.com\/en\/wp-json\/wp\/v2\/types\/product"}],"replies":[{"embeddable":true,"href":"https:\/\/www.yuyamobilya.com\/en\/wp-json\/wp\/v2\/comments?post=20515"}],"wp:featuredmedia":[{"embeddable":true,"href":"https:\/\/www.yuyamobilya.com\/en\/wp-json\/wp\/v2\/media\/20529"}],"wp:attachment":[{"href":"https:\/\/www.yuyamobilya.com\/en\/wp-json\/wp\/v2\/media?parent=20515"}],"wp:term":[{"taxonomy":"product_brand","embeddable":true,"href":"https:\/\/www.yuyamobilya.com\/en\/wp-json\/wp\/v2\/product_brand?post=20515"},{"taxonomy":"product_cat","embeddable":true,"href":"https:\/\/www.yuyamobilya.com\/en\/wp-json\/wp\/v2\/product_cat?post=20515"},{"taxonomy":"product_tag","embeddable":true,"href":"https:\/\/www.yuyamobilya.com\/en\/wp-json\/wp\/v2\/product_tag?post=20515"}],"curies":[{"name":"wp","href":"https:\/\/api.w.org\/{rel}","templated":true}]}}