{"id":20295,"date":"2025-05-13T14:42:05","date_gmt":"2025-05-13T14:42:05","guid":{"rendered":"https:\/\/www.yuyamobilya.com\/?post_type=product&#038;p=20295"},"modified":"2025-07-04T14:55:08","modified_gmt":"2025-07-04T14:55:08","slug":"kumluca-yatak-odasi-2","status":"publish","type":"product","link":"https:\/\/www.yuyamobilya.com\/en\/product\/kumluca-yatak-odasi-2\/","title":{"rendered":"Kumluca bedroom"},"content":{"rendered":"<h2 style=\"text-align: center;\">Product Description<\/h2>\n<p>6 door wardrobe<\/p>\n<p>1 dresser and mirror<\/p>\n<p>It consists of 2 bedside tables and a headboard.<\/p>\n<p>1 headgear<\/p>\n<p>Quality materials that comply with E1 standards are used.<\/p>\n<p>You can clean our products with a damp cloth.<\/p>\n<p>It has a large internal volume.<\/p>\n<p>Made from MDF material.<\/p>\n<p>&nbsp;<\/p>\n<h2 style=\"text-align: center;\">PRODUCT DIMENSIONS<\/h2>\n<div>\n<hr \/>\n<table style=\"height: 395px;\" border=\"0\" width=\"1355\" cellspacing=\"10px\" cellpadding=\"10px\">\n<tbody>\n<tr>\n<td><strong>Products<\/strong><\/td>\n<td><strong>Width<\/strong><\/td>\n<td><strong>Depth<\/strong><\/td>\n<td><strong>Height<\/strong><\/td>\n<\/tr>\n<tr>\n<td>6 Door Cabinet<\/td>\n<td>242cm<\/td>\n<td>57cm<\/td>\n<td>218cm<\/td>\n<\/tr>\n<tr>\n<td>Dresser &amp; Mirror<\/td>\n<td>122cm<\/td>\n<td>43cm<\/td>\n<td>85cm<\/td>\n<\/tr>\n<tr>\n<td>Commode<\/td>\n<td>58cm<\/td>\n<td>43cm<\/td>\n<td>53cm<\/td>\n<\/tr>\n<tr>\n<td>Bedstead(With Base)<\/td>\n<td>\u2013 cm<\/td>\n<td>\u2013 cm<\/td>\n<td>\u2013 cm<\/td>\n<\/tr>\n<tr>\n<td>Title<\/td>\n<td>172cm<\/td>\n<td>\u2013 cm<\/td>\n<td>130cm<\/td>\n<\/tr>\n<\/tbody>\n<\/table>\n<\/div>","protected":false},"excerpt":{"rendered":"<p>\u00dcr\u00fcn A\u00e7\u0131klamas\u0131 6 kap\u0131l\u0131 gard\u0131rop 1 adet \u015fifonyer ve aynas\u0131 2 adet komodin ve ba\u015fl\u0131ktan olu\u015fmaktad\u0131r. 1 adet ba\u015fl\u0131k E1 standartlar\u0131na uygun kaliteli malzeme kullan\u0131lm\u0131\u015ft\u0131r. \u00dcr\u00fcnlerimizi nemli bir bez ile temizleyebilirsiniz. Geni\u015f i\u00e7 hacmine sahiptir. MDF malzemeden \u00fcretilmi\u015ftir. &nbsp; \u00dcR\u00dcN \u00d6L\u00c7\u00dcLER\u0130 \u00dcr\u00fcnler Geni\u015flik Derinlik Y\u00fckseklik 6 Kap\u0131l\u0131 Dolap 242 cm 57 cm 218 cm \u015eifonyer [&hellip;]<\/p>","protected":false},"featured_media":20347,"comment_status":"open","ping_status":"closed","template":"","meta":[],"product_brand":[],"product_cat":[134],"product_tag":[],"class_list":{"0":"post-20295","1":"product","2":"type-product","3":"status-publish","4":"has-post-thumbnail","6":"product_cat-yatak-odasi","8":"first","9":"instock","10":"sale","11":"shipping-taxable","12":"purchasable","13":"product-type-simple"},"_links":{"self":[{"href":"https:\/\/www.yuyamobilya.com\/en\/wp-json\/wp\/v2\/product\/20295","targetHints":{"allow":["GET"]}}],"collection":[{"href":"https:\/\/www.yuyamobilya.com\/en\/wp-json\/wp\/v2\/product"}],"about":[{"href":"https:\/\/www.yuyamobilya.com\/en\/wp-json\/wp\/v2\/types\/product"}],"replies":[{"embeddable":true,"href":"https:\/\/www.yuyamobilya.com\/en\/wp-json\/wp\/v2\/comments?post=20295"}],"wp:featuredmedia":[{"embeddable":true,"href":"https:\/\/www.yuyamobilya.com\/en\/wp-json\/wp\/v2\/media\/20347"}],"wp:attachment":[{"href":"https:\/\/www.yuyamobilya.com\/en\/wp-json\/wp\/v2\/media?parent=20295"}],"wp:term":[{"taxonomy":"product_brand","embeddable":true,"href":"https:\/\/www.yuyamobilya.com\/en\/wp-json\/wp\/v2\/product_brand?post=20295"},{"taxonomy":"product_cat","embeddable":true,"href":"https:\/\/www.yuyamobilya.com\/en\/wp-json\/wp\/v2\/product_cat?post=20295"},{"taxonomy":"product_tag","embeddable":true,"href":"https:\/\/www.yuyamobilya.com\/en\/wp-json\/wp\/v2\/product_tag?post=20295"}],"curies":[{"name":"wp","href":"https:\/\/api.w.org\/{rel}","templated":true}]}}