{"id":20051,"date":"2025-04-28T11:41:21","date_gmt":"2025-04-28T11:41:21","guid":{"rendered":"https:\/\/www.yuyamobilya.com\/?post_type=product&#038;p=20051"},"modified":"2025-04-28T11:41:22","modified_gmt":"2025-04-28T11:41:22","slug":"rose-garden-cift-kisilik-yatak","status":"publish","type":"product","link":"https:\/\/www.yuyamobilya.com\/en\/product\/rose-garden-cift-kisilik-yatak\/","title":{"rendered":"Rose Garden Double Bed"},"content":{"rendered":"<h2 style=\"text-align: center;\"><strong>Product Description:<\/strong><\/h2>\n<ul>\n<li>\n<p class=\"\" data-start=\"658\" data-end=\"903\">Designed with medium hardness, the double bed provides a healthy sleep with its body-supporting structure. It offers long-lasting use with its sweat-proof fabric and durable materials. It provides ideal comfort in summer and winter with its heat-balancing surface.<\/p>\n<p class=\"\" data-start=\"905\" data-end=\"922\"><strong data-start=\"905\" data-end=\"920\">Features:<\/strong><\/p>\n<ul data-start=\"923\" data-end=\"1055\">\n<li class=\"\" data-start=\"923\" data-end=\"948\">\n<p class=\"\" data-start=\"925\" data-end=\"948\">Medium hardness support<\/p>\n<\/li>\n<li class=\"\" data-start=\"949\" data-end=\"973\">\n<p class=\"\" data-start=\"951\" data-end=\"973\">Breathable fabric<\/p>\n<\/li>\n<li class=\"\" data-start=\"974\" data-end=\"999\">\n<p class=\"\" data-start=\"976\" data-end=\"999\">Heat balancing surface<\/p>\n<\/li>\n<li class=\"\" data-start=\"1000\" data-end=\"1030\">\n<p class=\"\" data-start=\"1002\" data-end=\"1030\">Robust and durable structure<\/p>\n<\/li>\n<li class=\"\" data-start=\"1031\" data-end=\"1055\">\n<p class=\"\" data-start=\"1033\" data-end=\"1055\">Comfortable sleeping experience<\/p>\n<\/li>\n<\/ul>\n<\/li>\n<\/ul>","protected":false},"excerpt":{"rendered":"<p>\u00dcr\u00fcn A\u00e7\u0131klamas\u0131: Orta sertlikte tasarlanan \u00e7ift ki\u015filik yatak, v\u00fccudu destekleyen yap\u0131s\u0131yla sa\u011fl\u0131kl\u0131 bir uyku sa\u011flar. Terletmeyen kuma\u015f\u0131 ve dayan\u0131kl\u0131 malzemeleri ile uzun \u00f6m\u00fcrl\u00fc kullan\u0131m sunar. Is\u0131y\u0131 dengeleyen y\u00fczeyiyle yaz ve k\u0131\u015f aylar\u0131nda ideal konfor sa\u011flar. \u00d6zellikler: Orta sertlikte destek Nefes alabilen kuma\u015f Is\u0131 dengeleyici y\u00fczey Sa\u011flam ve uzun \u00f6m\u00fcrl\u00fc yap\u0131 Konforlu uyku deneyimi<\/p>","protected":false},"featured_media":20068,"comment_status":"open","ping_status":"closed","template":"","meta":[],"product_brand":[],"product_cat":[133],"product_tag":[],"class_list":{"0":"post-20051","1":"product","2":"type-product","3":"status-publish","4":"has-post-thumbnail","6":"product_cat-yataklar","8":"first","9":"instock","10":"sale","11":"shipping-taxable","12":"purchasable","13":"product-type-simple"},"_links":{"self":[{"href":"https:\/\/www.yuyamobilya.com\/en\/wp-json\/wp\/v2\/product\/20051","targetHints":{"allow":["GET"]}}],"collection":[{"href":"https:\/\/www.yuyamobilya.com\/en\/wp-json\/wp\/v2\/product"}],"about":[{"href":"https:\/\/www.yuyamobilya.com\/en\/wp-json\/wp\/v2\/types\/product"}],"replies":[{"embeddable":true,"href":"https:\/\/www.yuyamobilya.com\/en\/wp-json\/wp\/v2\/comments?post=20051"}],"wp:featuredmedia":[{"embeddable":true,"href":"https:\/\/www.yuyamobilya.com\/en\/wp-json\/wp\/v2\/media\/20068"}],"wp:attachment":[{"href":"https:\/\/www.yuyamobilya.com\/en\/wp-json\/wp\/v2\/media?parent=20051"}],"wp:term":[{"taxonomy":"product_brand","embeddable":true,"href":"https:\/\/www.yuyamobilya.com\/en\/wp-json\/wp\/v2\/product_brand?post=20051"},{"taxonomy":"product_cat","embeddable":true,"href":"https:\/\/www.yuyamobilya.com\/en\/wp-json\/wp\/v2\/product_cat?post=20051"},{"taxonomy":"product_tag","embeddable":true,"href":"https:\/\/www.yuyamobilya.com\/en\/wp-json\/wp\/v2\/product_tag?post=20051"}],"curies":[{"name":"wp","href":"https:\/\/api.w.org\/{rel}","templated":true}]}}