{"id":20046,"date":"2025-04-28T11:41:04","date_gmt":"2025-04-28T11:41:04","guid":{"rendered":"https:\/\/www.yuyamobilya.com\/?post_type=product&#038;p=20046"},"modified":"2025-04-28T11:41:04","modified_gmt":"2025-04-28T11:41:04","slug":"neva-cift-kisilik-yatak","status":"publish","type":"product","link":"https:\/\/www.yuyamobilya.com\/en\/product\/neva-cift-kisilik-yatak\/","title":{"rendered":"Neva Double Bed"},"content":{"rendered":"<h2 style=\"text-align: center;\"><strong>Product Description:<\/strong><\/h2>\n<ul>\n<li>\n<p class=\"\" data-start=\"275\" data-end=\"848\">Are you looking for a comfortable and economical sleeping experience? Standing out with its robust structure and ergonomic design <strong data-start=\"395\" data-end=\"417\">double bed<\/strong> Our model offers a comfortable sleep for many years thanks to the use of quality materials. <strong data-start=\"508\" data-end=\"542\">Medium firmness comfort level<\/strong> It supports both your back and waist health. Its breathable woven fabric provides a comfortable sleep all night long. Offering affordable price advantage and high quality together, this model both protects your budget and increases your sleep quality. Order now and enjoy quality sleep at affordable prices!<\/p>\n<hr class=\"\" data-start=\"850\" data-end=\"853\" \/>\n<h3 class=\"\" data-start=\"855\" data-end=\"876\">Product Features:<\/h3>\n<ul data-start=\"877\" data-end=\"1273\">\n<li class=\"\" data-start=\"877\" data-end=\"924\">\n<p class=\"\" data-start=\"879\" data-end=\"924\"><strong data-start=\"879\" data-end=\"924\">Economical price, high quality performance<\/strong><\/p>\n<\/li>\n<li class=\"\" data-start=\"925\" data-end=\"984\">\n<p class=\"\" data-start=\"927\" data-end=\"984\"><strong data-start=\"927\" data-end=\"953\">Medium hardness level:<\/strong> Ideal for waist and back support<\/p>\n<\/li>\n<li class=\"\" data-start=\"1034\" data-end=\"1106\">\n<p class=\"\" data-start=\"1036\" data-end=\"1106\"><strong data-start=\"1036\" data-end=\"1064\">Breathable woven fabric:<\/strong> Prevents sweating and provides air circulation<\/p>\n<\/li>\n<li class=\"\" data-start=\"1107\" data-end=\"1180\">\n<p class=\"\" data-start=\"1109\" data-end=\"1180\"><strong data-start=\"1109\" data-end=\"1134\">Heat balancing structure:<\/strong> Ideal sleeping temperature in summer and winter<\/p>\n<\/li>\n<li class=\"\" data-start=\"1181\" data-end=\"1227\">\n<p class=\"\" data-start=\"1183\" data-end=\"1227\"><strong data-start=\"1183\" data-end=\"1206\">Durable inner padding:<\/strong> Long-lasting use<\/p>\n<\/li>\n<\/ul>\n<\/li>\n<\/ul>","protected":false},"excerpt":{"rendered":"<p>\u00dcr\u00fcn A\u00e7\u0131klamas\u0131: Konforlu ve ekonomik bir uyku deneyimi mi ar\u0131yorsunuz? Sa\u011flam yap\u0131s\u0131 ve ergonomik tasar\u0131m\u0131yla \u00f6ne \u00e7\u0131kan \u00e7ift ki\u015filik yatak modelimiz, kaliteli malzeme kullan\u0131m\u0131 sayesinde uzun y\u0131llar boyunca rahat bir uyku sunar. Orta sertlikte konfor seviyesi sayesinde hem s\u0131rt hem de bel sa\u011fl\u0131\u011f\u0131n\u0131z\u0131 destekler. Nefes alabilen dokuma kuma\u015f\u0131, gece boyu ferah bir uyku sa\u011flar. Uygun [&hellip;]<\/p>","protected":false},"featured_media":20058,"comment_status":"open","ping_status":"closed","template":"","meta":[],"product_brand":[],"product_cat":[133],"product_tag":[],"class_list":{"0":"post-20046","1":"product","2":"type-product","3":"status-publish","4":"has-post-thumbnail","6":"product_cat-yataklar","8":"first","9":"instock","10":"sale","11":"shipping-taxable","12":"purchasable","13":"product-type-simple"},"_links":{"self":[{"href":"https:\/\/www.yuyamobilya.com\/en\/wp-json\/wp\/v2\/product\/20046","targetHints":{"allow":["GET"]}}],"collection":[{"href":"https:\/\/www.yuyamobilya.com\/en\/wp-json\/wp\/v2\/product"}],"about":[{"href":"https:\/\/www.yuyamobilya.com\/en\/wp-json\/wp\/v2\/types\/product"}],"replies":[{"embeddable":true,"href":"https:\/\/www.yuyamobilya.com\/en\/wp-json\/wp\/v2\/comments?post=20046"}],"wp:featuredmedia":[{"embeddable":true,"href":"https:\/\/www.yuyamobilya.com\/en\/wp-json\/wp\/v2\/media\/20058"}],"wp:attachment":[{"href":"https:\/\/www.yuyamobilya.com\/en\/wp-json\/wp\/v2\/media?parent=20046"}],"wp:term":[{"taxonomy":"product_brand","embeddable":true,"href":"https:\/\/www.yuyamobilya.com\/en\/wp-json\/wp\/v2\/product_brand?post=20046"},{"taxonomy":"product_cat","embeddable":true,"href":"https:\/\/www.yuyamobilya.com\/en\/wp-json\/wp\/v2\/product_cat?post=20046"},{"taxonomy":"product_tag","embeddable":true,"href":"https:\/\/www.yuyamobilya.com\/en\/wp-json\/wp\/v2\/product_tag?post=20046"}],"curies":[{"name":"wp","href":"https:\/\/api.w.org\/{rel}","templated":true}]}}