{"id":20045,"date":"2025-04-28T11:40:59","date_gmt":"2025-04-28T11:40:59","guid":{"rendered":"https:\/\/www.yuyamobilya.com\/?post_type=product&#038;p=20045"},"modified":"2025-04-28T11:40:59","modified_gmt":"2025-04-28T11:40:59","slug":"silver-cift-kisilik-yatak","status":"publish","type":"product","link":"https:\/\/www.yuyamobilya.com\/en\/product\/silver-cift-kisilik-yatak\/","title":{"rendered":"Silver Double Bed"},"content":{"rendered":"<h2 style=\"text-align: center;\"><strong>Product Description:<\/strong><\/h2>\n<ul>\n<li>\n<p class=\"\" data-start=\"1990\" data-end=\"2239\">Designed for those who want to have a quality sleep experience at an affordable price, our double bed model stands out with its solid structure and comfortable surface. It is an economical choice that you can use for years thanks to its durable material.<\/p>\n<p class=\"\" data-start=\"2241\" data-end=\"2256\"><strong data-start=\"2241\" data-end=\"2256\">Features:<\/strong><\/p>\n<ul data-start=\"2257\" data-end=\"2433\">\n<li class=\"\" data-start=\"2257\" data-end=\"2288\">\n<p class=\"\" data-start=\"2259\" data-end=\"2288\">Economical price, high quality<\/p>\n<\/li>\n<li class=\"\" data-start=\"2289\" data-end=\"2321\">\n<p class=\"\" data-start=\"2291\" data-end=\"2321\">Medium firmness comfort level<\/p>\n<\/li>\n<li class=\"\" data-start=\"2366\" data-end=\"2391\">\n<p class=\"\" data-start=\"2368\" data-end=\"2391\">Breathable woven fabric<\/p>\n<\/li>\n<li class=\"\" data-start=\"2392\" data-end=\"2417\">\n<p class=\"\" data-start=\"2394\" data-end=\"2417\">Heat balancing feature<\/p>\n<\/li>\n<\/ul>\n<\/li>\n<\/ul>","protected":false},"excerpt":{"rendered":"<p>\u00dcr\u00fcn A\u00e7\u0131klamas\u0131: Uygun fiyatla kaliteli bir uyku deneyimi ya\u015famak isteyenler i\u00e7in tasarlanan \u00e7ift ki\u015filik yatak modelimiz, sa\u011flam yap\u0131s\u0131 ve rahat y\u00fczeyiyle \u00f6ne \u00e7\u0131k\u0131yor. Dayan\u0131kl\u0131 malzemesi sayesinde y\u0131llarca kullanabilece\u011finiz ekonomik bir tercihtir. \u00d6zellikler: Ekonomik fiyat, y\u00fcksek kalite Orta sertlikte konfor seviyesi Nefes alan dokuma kuma\u015f Is\u0131 dengeleyici \u00f6zellik<\/p>","protected":false},"featured_media":20055,"comment_status":"open","ping_status":"closed","template":"","meta":[],"product_brand":[],"product_cat":[133],"product_tag":[],"class_list":{"0":"post-20045","1":"product","2":"type-product","3":"status-publish","4":"has-post-thumbnail","6":"product_cat-yataklar","8":"first","9":"instock","10":"sale","11":"shipping-taxable","12":"purchasable","13":"product-type-simple"},"_links":{"self":[{"href":"https:\/\/www.yuyamobilya.com\/en\/wp-json\/wp\/v2\/product\/20045","targetHints":{"allow":["GET"]}}],"collection":[{"href":"https:\/\/www.yuyamobilya.com\/en\/wp-json\/wp\/v2\/product"}],"about":[{"href":"https:\/\/www.yuyamobilya.com\/en\/wp-json\/wp\/v2\/types\/product"}],"replies":[{"embeddable":true,"href":"https:\/\/www.yuyamobilya.com\/en\/wp-json\/wp\/v2\/comments?post=20045"}],"wp:featuredmedia":[{"embeddable":true,"href":"https:\/\/www.yuyamobilya.com\/en\/wp-json\/wp\/v2\/media\/20055"}],"wp:attachment":[{"href":"https:\/\/www.yuyamobilya.com\/en\/wp-json\/wp\/v2\/media?parent=20045"}],"wp:term":[{"taxonomy":"product_brand","embeddable":true,"href":"https:\/\/www.yuyamobilya.com\/en\/wp-json\/wp\/v2\/product_brand?post=20045"},{"taxonomy":"product_cat","embeddable":true,"href":"https:\/\/www.yuyamobilya.com\/en\/wp-json\/wp\/v2\/product_cat?post=20045"},{"taxonomy":"product_tag","embeddable":true,"href":"https:\/\/www.yuyamobilya.com\/en\/wp-json\/wp\/v2\/product_tag?post=20045"}],"curies":[{"name":"wp","href":"https:\/\/api.w.org\/{rel}","templated":true}]}}