{"id":20034,"date":"2025-04-28T11:40:54","date_gmt":"2025-04-28T11:40:54","guid":{"rendered":"https:\/\/www.yuyamobilya.com\/?post_type=product&#038;p=20034"},"modified":"2025-04-28T11:40:54","modified_gmt":"2025-04-28T11:40:54","slug":"rose-cift-kisilik-yatak","status":"publish","type":"product","link":"https:\/\/www.yuyamobilya.com\/en\/product\/rose-cift-kisilik-yatak\/","title":{"rendered":"Rose Double Bed"},"content":{"rendered":"<h2 style=\"text-align: center;\"><strong>Product Description:<\/strong><\/h2>\n<ul>\n<li>\n<p class=\"\" data-start=\"98\" data-end=\"415\">Enjoy your sleep with our double bed model, where comfort and elegance meet. Our beds, made of high-quality materials, support your body perfectly while adding elegance to your bedroom with their aesthetic design. Designed to relieve the tiredness of the day in the most comfortable way!<\/p>\n<p class=\"\" data-start=\"417\" data-end=\"442\"><strong data-start=\"417\" data-end=\"442\">Featured Features:<\/strong><\/p>\n<ul data-start=\"443\" data-end=\"945\">\n<li class=\"\" data-start=\"443\" data-end=\"490\">\n<p class=\"\" data-start=\"445\" data-end=\"490\">\n<\/li>\n<li class=\"\" data-start=\"491\" data-end=\"559\">\n<p class=\"\" data-start=\"493\" data-end=\"559\"><strong data-start=\"493\" data-end=\"505\">Material:<\/strong> High density sponge, orthopedic support layers<\/p>\n<\/li>\n<li class=\"\" data-start=\"560\" data-end=\"632\">\n<p class=\"\" data-start=\"562\" data-end=\"632\"><strong data-start=\"562\" data-end=\"579\">Surface Fabric:<\/strong> Breathable, antibacterial and anti-allergic fabric<\/p>\n<\/li>\n<li class=\"\" data-start=\"633\" data-end=\"717\">\n<p class=\"\" data-start=\"635\" data-end=\"717\"><strong data-start=\"635\" data-end=\"651\">Spring System:<\/strong> Pocket spring technology (maximum comfort with independent spring system)<\/p>\n<\/li>\n<li class=\"\" data-start=\"718\" data-end=\"791\">\n<p class=\"\" data-start=\"720\" data-end=\"791\"><strong data-start=\"720\" data-end=\"742\">Carrying Capacity:<\/strong> Perfect weight balance for double use<\/p>\n<\/li>\n<li class=\"\" data-start=\"792\" data-end=\"879\">\n<p class=\"\" data-start=\"794\" data-end=\"879\"><strong data-start=\"794\" data-end=\"816\">Extra Features:<\/strong> Air channels to prevent sweating, double-sided use<\/p>\n<\/li>\n<li class=\"\" data-start=\"919\" data-end=\"945\">\n<p class=\"\" data-start=\"921\" data-end=\"945\"><strong data-start=\"921\" data-end=\"937\">Production Location:<\/strong> T\u00fcrkiye<\/p>\n<\/li>\n<\/ul>\n<p class=\"\" data-start=\"947\" data-end=\"986\"><strong data-start=\"947\" data-end=\"986\">Why Should You Choose This Bed?<\/strong><\/p>\n<ul data-start=\"987\" data-end=\"1174\">\n<li class=\"\" data-start=\"987\" data-end=\"1019\">\n<p class=\"\" data-start=\"989\" data-end=\"1019\">It adapts to body anatomy.<\/p>\n<\/li>\n<li class=\"\" data-start=\"1020\" data-end=\"1063\">\n<p class=\"\" data-start=\"1022\" data-end=\"1063\">Minimizes movements during sleep.<\/p>\n<\/li>\n<li class=\"\" data-start=\"1064\" data-end=\"1107\">\n<p class=\"\" data-start=\"1066\" data-end=\"1107\">It has a durable and long-lasting structure.<\/p>\n<\/li>\n<li class=\"\" data-start=\"1108\" data-end=\"1174\">\n<p class=\"\" data-start=\"1110\" data-end=\"1174\">With its stylish design, it fits any bedroom decoration.<\/p>\n<\/li>\n<\/ul>\n<\/li>\n<\/ul>","protected":false},"excerpt":{"rendered":"<p>\u00dcr\u00fcn A\u00e7\u0131klamas\u0131: Rahatl\u0131\u011f\u0131n ve \u015f\u0131kl\u0131\u011f\u0131n bulu\u015ftu\u011fu \u00e7ift ki\u015filik yatak modelimizle uykunun tad\u0131n\u0131 \u00e7\u0131kar\u0131n. Y\u00fcksek kaliteli malzemelerden \u00fcretilen yataklar\u0131m\u0131z, v\u00fccudunuzu m\u00fckemmel \u015fekilde desteklerken estetik tasar\u0131m\u0131yla yatak odan\u0131za zarafet katar. G\u00fcn\u00fcn yorgunlu\u011funu en konforlu \u015fekilde atman\u0131z i\u00e7in tasarland\u0131! \u00d6ne \u00c7\u0131kan \u00d6zellikler: Malzeme: Y\u00fcksek yo\u011funluklu s\u00fcnger, ortopedik destek katmanlar\u0131 Y\u00fczey Kuma\u015f\u0131: Nefes alabilir, antibakteriyel ve anti-alerjik kuma\u015f Yay [&hellip;]<\/p>","protected":false},"featured_media":20035,"comment_status":"open","ping_status":"closed","template":"","meta":[],"product_brand":[],"product_cat":[133],"product_tag":[],"class_list":{"0":"post-20034","1":"product","2":"type-product","3":"status-publish","4":"has-post-thumbnail","6":"product_cat-yataklar","8":"first","9":"instock","10":"sale","11":"shipping-taxable","12":"purchasable","13":"product-type-simple"},"_links":{"self":[{"href":"https:\/\/www.yuyamobilya.com\/en\/wp-json\/wp\/v2\/product\/20034","targetHints":{"allow":["GET"]}}],"collection":[{"href":"https:\/\/www.yuyamobilya.com\/en\/wp-json\/wp\/v2\/product"}],"about":[{"href":"https:\/\/www.yuyamobilya.com\/en\/wp-json\/wp\/v2\/types\/product"}],"replies":[{"embeddable":true,"href":"https:\/\/www.yuyamobilya.com\/en\/wp-json\/wp\/v2\/comments?post=20034"}],"wp:featuredmedia":[{"embeddable":true,"href":"https:\/\/www.yuyamobilya.com\/en\/wp-json\/wp\/v2\/media\/20035"}],"wp:attachment":[{"href":"https:\/\/www.yuyamobilya.com\/en\/wp-json\/wp\/v2\/media?parent=20034"}],"wp:term":[{"taxonomy":"product_brand","embeddable":true,"href":"https:\/\/www.yuyamobilya.com\/en\/wp-json\/wp\/v2\/product_brand?post=20034"},{"taxonomy":"product_cat","embeddable":true,"href":"https:\/\/www.yuyamobilya.com\/en\/wp-json\/wp\/v2\/product_cat?post=20034"},{"taxonomy":"product_tag","embeddable":true,"href":"https:\/\/www.yuyamobilya.com\/en\/wp-json\/wp\/v2\/product_tag?post=20034"}],"curies":[{"name":"wp","href":"https:\/\/api.w.org\/{rel}","templated":true}]}}