{"id":19382,"date":"2025-04-20T08:49:32","date_gmt":"2025-04-20T08:49:32","guid":{"rendered":"https:\/\/www.yuyamobilya.com\/?post_type=product&#038;p=19382"},"modified":"2025-05-12T14:30:34","modified_gmt":"2025-05-12T14:30:34","slug":"simena-yatak-odasi","status":"publish","type":"product","link":"https:\/\/www.yuyamobilya.com\/en\/product\/simena-yatak-odasi\/","title":{"rendered":"Simena Bedroom"},"content":{"rendered":"<h2 style=\"text-align: center;\">Simena Bedroom<\/h2>\n<p>6 door wardrobe<\/p>\n<p>1 dresser and mirror<\/p>\n<p>It consists of 2 bedside tables and a headboard.<\/p>\n<p>Quality materials that comply with E1 standards are used.<\/p>\n<p>You can clean our products with a damp cloth.<\/p>\n<p>It has a large internal volume.<\/p>\n<p>Made from MDF material.<\/p>\n<p>&nbsp;<\/p>\n<h2 style=\"text-align: center;\">PRODUCT DIMENSIONS<\/h2>\n<div>\n<hr \/>\n<table border=\"0\" cellspacing=\"10px\" cellpadding=\"10px\">\n<tbody>\n<tr>\n<td><strong>Products<\/strong><\/td>\n<td><strong>Width<\/strong><\/td>\n<td><strong>Depth<\/strong><\/td>\n<td><strong>Height<\/strong><\/td>\n<\/tr>\n<tr>\n<td>6 Door Cabinet<\/td>\n<td>242cm<\/td>\n<td>57cm<\/td>\n<td>218cm<\/td>\n<\/tr>\n<tr>\n<td>Dresser &amp; Mirror<\/td>\n<td>120cm<\/td>\n<td>41cm<\/td>\n<td>85cm<\/td>\n<\/tr>\n<tr>\n<td>Commode<\/td>\n<td>58cm<\/td>\n<td>43cm<\/td>\n<td>53cm<\/td>\n<\/tr>\n<tr>\n<td>Bedstead(With Base)<\/td>\n<td>160cm<\/td>\n<td>200cm<\/td>\n<td>40cm<\/td>\n<\/tr>\n<tr>\n<td>Title<\/td>\n<td>172cm<\/td>\n<td>\u2013 cm<\/td>\n<td>130cm<\/td>\n<\/tr>\n<\/tbody>\n<\/table>\n<\/div>","protected":false},"excerpt":{"rendered":"<p data-start=\"0\" data-end=\"51\"><strong data-start=\"0\" data-end=\"51\">Simena Bedroom Set \u2013 New Mediterranean Series<\/strong><\/p>\n<p data-start=\"53\" data-end=\"308\">Simena Bedroom Set is a product that reflects the elegant and modern lines of the New Mediterranean series, bringing together elegance and functionality. The product is designed with high-quality materials and offers a dazzling bedroom experience with every detail.<\/p>\n<p data-start=\"310\" data-end=\"607\">Tak\u0131m, %100 MDF malzemeden \u00fcretilmi\u015f olup, dayan\u0131kl\u0131 ve uzun \u00f6m\u00fcrl\u00fc bir kullan\u0131m sa\u011flar. <strong data-start=\"399\" data-end=\"413\">Bed base<\/strong> And <strong data-start=\"417\" data-end=\"427\">title<\/strong> All pieces, including the headboard, attract attention with their modern designs and quality workmanship. The headboard, in particular, adds elegance and style to the bedroom while keeping comfort at the forefront.<\/p>\n<p data-start=\"609\" data-end=\"865\"><strong data-start=\"609\" data-end=\"650\">6 door special Membrane woven cabinet<\/strong> With its spacious interior and elegant design, it allows you to store your belongings in an orderly manner. Thanks to the high-quality membrane coating, the cabinet offers both an aesthetically pleasing appearance and long-lasting durability.<\/p>\n<p data-start=\"867\" data-end=\"1177\">The team also has two <strong data-start=\"886\" data-end=\"897\">commode<\/strong>, One <strong data-start=\"903\" data-end=\"915\">dresser<\/strong> And <strong data-start=\"919\" data-end=\"927\">mirror<\/strong> It is also located. While the nightstands offer an ideal solution for placing night lamps and personal items, the dresser provides practicality with its wide drawers. The dresser mirror adds depth to the room, visually expanding and illuminating the space.<\/p>\n<p data-start=\"1179\" data-end=\"1410\" data-is-last-node=\"\" data-is-only-node=\"\">Simena Bedroom Set stands out with its functional features as well as its aesthetically flawless design. It meets the needs of modern life and transforms your bedroom into a stylish and functional living space.<\/p>","protected":false},"featured_media":19488,"comment_status":"open","ping_status":"closed","template":"","meta":[],"product_brand":[],"product_cat":[150,134],"product_tag":[],"class_list":{"0":"post-19382","1":"product","2":"type-product","3":"status-publish","4":"has-post-thumbnail","6":"product_cat-genel","7":"product_cat-yatak-odasi","9":"first","10":"instock","11":"sale","12":"shipping-taxable","13":"purchasable","14":"product-type-simple"},"_links":{"self":[{"href":"https:\/\/www.yuyamobilya.com\/en\/wp-json\/wp\/v2\/product\/19382","targetHints":{"allow":["GET"]}}],"collection":[{"href":"https:\/\/www.yuyamobilya.com\/en\/wp-json\/wp\/v2\/product"}],"about":[{"href":"https:\/\/www.yuyamobilya.com\/en\/wp-json\/wp\/v2\/types\/product"}],"replies":[{"embeddable":true,"href":"https:\/\/www.yuyamobilya.com\/en\/wp-json\/wp\/v2\/comments?post=19382"}],"wp:featuredmedia":[{"embeddable":true,"href":"https:\/\/www.yuyamobilya.com\/en\/wp-json\/wp\/v2\/media\/19488"}],"wp:attachment":[{"href":"https:\/\/www.yuyamobilya.com\/en\/wp-json\/wp\/v2\/media?parent=19382"}],"wp:term":[{"taxonomy":"product_brand","embeddable":true,"href":"https:\/\/www.yuyamobilya.com\/en\/wp-json\/wp\/v2\/product_brand?post=19382"},{"taxonomy":"product_cat","embeddable":true,"href":"https:\/\/www.yuyamobilya.com\/en\/wp-json\/wp\/v2\/product_cat?post=19382"},{"taxonomy":"product_tag","embeddable":true,"href":"https:\/\/www.yuyamobilya.com\/en\/wp-json\/wp\/v2\/product_tag?post=19382"}],"curies":[{"name":"wp","href":"https:\/\/api.w.org\/{rel}","templated":true}]}}