{"id":19377,"date":"2025-04-20T08:49:32","date_gmt":"2025-04-20T08:49:32","guid":{"rendered":"https:\/\/www.yuyamobilya.com\/?post_type=product&#038;p=19377"},"modified":"2025-05-12T14:28:16","modified_gmt":"2025-05-12T14:28:16","slug":"mayra-yatak-odasi","status":"publish","type":"product","link":"https:\/\/www.yuyamobilya.com\/en\/product\/mayra-yatak-odasi\/","title":{"rendered":"Mayra Bedroom"},"content":{"rendered":"<h2 style=\"text-align: center;\">Mayra Bedroom<\/h2>\n<p>6 door wardrobe<\/p>\n<p>1 dresser and mirror<\/p>\n<p>It consists of 2 bedside tables and a headboard.<\/p>\n<p>Quality materials that comply with E1 standards are used.<\/p>\n<p>You can clean our products with a damp cloth.<\/p>\n<p>It has a large internal volume.<\/p>\n<p>Made from MDF material.<\/p>\n<p>&nbsp;<\/p>\n<h2 style=\"text-align: center;\">PRODUCT DIMENSIONS<\/h2>\n<div>\n<hr \/>\n<table border=\"0\" cellspacing=\"10px\" cellpadding=\"10px\">\n<tbody>\n<tr>\n<td><strong>Products<\/strong><\/td>\n<td><strong>Width<\/strong><\/td>\n<td><strong>Depth<\/strong><\/td>\n<td><strong>Height<\/strong><\/td>\n<\/tr>\n<tr>\n<td>6 Door Cabinet<\/td>\n<td>242cm<\/td>\n<td>57cm<\/td>\n<td>218cm<\/td>\n<\/tr>\n<tr>\n<td>Dresser &amp; Mirror<\/td>\n<td>120cm<\/td>\n<td>41cm<\/td>\n<td>85cm<\/td>\n<\/tr>\n<tr>\n<td>Commode<\/td>\n<td>58cm<\/td>\n<td>43cm<\/td>\n<td>53cm<\/td>\n<\/tr>\n<tr>\n<td>Bedstead(With Base)<\/td>\n<td>160cm<\/td>\n<td>200cm<\/td>\n<td>40cm<\/td>\n<\/tr>\n<tr>\n<td>Title<\/td>\n<td>172cm<\/td>\n<td>\u2013 cm<\/td>\n<td>130cm<\/td>\n<\/tr>\n<\/tbody>\n<\/table>\n<\/div>","protected":false},"excerpt":{"rendered":"<p data-start=\"0\" data-end=\"292\">Mayra Bedroom, one of the elegant and functional designs of our New Mediterranean series, adds elegance and comfort to modern living spaces. This special bedroom set offers a striking harmony with every detail, meeting the aesthetic and comfort quest of its users in their living spaces.<\/p>\n<p data-start=\"294\" data-end=\"315\"><strong data-start=\"294\" data-end=\"315\">Product Features:<\/strong><\/p>\n<ul data-start=\"317\" data-end=\"1515\">\n<li data-start=\"317\" data-end=\"528\">\n<p data-start=\"319\" data-end=\"528\"><strong data-start=\"319\" data-end=\"337\">100% MDF Structure:<\/strong> Mayra Yatak Odas\u0131, dayan\u0131kl\u0131 ve uzun \u00f6m\u00fcrl\u00fc kullan\u0131m i\u00e7in y\u00fcksek kaliteli %100 MDF malzeme ile \u00fcretilmi\u015ftir. Bu malzeme, hem estetik hem de sa\u011flaml\u0131k a\u00e7\u0131s\u0131ndan \u00fcst\u00fcn bir performans sergiler.<\/p>\n<\/li>\n<li data-start=\"532\" data-end=\"767\">\n<p data-start=\"534\" data-end=\"767\"><strong data-start=\"534\" data-end=\"565\">Mattress and Base Headboard Included:<\/strong> The set is completed with a stylish headboard and a useful base. The headboard adds an elegant touch to your room with its design, while the base provides storage space, making your room more organized.<\/p>\n<\/li>\n<li data-start=\"769\" data-end=\"1020\">\n<p data-start=\"771\" data-end=\"1020\"><strong data-start=\"771\" data-end=\"808\">6 Door Membrane Woven Cabinet:<\/strong> Produced with a special membrane weaving technique, the 6-door cabinet offers both an aesthetic and functional design. With its large interior volume, it offers a practical solution where you can store all your belongings in an orderly manner.<\/p>\n<\/li>\n<li data-start=\"1022\" data-end=\"1277\">\n<p data-start=\"1024\" data-end=\"1277\"><strong data-start=\"1024\" data-end=\"1040\">Two Nightstands:<\/strong> The two nightstands located on the sides of the headboard both adapt to your room with their elegance and provide the necessary storage space. Nightstands are ideal for placing small items that you may need especially at night in an orderly manner.<\/p>\n<\/li>\n<li data-start=\"1279\" data-end=\"1515\">\n<p data-start=\"1281\" data-end=\"1515\"><strong data-start=\"1281\" data-end=\"1302\">Dresser and Mirror:<\/strong> The dresser provides extra storage space with its drawers, while preserving the aesthetic integrity of the room with its elegance. The mirror on the top of the dresser adds an elegant touch to the room as both a functional and decorative element.<\/p>\n<\/li>\n<\/ul>\n<p data-start=\"1517\" data-end=\"1751\" data-is-last-node=\"\" data-is-only-node=\"\">Mayra Bedroom offers elegance and functionality together, considering everything you need in modern living spaces. It will add a warm and stylish atmosphere to your room with its elegant design, quality materials and useful details.<\/p>","protected":false},"featured_media":19453,"comment_status":"open","ping_status":"closed","template":"","meta":[],"product_brand":[],"product_cat":[150,134],"product_tag":[],"class_list":{"0":"post-19377","1":"product","2":"type-product","3":"status-publish","4":"has-post-thumbnail","6":"product_cat-genel","7":"product_cat-yatak-odasi","9":"first","10":"instock","11":"sale","12":"shipping-taxable","13":"purchasable","14":"product-type-simple"},"_links":{"self":[{"href":"https:\/\/www.yuyamobilya.com\/en\/wp-json\/wp\/v2\/product\/19377","targetHints":{"allow":["GET"]}}],"collection":[{"href":"https:\/\/www.yuyamobilya.com\/en\/wp-json\/wp\/v2\/product"}],"about":[{"href":"https:\/\/www.yuyamobilya.com\/en\/wp-json\/wp\/v2\/types\/product"}],"replies":[{"embeddable":true,"href":"https:\/\/www.yuyamobilya.com\/en\/wp-json\/wp\/v2\/comments?post=19377"}],"wp:featuredmedia":[{"embeddable":true,"href":"https:\/\/www.yuyamobilya.com\/en\/wp-json\/wp\/v2\/media\/19453"}],"wp:attachment":[{"href":"https:\/\/www.yuyamobilya.com\/en\/wp-json\/wp\/v2\/media?parent=19377"}],"wp:term":[{"taxonomy":"product_brand","embeddable":true,"href":"https:\/\/www.yuyamobilya.com\/en\/wp-json\/wp\/v2\/product_brand?post=19377"},{"taxonomy":"product_cat","embeddable":true,"href":"https:\/\/www.yuyamobilya.com\/en\/wp-json\/wp\/v2\/product_cat?post=19377"},{"taxonomy":"product_tag","embeddable":true,"href":"https:\/\/www.yuyamobilya.com\/en\/wp-json\/wp\/v2\/product_tag?post=19377"}],"curies":[{"name":"wp","href":"https:\/\/api.w.org\/{rel}","templated":true}]}}