{"id":20295,"date":"2025-05-13T14:42:05","date_gmt":"2025-05-13T14:42:05","guid":{"rendered":"https:\/\/www.yuyamobilya.com\/?post_type=product&#038;p=20295"},"modified":"2025-07-04T14:55:08","modified_gmt":"2025-07-04T14:55:08","slug":"kumluca-yatak-odasi-2","status":"publish","type":"product","link":"https:\/\/www.yuyamobilya.com\/de\/product\/kumluca-yatak-odasi-2\/","title":{"rendered":"Kumluca Schlafzimmer"},"content":{"rendered":"<h2 style=\"text-align: center;\">Produktbeschreibung<\/h2>\n<p>6-t\u00fcriger Kleiderschrank<\/p>\n<p>1 Kommode und Spiegel<\/p>\n<p>Es besteht aus 2 Nachttischen und einem Kopfteil.<\/p>\n<p>1 Kopfbedeckung<\/p>\n<p>Es werden Qualit\u00e4tsmaterialien verwendet, die dem E1-Standard entsprechen.<\/p>\n<p>Sie k\u00f6nnen unsere Produkte mit einem feuchten Tuch reinigen.<\/p>\n<p>Es verf\u00fcgt \u00fcber ein gro\u00dfes Innenvolumen.<\/p>\n<p>Hergestellt aus MDF-Material.<\/p>\n<p>&nbsp;<\/p>\n<h2 style=\"text-align: center;\">PRODUKTABMESSUNGEN<\/h2>\n<div>\n<hr \/>\n<table style=\"height: 395px;\" border=\"0\" width=\"1355\" cellspacing=\"10px\" cellpadding=\"10px\">\n<tbody>\n<tr>\n<td><strong>Produkte<\/strong><\/td>\n<td><strong>Breite<\/strong><\/td>\n<td><strong>Tiefe<\/strong><\/td>\n<td><strong>H\u00f6he<\/strong><\/td>\n<\/tr>\n<tr>\n<td>6-t\u00fcriger Schrank<\/td>\n<td>242 cm<\/td>\n<td>57 cm<\/td>\n<td>218 cm<\/td>\n<\/tr>\n<tr>\n<td>Kommode &amp; Spiegel<\/td>\n<td>122 cm<\/td>\n<td>43 cm<\/td>\n<td>85 cm<\/td>\n<\/tr>\n<tr>\n<td>Kommode<\/td>\n<td>58 cm<\/td>\n<td>43 cm<\/td>\n<td>53 cm<\/td>\n<\/tr>\n<tr>\n<td>Bettgestell (mit Untergestell)<\/td>\n<td>\u2013 cm<\/td>\n<td>\u2013 cm<\/td>\n<td>\u2013 cm<\/td>\n<\/tr>\n<tr>\n<td>Titel<\/td>\n<td>172 cm<\/td>\n<td>\u2013 cm<\/td>\n<td>130 cm<\/td>\n<\/tr>\n<\/tbody>\n<\/table>\n<\/div>","protected":false},"excerpt":{"rendered":"<p>\u00dcr\u00fcn A\u00e7\u0131klamas\u0131 6 kap\u0131l\u0131 gard\u0131rop 1 adet \u015fifonyer ve aynas\u0131 2 adet komodin ve ba\u015fl\u0131ktan olu\u015fmaktad\u0131r. 1 adet ba\u015fl\u0131k E1 standartlar\u0131na uygun kaliteli malzeme kullan\u0131lm\u0131\u015ft\u0131r. \u00dcr\u00fcnlerimizi nemli bir bez ile temizleyebilirsiniz. Geni\u015f i\u00e7 hacmine sahiptir. MDF malzemeden \u00fcretilmi\u015ftir. &nbsp; \u00dcR\u00dcN \u00d6L\u00c7\u00dcLER\u0130 \u00dcr\u00fcnler Geni\u015flik Derinlik Y\u00fckseklik 6 Kap\u0131l\u0131 Dolap 242 cm 57 cm 218 cm \u015eifonyer [&hellip;]<\/p>","protected":false},"featured_media":20347,"comment_status":"open","ping_status":"closed","template":"","meta":[],"product_brand":[],"product_cat":[134],"product_tag":[],"class_list":{"0":"post-20295","1":"product","2":"type-product","3":"status-publish","4":"has-post-thumbnail","6":"product_cat-yatak-odasi","8":"first","9":"instock","10":"sale","11":"shipping-taxable","12":"purchasable","13":"product-type-simple"},"_links":{"self":[{"href":"https:\/\/www.yuyamobilya.com\/de\/wp-json\/wp\/v2\/product\/20295","targetHints":{"allow":["GET"]}}],"collection":[{"href":"https:\/\/www.yuyamobilya.com\/de\/wp-json\/wp\/v2\/product"}],"about":[{"href":"https:\/\/www.yuyamobilya.com\/de\/wp-json\/wp\/v2\/types\/product"}],"replies":[{"embeddable":true,"href":"https:\/\/www.yuyamobilya.com\/de\/wp-json\/wp\/v2\/comments?post=20295"}],"wp:featuredmedia":[{"embeddable":true,"href":"https:\/\/www.yuyamobilya.com\/de\/wp-json\/wp\/v2\/media\/20347"}],"wp:attachment":[{"href":"https:\/\/www.yuyamobilya.com\/de\/wp-json\/wp\/v2\/media?parent=20295"}],"wp:term":[{"taxonomy":"product_brand","embeddable":true,"href":"https:\/\/www.yuyamobilya.com\/de\/wp-json\/wp\/v2\/product_brand?post=20295"},{"taxonomy":"product_cat","embeddable":true,"href":"https:\/\/www.yuyamobilya.com\/de\/wp-json\/wp\/v2\/product_cat?post=20295"},{"taxonomy":"product_tag","embeddable":true,"href":"https:\/\/www.yuyamobilya.com\/de\/wp-json\/wp\/v2\/product_tag?post=20295"}],"curies":[{"name":"wp","href":"https:\/\/api.w.org\/{rel}","templated":true}]}}