{"id":20129,"date":"2025-04-29T10:24:24","date_gmt":"2025-04-29T10:24:24","guid":{"rendered":"https:\/\/www.yuyamobilya.com\/?post_type=product&#038;p=20129"},"modified":"2025-04-29T10:24:25","modified_gmt":"2025-04-29T10:24:25","slug":"brown-diamond-xl-cift-kisilik-yatak","status":"publish","type":"product","link":"https:\/\/www.yuyamobilya.com\/de\/product\/brown-diamond-xl-cift-kisilik-yatak\/","title":{"rendered":"Brown D\u0131amond Xl \u00c7ift Ki\u015filik Yatak"},"content":{"rendered":"<h2 style=\"text-align: center;\"><strong>\u00dcr\u00fcn A\u00e7\u0131klamas\u0131:<\/strong><\/h2>\n<ul>\n<li>\n<p class=\"\" data-start=\"4894\" data-end=\"4987\">\u00c7ift ki\u015filik yatak, sa\u011flam dolgu yap\u0131s\u0131 ve terletmeyen kuma\u015f\u0131 ile uzun s\u00fcreli rahatl\u0131k sunar.<\/p>\n<p class=\"\" data-start=\"4989\" data-end=\"5006\"><strong data-start=\"4989\" data-end=\"5004\">\u00d6zellikler:<\/strong><\/p>\n<ul data-start=\"5007\" data-end=\"5103\">\n<li class=\"\" data-start=\"5007\" data-end=\"5023\">\n<p class=\"\" data-start=\"5009\" data-end=\"5023\">Sa\u011flam dolgu<\/p>\n<\/li>\n<li class=\"\" data-start=\"5024\" data-end=\"5044\">\n<p class=\"\" data-start=\"5026\" data-end=\"5044\">Orta sert destek<\/p>\n<\/li>\n<li class=\"\" data-start=\"5045\" data-end=\"5067\">\n<p class=\"\" data-start=\"5047\" data-end=\"5067\">Hava ge\u00e7iren kuma\u015f<\/p>\n<\/li>\n<li class=\"\" data-start=\"5068\" data-end=\"5083\">\n<p class=\"\" data-start=\"5070\" data-end=\"5083\">Is\u0131 dengesi<\/p>\n<\/li>\n<li class=\"\" data-start=\"5084\" data-end=\"5103\">\n<p class=\"\" data-start=\"5086\" data-end=\"5103\">Konforlu kullan\u0131m<\/p>\n<\/li>\n<\/ul>\n<\/li>\n<\/ul>","protected":false},"excerpt":{"rendered":"<p>\u00dcr\u00fcn A\u00e7\u0131klamas\u0131: \u00c7ift ki\u015filik yatak, sa\u011flam dolgu yap\u0131s\u0131 ve terletmeyen kuma\u015f\u0131 ile uzun s\u00fcreli rahatl\u0131k sunar. \u00d6zellikler: Sa\u011flam dolgu Orta sert destek Hava ge\u00e7iren kuma\u015f Is\u0131 dengesi Konforlu kullan\u0131m<\/p>","protected":false},"featured_media":20185,"comment_status":"open","ping_status":"closed","template":"","meta":[],"product_brand":[],"product_cat":[133],"product_tag":[],"class_list":{"0":"post-20129","1":"product","2":"type-product","3":"status-publish","4":"has-post-thumbnail","6":"product_cat-yataklar","8":"first","9":"instock","10":"sale","11":"shipping-taxable","12":"purchasable","13":"product-type-simple"},"_links":{"self":[{"href":"https:\/\/www.yuyamobilya.com\/de\/wp-json\/wp\/v2\/product\/20129","targetHints":{"allow":["GET"]}}],"collection":[{"href":"https:\/\/www.yuyamobilya.com\/de\/wp-json\/wp\/v2\/product"}],"about":[{"href":"https:\/\/www.yuyamobilya.com\/de\/wp-json\/wp\/v2\/types\/product"}],"replies":[{"embeddable":true,"href":"https:\/\/www.yuyamobilya.com\/de\/wp-json\/wp\/v2\/comments?post=20129"}],"wp:featuredmedia":[{"embeddable":true,"href":"https:\/\/www.yuyamobilya.com\/de\/wp-json\/wp\/v2\/media\/20185"}],"wp:attachment":[{"href":"https:\/\/www.yuyamobilya.com\/de\/wp-json\/wp\/v2\/media?parent=20129"}],"wp:term":[{"taxonomy":"product_brand","embeddable":true,"href":"https:\/\/www.yuyamobilya.com\/de\/wp-json\/wp\/v2\/product_brand?post=20129"},{"taxonomy":"product_cat","embeddable":true,"href":"https:\/\/www.yuyamobilya.com\/de\/wp-json\/wp\/v2\/product_cat?post=20129"},{"taxonomy":"product_tag","embeddable":true,"href":"https:\/\/www.yuyamobilya.com\/de\/wp-json\/wp\/v2\/product_tag?post=20129"}],"curies":[{"name":"wp","href":"https:\/\/api.w.org\/{rel}","templated":true}]}}